{"id":278051,"date":"2022-11-18T16:53:03","date_gmt":"2022-11-18T22:53:03","guid":{"rendered":"https:\/\/www.amyshouston.com\/shop\/uncategorized\/uv-sheer-50\/"},"modified":"2026-01-28T17:52:40","modified_gmt":"2026-01-28T23:52:40","slug":"elementos-uv-aox-tintados-50-spf","status":"publish","type":"product","link":"https:\/\/www.amyshouston.com\/es\/tienda\/elta-md\/elementos-uv-aox-tintados-50-spf\/","title":{"rendered":"UV AOX Elements Tintado 50 SPF"},"content":{"rendered":"<div class=\"custom-field custom-field__custom-attr-4 custom-field__type--text skin-type\">\n<div class=\"custom-field--value\">Tipos de piel - Mixta | Seca | Sensible | Post-Procedimiento<\/div>\n<\/div>\n<div class=\"product-single__description rte\">\n<p>EltaMD UV AOX Elements Broad-Spectrum SPF 50 es un protector solar hidratante enriquecido con antioxidantes minerales puros que ha demostrado ser lo suficientemente suave para la piel sensible, incluso despu\u00e9s de un procedimiento.* Contiene vitamina E, un potente antioxidante, que neutraliza el da\u00f1o de los radicales libres y favorece la reducci\u00f3n visible del fotoenvejecimiento de la piel. El fotoenvejecimiento de la piel se traduce en l\u00edneas finas y arrugas, decoloraci\u00f3n y un cutis \u00e1spero y desigual. \u00c1cido hialur\u00f3nico que ayuda a hidratar y retener la humedad para un aspecto m\u00e1s joven. Bisabolol y extracto de ra\u00edz de jengibre para ayudar a calmar la piel irritada y reducir visiblemente las rojeces.<\/p>\n<p>Los antioxidantes ayudan a combatir los radicales libres que envejecen la piel asociados a la radiaci\u00f3n ultravioleta (UV) e infrarroja (IR) y ofrecen protecci\u00f3n visible de alta energ\u00eda (HEV). Es resistente al agua (40 minutos), lo que la hace adecuada para un uso diario y activo. Formulado para complementar, realzar y embellecer una amplia gama de tonos de piel.<\/p>\n<p>EltaMD UV AOX Elements no contiene colorantes, fragancias, parabenos, es hipoalerg\u00e9nico y no comedog\u00e9nico.\u00a0<em>(peso neto: 48 g)<\/em><\/p>\n<p>Resultados cl\u00ednicamente probados:<\/p>\n<ul>\n<li>Mejore los signos del envejecimiento en s\u00f3lo 4 semanas**<\/li>\n<li>Reduce la opacidad de la piel en 22%**<\/li>\n<li>Tono de piel uniforme por 14%**<\/li>\n<li>Mejora la textura de la piel en 44%, con 96% de sujetos que mostraron mejoras en la textura general**.<\/li>\n<\/ul>\n<p>*Post-procedimiento se refiere a las pruebas post peeling qu\u00edmico<br \/>\n**Estudio de 12 semanas en 31 sujetos<\/p>\n<\/div>\n<div class=\"product-form-container\">\n<div class=\"product-form mfp-link\">\n<div class=\"swatch clearfix option1\" data-option-index=\"0\">\n<div class=\"product-form__item\"><label class=\"header\">Tama\u00f1o:\u00a0<span class=\"slVariant\">1,7 oz Tintado<\/span><\/label><\/div>\n<\/div>\n<\/div>\n<\/div>","protected":false},"excerpt":{"rendered":"<p>Tipos de piel - Mixta | Seca | Sensible | Post-procedimiento EltaMD UV AOX Elements Broad-Spectrum SPF 50 es un protector solar hidratante enriquecido con antioxidantes minerales puros y activos que ha demostrado ser lo suficientemente suave para pieles sensibles, incluso post-procedimiento.* Contiene Vitamina E, un potente antioxidante, que neutraliza el da\u00f1o causado por los radicales libres y favorece la reducci\u00f3n visible de...<\/p>","protected":false},"featured_media":278440,"template":"","meta":[],"product_brand":[],"product_cat":[33],"product_tag":[],"class_list":{"0":"post-278051","1":"product","2":"type-product","3":"status-publish","4":"has-post-thumbnail","6":"product_cat-elta-md","7":"description-off","9":"first","10":"instock","11":"taxable","12":"shipping-taxable","13":"purchasable","14":"product-type-simple"},"_links":{"self":[{"href":"https:\/\/www.amyshouston.com\/es\/wp-json\/wp\/v2\/product\/278051","targetHints":{"allow":["GET"]}}],"collection":[{"href":"https:\/\/www.amyshouston.com\/es\/wp-json\/wp\/v2\/product"}],"about":[{"href":"https:\/\/www.amyshouston.com\/es\/wp-json\/wp\/v2\/types\/product"}],"wp:featuredmedia":[{"embeddable":true,"href":"https:\/\/www.amyshouston.com\/es\/wp-json\/wp\/v2\/media\/278440"}],"wp:attachment":[{"href":"https:\/\/www.amyshouston.com\/es\/wp-json\/wp\/v2\/media?parent=278051"}],"wp:term":[{"taxonomy":"product_brand","embeddable":true,"href":"https:\/\/www.amyshouston.com\/es\/wp-json\/wp\/v2\/product_brand?post=278051"},{"taxonomy":"product_cat","embeddable":true,"href":"https:\/\/www.amyshouston.com\/es\/wp-json\/wp\/v2\/product_cat?post=278051"},{"taxonomy":"product_tag","embeddable":true,"href":"https:\/\/www.amyshouston.com\/es\/wp-json\/wp\/v2\/product_tag?post=278051"}],"curies":[{"name":"wp","href":"https:\/\/api.w.org\/{rel}","templated":true}]}}