{"id":278049,"date":"2022-11-18T16:53:01","date_gmt":"2022-11-18T22:53:01","guid":{"rendered":"https:\/\/www.amyshouston.com\/shop\/uncategorized\/uv-restore-tinted\/"},"modified":"2026-01-28T17:52:12","modified_gmt":"2026-01-28T23:52:12","slug":"uv-restore-clear","status":"publish","type":"product","link":"https:\/\/www.amyshouston.com\/es\/tienda\/elta-md\/uv-restore-clear\/","title":{"rendered":"UV Restore 40 Transparente"},"content":{"rendered":"<div class=\"custom-field custom-field__custom-attr-4 custom-field__type--text skin-type\">\n<div class=\"custom-field--value\">Tipos de piel - Mixta | Seca<\/div>\n<\/div>\n<div class=\"product-single__description rte\">\n<p>EltaMD UV Restore Broad Spectrum SPF 40 es un protector solar f\u00edsico 100% que mejora visiblemente el aspecto de la piel da\u00f1ada por el sol. Esta f\u00f3rmula contiene escualeno que restaura la hidrataci\u00f3n y flexibilidad naturales de la piel. Dermatol\u00f3gicamente testado e hipoalerg\u00e9nico, UV Restore est\u00e1 formulado con extracto de ra\u00edz de jengibre e isomerato de sac\u00e1ridos que ayudan a minimizar el aspecto de las manchas oscuras y a reducir la aparici\u00f3n de l\u00edneas finas y arrugas. Contiene antioxidantes que combaten los radicales libres que envejecen la piel asociados a la radiaci\u00f3n ultravioleta (UV) e infrarroja (IR) y ofrece protecci\u00f3n frente a la luz visible de alta energ\u00eda (HEV).<\/p>\n<p>EltaMD UV Restore est\u00e1 formulado para todo tipo de pieles. No contiene parabenos, fragancias, colorantes, aceites ni ingredientes comedog\u00e9nicos.\u00a0<em>(peso neto: 48 g)<\/em><\/p>\n<\/div>","protected":false},"excerpt":{"rendered":"<p>Tipos de piel - Mixta | Seca EltaMD UV Restore Broad Spectrum SPF 40 es un protector solar f\u00edsico 100% que mejora visiblemente el aspecto de la piel da\u00f1ada por el sol. Esta f\u00f3rmula contiene escualeno que restaura la hidrataci\u00f3n y flexibilidad naturales de la piel. Dermatol\u00f3gicamente testado e hipoalerg\u00e9nico, UV Restore est\u00e1 formulado con extracto de ra\u00edz de jengibre e isomerato de sac\u00e1rido que ayuda...<\/p>","protected":false},"featured_media":278441,"template":"","meta":[],"product_brand":[],"product_cat":[33],"product_tag":[],"class_list":{"0":"post-278049","1":"product","2":"type-product","3":"status-publish","4":"has-post-thumbnail","6":"product_cat-elta-md","7":"description-off","9":"first","10":"instock","11":"taxable","12":"shipping-taxable","13":"purchasable","14":"product-type-simple"},"_links":{"self":[{"href":"https:\/\/www.amyshouston.com\/es\/wp-json\/wp\/v2\/product\/278049","targetHints":{"allow":["GET"]}}],"collection":[{"href":"https:\/\/www.amyshouston.com\/es\/wp-json\/wp\/v2\/product"}],"about":[{"href":"https:\/\/www.amyshouston.com\/es\/wp-json\/wp\/v2\/types\/product"}],"wp:featuredmedia":[{"embeddable":true,"href":"https:\/\/www.amyshouston.com\/es\/wp-json\/wp\/v2\/media\/278441"}],"wp:attachment":[{"href":"https:\/\/www.amyshouston.com\/es\/wp-json\/wp\/v2\/media?parent=278049"}],"wp:term":[{"taxonomy":"product_brand","embeddable":true,"href":"https:\/\/www.amyshouston.com\/es\/wp-json\/wp\/v2\/product_brand?post=278049"},{"taxonomy":"product_cat","embeddable":true,"href":"https:\/\/www.amyshouston.com\/es\/wp-json\/wp\/v2\/product_cat?post=278049"},{"taxonomy":"product_tag","embeddable":true,"href":"https:\/\/www.amyshouston.com\/es\/wp-json\/wp\/v2\/product_tag?post=278049"}],"curies":[{"name":"wp","href":"https:\/\/api.w.org\/{rel}","templated":true}]}}