{"id":2542,"date":"2016-04-13T22:55:28","date_gmt":"2016-04-13T22:55:28","guid":{"rendered":"http:\/\/www.amyshouston.com\/?post_type=product&amp;p=2354"},"modified":"2016-04-13T22:55:28","modified_gmt":"2016-04-13T22:55:28","slug":"nata-sin-azucar","status":"publish","type":"product","link":"https:\/\/www.amyshouston.com\/es\/tienda\/biopelle\/nata-sin-azucar\/","title":{"rendered":"Nata sin az\u00facar"},"content":{"rendered":"<h2><span style=\"font-size: x-large;\">Crema de Noche Triple Acci\u00f3n Antiglicaci\u00f3n<\/span><\/h2>\n<p>Tan lujoso que no creer\u00e1 que su piel sigue una dieta sin az\u00facar. Los az\u00facares que consume pueden provocar da\u00f1os por glicaci\u00f3n en la piel, lo que hace que tenga un aspecto amarillento, cetrino y fl\u00e1cido. Esta crema antiglicaci\u00f3n ultrahidratante proporciona una potente renovaci\u00f3n nocturna. Imprescindible para todos los reg\u00edmenes nocturnos.<\/p>\n<p><b>Nata - Sin az\u00facar<sup><b><span style=\"font-size: small;\">\u00ae<\/span><\/b><\/sup> Ventajas:<br \/>\n<\/b><\/p>\n<ul>\n<li>ayuda a rejuvenecer el ADN da\u00f1ado<\/li>\n<li>antiglicaci\u00f3n<\/li>\n<li>hidrata la piel en profundidad<\/li>\n<\/ul>","protected":false},"excerpt":{"rendered":"<p>Crema de Noche Triple Acci\u00f3n Anti-Glicaci\u00f3n Tan lujosa que no creer\u00e1 que su piel sigue una dieta sin az\u00facar. Los az\u00facares que consume pueden provocar da\u00f1os por glicaci\u00f3n en la piel, lo que hace que tenga un aspecto amarillento, cetrino y fl\u00e1cido. Esta crema antiglicaci\u00f3n ultrahidratante proporciona una potente renovaci\u00f3n nocturna. Imprescindible para todos los reg\u00edmenes de noche. Crema Sin Az\u00facar\u00ae Beneficios: ayuda a rejuvenecer...<\/p>","protected":false},"featured_media":2355,"template":"","meta":[],"product_brand":[],"product_cat":[36],"product_tag":[],"class_list":{"0":"post-2542","1":"product","2":"type-product","3":"status-publish","4":"has-post-thumbnail","6":"product_cat-biopelle","7":"description-off","9":"first","10":"instock","11":"taxable","12":"shipping-taxable","13":"purchasable","14":"product-type-simple"},"_links":{"self":[{"href":"https:\/\/www.amyshouston.com\/es\/wp-json\/wp\/v2\/product\/2542","targetHints":{"allow":["GET"]}}],"collection":[{"href":"https:\/\/www.amyshouston.com\/es\/wp-json\/wp\/v2\/product"}],"about":[{"href":"https:\/\/www.amyshouston.com\/es\/wp-json\/wp\/v2\/types\/product"}],"wp:featuredmedia":[{"embeddable":true,"href":"https:\/\/www.amyshouston.com\/es\/wp-json\/wp\/v2\/media\/2355"}],"wp:attachment":[{"href":"https:\/\/www.amyshouston.com\/es\/wp-json\/wp\/v2\/media?parent=2542"}],"wp:term":[{"taxonomy":"product_brand","embeddable":true,"href":"https:\/\/www.amyshouston.com\/es\/wp-json\/wp\/v2\/product_brand?post=2542"},{"taxonomy":"product_cat","embeddable":true,"href":"https:\/\/www.amyshouston.com\/es\/wp-json\/wp\/v2\/product_cat?post=2542"},{"taxonomy":"product_tag","embeddable":true,"href":"https:\/\/www.amyshouston.com\/es\/wp-json\/wp\/v2\/product_tag?post=2542"}],"curies":[{"name":"wp","href":"https:\/\/api.w.org\/{rel}","templated":true}]}}