{"id":2541,"date":"2016-04-13T22:37:03","date_gmt":"2016-04-13T22:37:03","guid":{"rendered":"http:\/\/www.amyshouston.com\/?post_type=product&amp;p=2352"},"modified":"2016-04-13T22:37:03","modified_gmt":"2016-04-13T22:37:03","slug":"2352","status":"publish","type":"product","link":"https:\/\/www.amyshouston.com\/es\/tienda\/biopelle\/2352\/","title":{"rendered":"Suero Intensivo Tensage 40"},"content":{"rendered":"<p><b>Tensage<sup><span style=\"font-size: small;\">\u00ae<\/span><\/sup> Serum Intensivo 40 Beneficios:<br \/>\n<\/b><\/p>\n<ul>\n<li>Ayuda a reparar los da\u00f1os cut\u00e1neos causados por el humo y las toxinas ambientales<\/li>\n<li>Ayuda a la piel a recuperarse de los efectos del sol<\/li>\n<li>Ayuda a cicatrizar la piel despu\u00e9s de tratamientos l\u00e1ser y est\u00e9ticos<\/li>\n<\/ul>\n<p><strong>Pida a su profesional del cuidado de la piel que le recomiende la concentraci\u00f3n perfecta para usted.<\/strong><\/p>\n<p><strong>Tama\u00f1o:<\/strong> Ampollas 10-1 ml<br \/>\n<strong>Precio recomendado:<\/strong> $125.00<br \/>\n<strong>Ingredientes clave:<\/strong> SCA 40<\/p>\n<p><strong>Modo de empleo:<\/strong> Limpie a fondo la piel. Secar con golpecitos. Mantener la tensi\u00f3n<sup><span style=\"font-size: small;\">\u00ae<\/span><\/sup> Ampolla de suero intensivo en posici\u00f3n vertical con el manguito en la parte inferior.  Apretar suavemente el manguito entre el pulgar y el \u00edndice. Retire el manguito y vuelva a colocarlo en la ampolla con el bastoncillo al descubierto. Apriete suavemente para que comience a fluir el suero. Con ligeros movimientos de barrido, aplique una capa uniforme sobre el rostro y el cuello. Es normal sentir un ligero cosquilleo durante la aplicaci\u00f3n. En caso de irritaci\u00f3n o enrojecimiento, interrumpa su uso, al menos temporalmente. Uso de un tensor<sup><span style=\"font-size: small;\">\u00ae<\/span><\/sup> Se recomienda la aplicaci\u00f3n de crema a continuaci\u00f3n.<\/p>\n<p>La aplicaci\u00f3n mensual est\u00e1ndar es una ampolla diaria durante una semana, seguida de una ampolla semanal durante 3 semanas, o seg\u00fan las indicaciones de su profesional del cuidado de la piel.<\/p>","protected":false},"excerpt":{"rendered":"<p>Tensage<sup><span style=\"font-size: small;\">\u00ae<\/span><\/sup> Las ampollas de suero intensivo son perfectas para quienes sufren da\u00f1os solares de leves a moderados y desean obtener los resultados definitivos para promover la salud de la piel.<\/p>","protected":false},"featured_media":2353,"template":"","meta":[],"product_brand":[],"product_cat":[36],"product_tag":[],"class_list":{"0":"post-2541","1":"product","2":"type-product","3":"status-publish","4":"has-post-thumbnail","6":"product_cat-biopelle","7":"description-off","9":"first","10":"instock","11":"taxable","12":"shipping-taxable","13":"purchasable","14":"product-type-simple"},"_links":{"self":[{"href":"https:\/\/www.amyshouston.com\/es\/wp-json\/wp\/v2\/product\/2541","targetHints":{"allow":["GET"]}}],"collection":[{"href":"https:\/\/www.amyshouston.com\/es\/wp-json\/wp\/v2\/product"}],"about":[{"href":"https:\/\/www.amyshouston.com\/es\/wp-json\/wp\/v2\/types\/product"}],"wp:featuredmedia":[{"embeddable":true,"href":"https:\/\/www.amyshouston.com\/es\/wp-json\/wp\/v2\/media\/2353"}],"wp:attachment":[{"href":"https:\/\/www.amyshouston.com\/es\/wp-json\/wp\/v2\/media?parent=2541"}],"wp:term":[{"taxonomy":"product_brand","embeddable":true,"href":"https:\/\/www.amyshouston.com\/es\/wp-json\/wp\/v2\/product_brand?post=2541"},{"taxonomy":"product_cat","embeddable":true,"href":"https:\/\/www.amyshouston.com\/es\/wp-json\/wp\/v2\/product_cat?post=2541"},{"taxonomy":"product_tag","embeddable":true,"href":"https:\/\/www.amyshouston.com\/es\/wp-json\/wp\/v2\/product_tag?post=2541"}],"curies":[{"name":"wp","href":"https:\/\/api.w.org\/{rel}","templated":true}]}}