{"id":2540,"date":"2016-04-13T22:28:15","date_gmt":"2016-04-14T03:28:15","guid":{"rendered":"http:\/\/www.amyshouston.com\/?post_type=product&#038;p=2350"},"modified":"2022-11-18T17:18:09","modified_gmt":"2022-11-18T23:18:09","slug":"tensage-radiance-eye-cream-tinted","status":"publish","type":"product","link":"https:\/\/www.amyshouston.com\/es\/tienda\/biopelle\/tensage-radiance-eye-cream-tinted\/","title":{"rendered":"Tensage Crema Contorno de Ojos Luminosidad Tono"},"content":{"rendered":"<p>Esta f\u00f3rmula ayuda a reafirmar y tensar la delicada zona que rodea los ojos, al tiempo que ilumina e hidrata.  Un ligero tinte ayuda a igualar el tono de la piel alrededor de los ojos. \u00bfEl resultado? Unos ojos frescos, luminosos y bonitos.<\/p>\n<p><b>Tensage<sup><b><span style=\"font-size: small;\">\u00ae<\/span><\/b><\/sup> Beneficios de Radiance Eye Cream:<\/b><\/p>\n<ul>\n<li>con color para unificar el tono de la piel<\/li>\n<li>contiene propiedades antioxidantes y factores de crecimiento<\/li>\n<li>ayuda a conseguir un efecto reafirmante y tensor<\/li>\n<li>ayuda a hidratar continuamente el contorno de los ojos<\/li>\n<\/ul>\n<p><strong>Tama\u00f1o:<\/strong> 0,52 oz<br \/>\n<strong>Precio recomendado:<\/strong> $80.00<br \/>\n<strong>Ingredientes clave:<\/strong> SCA 10<\/p>\n<p><strong>Modo de empleo:<\/strong> Limpie a fondo la piel. Secar con palmaditas. Aplicar Tensage<sup><span style=\"font-size: small;\">\u00ae<\/span><\/sup> Radiance Eye Cream en la zona que rodea el ojo (una o dos veces al d\u00eda) o seg\u00fan las indicaciones de su m\u00e9dico.<\/p>","protected":false},"excerpt":{"rendered":"<p>\u00bfUna crema para el contorno de ojos con tecnolog\u00eda SCA de nivel 10? \u00a1Eso s\u00ed que es un gui\u00f1o!<\/p>","protected":false},"featured_media":2351,"template":"","meta":[],"product_brand":[],"product_cat":[36],"product_tag":[],"class_list":{"0":"post-2540","1":"product","2":"type-product","3":"status-publish","4":"has-post-thumbnail","6":"product_cat-biopelle","7":"description-off","9":"first","10":"instock","11":"taxable","12":"shipping-taxable","13":"purchasable","14":"product-type-simple"},"_links":{"self":[{"href":"https:\/\/www.amyshouston.com\/es\/wp-json\/wp\/v2\/product\/2540","targetHints":{"allow":["GET"]}}],"collection":[{"href":"https:\/\/www.amyshouston.com\/es\/wp-json\/wp\/v2\/product"}],"about":[{"href":"https:\/\/www.amyshouston.com\/es\/wp-json\/wp\/v2\/types\/product"}],"wp:featuredmedia":[{"embeddable":true,"href":"https:\/\/www.amyshouston.com\/es\/wp-json\/wp\/v2\/media\/2351"}],"wp:attachment":[{"href":"https:\/\/www.amyshouston.com\/es\/wp-json\/wp\/v2\/media?parent=2540"}],"wp:term":[{"taxonomy":"product_brand","embeddable":true,"href":"https:\/\/www.amyshouston.com\/es\/wp-json\/wp\/v2\/product_brand?post=2540"},{"taxonomy":"product_cat","embeddable":true,"href":"https:\/\/www.amyshouston.com\/es\/wp-json\/wp\/v2\/product_cat?post=2540"},{"taxonomy":"product_tag","embeddable":true,"href":"https:\/\/www.amyshouston.com\/es\/wp-json\/wp\/v2\/product_tag?post=2540"}],"curies":[{"name":"wp","href":"https:\/\/api.w.org\/{rel}","templated":true}]}}