{"id":2538,"date":"2016-04-13T22:24:42","date_gmt":"2016-04-14T03:24:42","guid":{"rendered":"http:\/\/www.amyshouston.com\/?post_type=product&#038;p=2346"},"modified":"2018-07-14T19:02:30","modified_gmt":"2018-07-15T00:02:30","slug":"tensage-serum-diario-sca-15","status":"publish","type":"product","link":"https:\/\/www.amyshouston.com\/es\/tienda\/biopelle\/tensage-serum-diario-sca-15\/","title":{"rendered":"Tensage Suero Diario SCA 15"},"content":{"rendered":"<p>\u00bfQuieres resultados intensos todos los d\u00edas? \u00a1Ya lo tienes! Bienvenido a un alto nivel de tecnolog\u00eda SCA, con Tensage<sup><span style=\"font-size: small;\">\u00ae <\/span><\/sup>\u00a0Suero SCA 15 Biorepair Index. Este elegante suero sin aceite proporciona el nivel m\u00e1s alto de factor de crecimiento natural SCA disponible en un producto de uso diario. Se han a\u00f1adido antioxidantes, humectantes y agentes iluminadores para obtener resultados adicionales en el rejuvenecimiento de la piel. C\u00f3mo hacer Tensage<sup><span style=\"font-size: small;\">\u00ae<\/span><\/sup>\u00a0Suero SCA 15 Biorepair \u00cdndice parte de su r\u00e9gimen regular de cuidado de la piel le ayudar\u00e1 a promover la salud de la piel. Tensage<sup><span style=\"font-size: small;\">\u00ae <\/span><\/sup>El s\u00e9rum es perfecto si desea mejorar el aspecto de los da\u00f1os solares de leves a moderados.<\/p>\n<p><b>Tensage<sup><b><span style=\"font-size: small;\">\u00ae<\/span><\/b><\/sup> Beneficios del Serum SCA 15 Biorepair:<br \/>\n<\/b><\/p>\n<ul>\n<li>ayudan a mejorar los signos visibles del envejecimiento<\/li>\n<li>ayuda a restaurar la elasticidad, el tono y la textura de la piel<\/li>\n<li>ayuda a aumentar el brillo y la luminosidad de la piel<\/li>\n<li>ayuda a proteger la piel contra los radicales libres que pueden causar m\u00e1s da\u00f1os<\/li>\n<\/ul>\n<p><strong>Modo de empleo:<\/strong> Limpie a fondo la piel. Secar con palmaditas. Aplicar Tensage<sup><span style=\"font-size: small;\">\u00ae<\/span><\/sup> Aplicar suero sobre la zona afectada. De 1 a 3 pulsaciones deber\u00edan ser suficientes, dependiendo del tama\u00f1o de la zona afectada. Deje que la piel absorba el suero. Aplicar una o dos veces al d\u00eda o seg\u00fan las indicaciones de su m\u00e9dico.<\/p>","protected":false},"excerpt":{"rendered":"<p>\u00bfQuieres resultados intensos todos los d\u00edas? \u00a1Ya lo tienes! Bienvenido a un alto nivel de tecnolog\u00eda SCA, con Tensage<sup><span style=\"font-size: small;\">\u00ae <\/span><\/sup>\u00a0Suero SCA 15 Biorepair Index. Este elegante suero sin aceite proporciona el nivel m\u00e1s alto de factor de crecimiento natural SCA disponible en un producto de uso diario. Se han a\u00f1adido antioxidantes, humectantes y agentes iluminadores para obtener resultados adicionales en el rejuvenecimiento de la piel. C\u00f3mo hacer Tensage<sup><span style=\"font-size: small;\">\u00ae<\/span><\/sup>\u00a0Suero SCA 15 Biorepair \u00cdndice parte de su r\u00e9gimen regular de cuidado de la piel le ayudar\u00e1 a promover la salud de la piel. Tensage<sup><span style=\"font-size: small;\">\u00ae <\/span><\/sup>El s\u00e9rum es perfecto si desea mejorar el aspecto de los da\u00f1os solares de leves a moderados.<\/p>","protected":false},"featured_media":2347,"template":"","meta":[],"product_brand":[],"product_cat":[36],"product_tag":[],"class_list":{"0":"post-2538","1":"product","2":"type-product","3":"status-publish","4":"has-post-thumbnail","6":"product_cat-biopelle","7":"description-off","9":"first","10":"instock","11":"taxable","12":"shipping-taxable","13":"purchasable","14":"product-type-simple"},"_links":{"self":[{"href":"https:\/\/www.amyshouston.com\/es\/wp-json\/wp\/v2\/product\/2538","targetHints":{"allow":["GET"]}}],"collection":[{"href":"https:\/\/www.amyshouston.com\/es\/wp-json\/wp\/v2\/product"}],"about":[{"href":"https:\/\/www.amyshouston.com\/es\/wp-json\/wp\/v2\/types\/product"}],"wp:featuredmedia":[{"embeddable":true,"href":"https:\/\/www.amyshouston.com\/es\/wp-json\/wp\/v2\/media\/2347"}],"wp:attachment":[{"href":"https:\/\/www.amyshouston.com\/es\/wp-json\/wp\/v2\/media?parent=2538"}],"wp:term":[{"taxonomy":"product_brand","embeddable":true,"href":"https:\/\/www.amyshouston.com\/es\/wp-json\/wp\/v2\/product_brand?post=2538"},{"taxonomy":"product_cat","embeddable":true,"href":"https:\/\/www.amyshouston.com\/es\/wp-json\/wp\/v2\/product_cat?post=2538"},{"taxonomy":"product_tag","embeddable":true,"href":"https:\/\/www.amyshouston.com\/es\/wp-json\/wp\/v2\/product_tag?post=2538"}],"curies":[{"name":"wp","href":"https:\/\/api.w.org\/{rel}","templated":true}]}}