{"id":2528,"date":"2016-04-13T21:02:53","date_gmt":"2016-04-13T21:02:53","guid":{"rendered":"http:\/\/www.amyshouston.com\/?post_type=product&#038;p=2318"},"modified":"2025-06-22T17:00:18","modified_gmt":"2025-06-22T22:00:18","slug":"limpiador-de-calabaza","status":"publish","type":"product","link":"https:\/\/www.amyshouston.com\/es\/tienda\/rhonda-allison\/limpiador-de-calabaza\/","title":{"rendered":"Limpiador L\u00e1ctico Calabaza 120ml"},"content":{"rendered":"<p>La calabaza tiene un alto contenido en vitamina A y betacaroteno, dos potentes ingredientes antioxidantes. Combinado con reductores naturales de l\u00edpidos superficiales y aceites esenciales, este limpiador diario natural multiuso no s\u00f3lo proporciona un maravilloso aroma a especias de calabaza, sino que es lo suficientemente suave para la piel ultra sensible a la vez que proporciona una limpieza profunda de los poros.  Ideal para pieles normales a grasas; puede mezclarse con la Espuma Limpiadora con P\u00e9ptidos para obtener una limpieza cremosa y deliciosa.<\/p>\n<h3>Tipo de piel<\/h3>\n<p>Seco a Normal, Mixto - Fotoenvejecido, Deshidratado<\/p>\n<h3>Uso recomendado<\/h3>\n<p>Vierta una peque\u00f1a cantidad de Pumpkin Cleanser en las manos y humedezca las yemas de los dedos. Aplicar el limpiador sobre la piel y masajear durante varios minutos para aflojar los residuos superficiales. Aclarar bien con agua tibia y una gasa suave. Puede ser necesario un segundo aclarado. A continuaci\u00f3n, aplicar Pumpkin Rinse. Los productos AHA pueden causar sensibilidad al sol - utilizar protecci\u00f3n solar (SPF30). PRECAUCI\u00d3N: NO RECOMENDADO para personas sensibles a los AHA.<\/p>\n<p>Al proporcionar la misma f\u00f3rmula excelente con un tensioactivo suave y natural, Pumpkin Cleanser<\/p>\n<ul>\n<li>reduce las posibles irritaciones y la sequedad - ideal para la mayor\u00eda de los tipos de piel.<\/li>\n<li>proporciona una consistencia m\u00e1s cremosa y una acci\u00f3n espumante m\u00e1s rica.<\/li>\n<li>ofrece m\u00e1s acondicionamiento con la misma gran acci\u00f3n exfoliante.<\/li>\n<li>permite una mejor penetraci\u00f3n en la piel.<\/li>\n<li>mejora la acci\u00f3n deslizante para un efecto m\u00e1ximo durante la limpieza en seco.<strong>\u00a0<\/strong><\/li>\n<\/ul>\n<p><strong>Para m\u00e1s informaci\u00f3n sobre el limpiador de calabaza de Rhonda Allison, haga clic aqu\u00ed<\/strong><\/p>\n<h3>Ingredientes<\/h3>\n<p class=\"p1\">Aqua (Agua), Glicerina, Cocamidopropil Beta\u00edna, Cocoamfoacetato de Sodio, Lauril Gluc\u00f3sido, Distearato de Glicol, Coco-Gluc\u00f3sido, Oleato de Glicerilo, Copol\u00edmero de Acrilatos, Cocoyl Glutamato de Sodio, Lauril Glucosa Carboxilato de Sodio, Cocamidopropil Hidroxisultaina, \u00c1cido L\u00e1ctico (L), Beta-Caroteno (D), Aceite de semilla de Cucurbita Pepo (calabaza), aceite de ra\u00edz de Zingiber Officinale (jengibre), aceite de hoja de Eugenia Caryophyllus (clavo), aceite de hoja de Cinnamomum Cassia, aceite de semilla de Limnanthes Alba (espuma de los prados), agua de Hamamelis Virginiana (hamamelis), alcohol, alcohol benc\u00edlico, fenoxietanol, etilhexilglicerina, hidr\u00f3xido de sodio.<\/p>","protected":false},"excerpt":{"rendered":"<h3>Descripci\u00f3n<\/h3>\n<p>La calabaza tiene un alto contenido en vitamina A y betacaroteno, dos potentes ingredientes antioxidantes. Combinado con reductores naturales de l\u00edpidos superficiales y aceites esenciales, este limpiador diario natural multiuso no s\u00f3lo proporciona un maravilloso aroma a especias de calabaza, sino que es lo suficientemente suave para la piel ultra sensible a la vez que proporciona una limpieza profunda de los poros.  Ideal para pieles normales a grasas; puede mezclarse con la Espuma Limpiadora con P\u00e9ptidos para obtener una limpieza cremosa y deliciosa.<\/p>","protected":false},"featured_media":278406,"template":"","meta":[],"product_brand":[],"product_cat":[31],"product_tag":[],"class_list":{"0":"post-2528","1":"product","2":"type-product","3":"status-publish","4":"has-post-thumbnail","6":"product_cat-rhonda-allison","7":"description-off","9":"first","10":"instock","11":"taxable","12":"shipping-taxable","13":"purchasable","14":"product-type-simple"},"_links":{"self":[{"href":"https:\/\/www.amyshouston.com\/es\/wp-json\/wp\/v2\/product\/2528","targetHints":{"allow":["GET"]}}],"collection":[{"href":"https:\/\/www.amyshouston.com\/es\/wp-json\/wp\/v2\/product"}],"about":[{"href":"https:\/\/www.amyshouston.com\/es\/wp-json\/wp\/v2\/types\/product"}],"wp:featuredmedia":[{"embeddable":true,"href":"https:\/\/www.amyshouston.com\/es\/wp-json\/wp\/v2\/media\/278406"}],"wp:attachment":[{"href":"https:\/\/www.amyshouston.com\/es\/wp-json\/wp\/v2\/media?parent=2528"}],"wp:term":[{"taxonomy":"product_brand","embeddable":true,"href":"https:\/\/www.amyshouston.com\/es\/wp-json\/wp\/v2\/product_brand?post=2528"},{"taxonomy":"product_cat","embeddable":true,"href":"https:\/\/www.amyshouston.com\/es\/wp-json\/wp\/v2\/product_cat?post=2528"},{"taxonomy":"product_tag","embeddable":true,"href":"https:\/\/www.amyshouston.com\/es\/wp-json\/wp\/v2\/product_tag?post=2528"}],"curies":[{"name":"wp","href":"https:\/\/api.w.org\/{rel}","templated":true}]}}