{"id":2527,"date":"2016-04-13T20:39:23","date_gmt":"2016-04-14T01:39:23","guid":{"rendered":"http:\/\/www.amyshouston.com\/?post_type=product&#038;p=2315"},"modified":"2021-10-02T22:24:40","modified_gmt":"2021-10-03T03:24:40","slug":"edicion-especial-skin-elixier","status":"publish","type":"product","link":"https:\/\/www.amyshouston.com\/es\/tienda\/christine-schrammek\/edicion-especial-skin-elixier\/","title":{"rendered":"Skin Elixier (Edici\u00f3n especial)"},"content":{"rendered":"<p>El superventas Skin Elixier es un fluido de belleza perfectamente armonizado con propiedades cuidadoras y regeneradoras que proporciona a las pieles secas y exigentes un aspecto m\u00e1s fresco. Combate tanto las l\u00edneas de expresi\u00f3n provocadas por la sequedad como la piel cansada y protege contra los radicales libres. El fluido es rico en g\u00e9rmenes de trigo y aceites bot\u00e1nicos, dej\u00e1ndola suave y flexible. Un fluido de cuidado \u00fanico para una nueva vitalidad. Sin parabenos ni aceites minerales.<\/p>\n<p>30 ml, 50 ml<\/p>\n<p><strong>Consejo de belleza:<\/strong> Ideal como cuidado de la piel 24 horas y como base de maquillaje.<\/p>\n<p><strong>Ingredientes eficaces: <\/strong><\/p>\n<p>Aceite de cardo y germen de trigo: con una elevada proporci\u00f3n de \u00e1cidos grasos esenciales, film\u00f3geno y suavizante<br \/>\nCoenzima Q10: proveedor de energ\u00eda y eliminador de radicales<br \/>\nLiposomas ACE: vitaminas hidrosolubles y liposolubles encapsuladas con gran efecto antioxidante<br \/>\nTintura de Gingko: activadora, regeneradora<\/p>","protected":false},"excerpt":{"rendered":"<p>El superventas Skin Elixier es un fluido de belleza perfectamente armonizado con propiedades cuidadoras y regeneradoras que proporciona a las pieles secas y exigentes un aspecto m\u00e1s fresco. Combate tanto las l\u00edneas de expresi\u00f3n provocadas por la sequedad como la piel cansada y protege contra los radicales libres. El fluido es rico en g\u00e9rmenes de trigo y aceites bot\u00e1nicos, dej\u00e1ndola suave y flexible. Un fluido de cuidado \u00fanico para una nueva vitalidad. Sin parabenos ni aceites minerales.<\/p>","protected":false},"featured_media":2316,"template":"","meta":[],"product_brand":[],"product_cat":[35],"product_tag":[],"class_list":{"0":"post-2527","1":"product","2":"type-product","3":"status-publish","4":"has-post-thumbnail","6":"product_cat-christine-schrammek","7":"description-off","9":"first","10":"instock","11":"taxable","12":"shipping-taxable","13":"purchasable","14":"product-type-simple"},"_links":{"self":[{"href":"https:\/\/www.amyshouston.com\/es\/wp-json\/wp\/v2\/product\/2527","targetHints":{"allow":["GET"]}}],"collection":[{"href":"https:\/\/www.amyshouston.com\/es\/wp-json\/wp\/v2\/product"}],"about":[{"href":"https:\/\/www.amyshouston.com\/es\/wp-json\/wp\/v2\/types\/product"}],"wp:featuredmedia":[{"embeddable":true,"href":"https:\/\/www.amyshouston.com\/es\/wp-json\/wp\/v2\/media\/2316"}],"wp:attachment":[{"href":"https:\/\/www.amyshouston.com\/es\/wp-json\/wp\/v2\/media?parent=2527"}],"wp:term":[{"taxonomy":"product_brand","embeddable":true,"href":"https:\/\/www.amyshouston.com\/es\/wp-json\/wp\/v2\/product_brand?post=2527"},{"taxonomy":"product_cat","embeddable":true,"href":"https:\/\/www.amyshouston.com\/es\/wp-json\/wp\/v2\/product_cat?post=2527"},{"taxonomy":"product_tag","embeddable":true,"href":"https:\/\/www.amyshouston.com\/es\/wp-json\/wp\/v2\/product_tag?post=2527"}],"curies":[{"name":"wp","href":"https:\/\/api.w.org\/{rel}","templated":true}]}}