{"id":2522,"date":"2016-04-12T21:06:47","date_gmt":"2016-04-12T21:06:47","guid":{"rendered":"http:\/\/www.amyshouston.com\/?post_type=product&amp;p=2239"},"modified":"2016-04-12T21:06:47","modified_gmt":"2016-04-12T21:06:47","slug":"formula-oxigenada-para-pieles-grasas","status":"publish","type":"product","link":"https:\/\/www.amyshouston.com\/es\/tienda\/biodroga\/formula-oxigenada-para-pieles-grasas\/","title":{"rendered":"F\u00f3rmula Oxygen para pieles grasas"},"content":{"rendered":"<p>Una formulaci\u00f3n actualizada con BIOACTIVE NUTRI COMPLEX compuesto por Revitalin\u00ae, el mismo ingrediente clave de la f\u00f3rmula original que potencia el intercambio de ox\u00edgeno en las c\u00e9lulas, y Biopeptides, que ayudan a estimular la producci\u00f3n de nuevo col\u00e1geno y a fortalecer la piel. Mejora el metabolismo del ox\u00edgeno de la piel, al tiempo que equilibra la zona T grasa. Permite que la piel utilice el ox\u00edgeno proporcionado por los mecanismos de transporte del organismo de forma m\u00e1s eficaz y optimiza y activa el metabolismo cut\u00e1neo. Protege la piel de las influencias externas da\u00f1inas y le proporciona un aspecto m\u00e1s fresco y sonrosado. Ligera, para pieles con falta de ox\u00edgeno, grasas y mixtas. Adecuado para usar bajo el maquillaje. Sin parabenos.<\/p>\n<p>Muy recomendable para cualquier persona con piel visiblemente p\u00e1lida y cansada. Cualquier persona con un estilo de vida estresante que no pase mucho tiempo al aire libre se beneficiar\u00eda de la F\u00f3rmula Ox\u00edgeno. Los fumadores y los bebedores tambi\u00e9n pueden notar una gran diferencia en su piel con esta l\u00ednea.<\/p>","protected":false},"excerpt":{"rendered":"<p>Una formulaci\u00f3n actualizada con BIOACTIVE NUTRI COMPLEX compuesto por Revitalin\u00ae, el mismo ingrediente clave de la f\u00f3rmula original que potencia el intercambio de ox\u00edgeno en las c\u00e9lulas, y Biopeptides, que ayudan a estimular la producci\u00f3n de nuevo col\u00e1geno y a fortalecer la piel. Mejora el metabolismo del ox\u00edgeno de la piel, al tiempo que equilibra la zona T grasa. Permite a la piel utilizar el ox\u00edgeno proporcionado por...<\/p>","protected":false},"featured_media":2240,"template":"","meta":[],"product_brand":[],"product_cat":[30],"product_tag":[],"class_list":{"0":"post-2522","1":"product","2":"type-product","3":"status-publish","4":"has-post-thumbnail","6":"product_cat-biodroga","7":"description-off","9":"first","10":"instock","11":"taxable","12":"shipping-taxable","13":"purchasable","14":"product-type-simple"},"_links":{"self":[{"href":"https:\/\/www.amyshouston.com\/es\/wp-json\/wp\/v2\/product\/2522","targetHints":{"allow":["GET"]}}],"collection":[{"href":"https:\/\/www.amyshouston.com\/es\/wp-json\/wp\/v2\/product"}],"about":[{"href":"https:\/\/www.amyshouston.com\/es\/wp-json\/wp\/v2\/types\/product"}],"wp:featuredmedia":[{"embeddable":true,"href":"https:\/\/www.amyshouston.com\/es\/wp-json\/wp\/v2\/media\/2240"}],"wp:attachment":[{"href":"https:\/\/www.amyshouston.com\/es\/wp-json\/wp\/v2\/media?parent=2522"}],"wp:term":[{"taxonomy":"product_brand","embeddable":true,"href":"https:\/\/www.amyshouston.com\/es\/wp-json\/wp\/v2\/product_brand?post=2522"},{"taxonomy":"product_cat","embeddable":true,"href":"https:\/\/www.amyshouston.com\/es\/wp-json\/wp\/v2\/product_cat?post=2522"},{"taxonomy":"product_tag","embeddable":true,"href":"https:\/\/www.amyshouston.com\/es\/wp-json\/wp\/v2\/product_tag?post=2522"}],"curies":[{"name":"wp","href":"https:\/\/api.w.org\/{rel}","templated":true}]}}