{"id":2521,"date":"2016-04-12T21:03:12","date_gmt":"2016-04-13T02:03:12","guid":{"rendered":"http:\/\/www.amyshouston.com\/?post_type=product&#038;p=2237"},"modified":"2021-10-02T22:23:33","modified_gmt":"2021-10-03T03:23:33","slug":"oxigeno-formula-cuidado-de-los-ojos","status":"publish","type":"product","link":"https:\/\/www.amyshouston.com\/es\/tienda\/biodroga\/oxigeno-formula-cuidado-de-los-ojos\/","title":{"rendered":"Oxygen Formula Cuidado de los ojos"},"content":{"rendered":"<p>Un contorno de ojos enriquecido que mejora el metabolismo del ox\u00edgeno en la piel, permitiendo que la piel utilice el ox\u00edgeno proporcionado por los mecanismos de transporte del cuerpo de forma m\u00e1s eficiente. Una formulaci\u00f3n actualizada con BIOACTIVE NUTRI COMPLEX compuesto por Revitalin\u00ae, el mismo ingrediente clave de la f\u00f3rmula original que potencia el intercambio de ox\u00edgeno en las c\u00e9lulas, y Biopeptides, que ayudan a estimular la producci\u00f3n de nuevo col\u00e1geno y a fortalecer la piel. Mejora el contenido lip\u00eddico, optimiza y activa el metabolismo cut\u00e1neo y alisa las l\u00edneas de expresi\u00f3n causadas por la sequedad. Proporciona una protecci\u00f3n intensiva a la piel y le confiere un aspecto m\u00e1s fresco. Para pieles con falta de ox\u00edgeno. Sin parabenos.<\/p>\n<p>Muy recomendable para cualquier persona con piel visiblemente p\u00e1lida y cansada. Cualquier persona con un estilo de vida estresante que no pase mucho tiempo al aire libre se beneficiar\u00eda de la F\u00f3rmula Ox\u00edgeno. Los fumadores y los bebedores tambi\u00e9n pueden notar una gran diferencia en su piel con esta l\u00ednea.<\/p>","protected":false},"excerpt":{"rendered":"<p>Un contorno de ojos enriquecido que mejora el metabolismo del ox\u00edgeno en la piel, permitiendo que la piel utilice el ox\u00edgeno proporcionado por los mecanismos de transporte del cuerpo de forma m\u00e1s eficiente. Una formulaci\u00f3n actualizada con BIOACTIVE NUTRI COMPLEX compuesto por Revitalin\u00ae, el mismo ingrediente clave de la f\u00f3rmula original que potencia el intercambio de ox\u00edgeno en las c\u00e9lulas, y Biopeptides, que ayudan a estimular el nuevo col\u00e1geno....<\/p>","protected":false},"featured_media":2238,"template":"","meta":[],"product_brand":[],"product_cat":[30],"product_tag":[],"class_list":{"0":"post-2521","1":"product","2":"type-product","3":"status-publish","4":"has-post-thumbnail","6":"product_cat-biodroga","7":"description-off","9":"first","10":"instock","11":"taxable","12":"shipping-taxable","13":"purchasable","14":"product-type-simple"},"_links":{"self":[{"href":"https:\/\/www.amyshouston.com\/es\/wp-json\/wp\/v2\/product\/2521","targetHints":{"allow":["GET"]}}],"collection":[{"href":"https:\/\/www.amyshouston.com\/es\/wp-json\/wp\/v2\/product"}],"about":[{"href":"https:\/\/www.amyshouston.com\/es\/wp-json\/wp\/v2\/types\/product"}],"wp:featuredmedia":[{"embeddable":true,"href":"https:\/\/www.amyshouston.com\/es\/wp-json\/wp\/v2\/media\/2238"}],"wp:attachment":[{"href":"https:\/\/www.amyshouston.com\/es\/wp-json\/wp\/v2\/media?parent=2521"}],"wp:term":[{"taxonomy":"product_brand","embeddable":true,"href":"https:\/\/www.amyshouston.com\/es\/wp-json\/wp\/v2\/product_brand?post=2521"},{"taxonomy":"product_cat","embeddable":true,"href":"https:\/\/www.amyshouston.com\/es\/wp-json\/wp\/v2\/product_cat?post=2521"},{"taxonomy":"product_tag","embeddable":true,"href":"https:\/\/www.amyshouston.com\/es\/wp-json\/wp\/v2\/product_tag?post=2521"}],"curies":[{"name":"wp","href":"https:\/\/api.w.org\/{rel}","templated":true}]}}