{"id":2520,"date":"2016-04-12T21:01:34","date_gmt":"2016-04-13T02:01:34","guid":{"rendered":"http:\/\/www.amyshouston.com\/?post_type=product&#038;p=2235"},"modified":"2025-06-22T17:06:46","modified_gmt":"2025-06-22T22:06:46","slug":"factor-de-crecimiento-gel-2","status":"publish","type":"product","link":"https:\/\/www.amyshouston.com\/es\/tienda\/rhonda-allison\/factor-de-crecimiento-gel-2\/","title":{"rendered":"Gel de factor de crecimiento"},"content":{"rendered":"<p>Hidratante ligero con factores de crecimiento epid\u00e9rmico dise\u00f1ado para favorecer la cicatrizaci\u00f3n y el fortalecimiento de la piel grasa, con acn\u00e9 y propensa a la ros\u00e1cea.<\/p>\n<h3>Tipo de piel<\/h3>\n<p>Todo tipo de pieles - con impurezas, acn\u00e9icas, con tendencia grasa<\/p>\n<h3>Uso recomendado<\/h3>\n<p>Aplicar 1-2 pulsaciones en las yemas de los dedos y masajear suavemente sobre la piel limpia y seca dos veces al d\u00eda, despu\u00e9s de la intervenci\u00f3n o seg\u00fan las indicaciones.<\/p>\n<h3>Ingredientes<\/h3>\n<p>Aqua (agua), glicerina, rh-oligopeptide-1 (EGF), carb\u00f3mero, goma xantana, extracto de ra\u00edz de Glycyrrhiza Glabra (regaliz), alanto\u00edna, alcohol, zumo de hoja de Aloe Barbadensis en polvo, agua de Hamamelis Virginiana (hamamelis), \u00e1cido fum\u00e1rico, super\u00f3xido dismutasa, alcohol benc\u00edlico, fosfol\u00edpidos.<\/p>","protected":false},"excerpt":{"rendered":"<h3>Descripci\u00f3n breve<\/h3>\n<p>Con una base de gel ideal como hidratante y protector diario para pieles grasas, acn\u00e9icas y con impurezas, el Gel Factor de Crecimiento no es tan rico como la crema y se absorbe r\u00e1pidamente en la piel; calma la piel inflamada e irritada, reduce el da\u00f1o de los radicales libres y es ideal para cualquier programa contra el acn\u00e9.<\/p>","protected":false},"featured_media":278408,"template":"","meta":[],"product_brand":[],"product_cat":[31],"product_tag":[],"class_list":{"0":"post-2520","1":"product","2":"type-product","3":"status-publish","4":"has-post-thumbnail","6":"product_cat-rhonda-allison","7":"description-off","9":"first","10":"instock","11":"taxable","12":"shipping-taxable","13":"purchasable","14":"product-type-simple"},"_links":{"self":[{"href":"https:\/\/www.amyshouston.com\/es\/wp-json\/wp\/v2\/product\/2520","targetHints":{"allow":["GET"]}}],"collection":[{"href":"https:\/\/www.amyshouston.com\/es\/wp-json\/wp\/v2\/product"}],"about":[{"href":"https:\/\/www.amyshouston.com\/es\/wp-json\/wp\/v2\/types\/product"}],"wp:featuredmedia":[{"embeddable":true,"href":"https:\/\/www.amyshouston.com\/es\/wp-json\/wp\/v2\/media\/278408"}],"wp:attachment":[{"href":"https:\/\/www.amyshouston.com\/es\/wp-json\/wp\/v2\/media?parent=2520"}],"wp:term":[{"taxonomy":"product_brand","embeddable":true,"href":"https:\/\/www.amyshouston.com\/es\/wp-json\/wp\/v2\/product_brand?post=2520"},{"taxonomy":"product_cat","embeddable":true,"href":"https:\/\/www.amyshouston.com\/es\/wp-json\/wp\/v2\/product_cat?post=2520"},{"taxonomy":"product_tag","embeddable":true,"href":"https:\/\/www.amyshouston.com\/es\/wp-json\/wp\/v2\/product_tag?post=2520"}],"curies":[{"name":"wp","href":"https:\/\/api.w.org\/{rel}","templated":true}]}}