{"id":2513,"date":"2016-04-11T20:07:47","date_gmt":"2016-04-11T20:07:47","guid":{"rendered":"http:\/\/www.amyshouston.com\/?post_type=product&#038;p=2183"},"modified":"2025-06-22T17:14:50","modified_gmt":"2025-06-22T22:14:50","slug":"limpiador-beta-green","status":"publish","type":"product","link":"https:\/\/www.amyshouston.com\/es\/tienda\/rhonda-allison\/limpiador-beta-green\/","title":{"rendered":"T\u00e9 Verde Beta Cleanse 120mL"},"content":{"rendered":"<p>Un potente limpiador para el acn\u00e9 que fusiona el t\u00e9 verde y los \u00e1cidos mand\u00e9lico y salic\u00edlico para formar un equilibrio eficaz que minimiza las bacterias superficiales y la inflamaci\u00f3n a la vez que proporciona a la piel una limpieza profunda de los poros y elementos curativos. Proporciona una excelente exfoliaci\u00f3n y reduce la acumulaci\u00f3n celular sin riesgo de irritaci\u00f3n ni de resecar en exceso la piel.<\/p>\n<p>Normal a Grasa - Ros\u00e1cea, Sensible, Congestionada, Acn\u00e9ica<\/p>\n<h3>Uso recomendado<\/h3>\n<p>Agitar bien antes de dispensar. Dispensar 1 bombeo en las manos humedecidas; a\u00f1adir agua para obtener m\u00e1s espuma. Masajear la cara y el cuello durante varios minutos. Retirar con agua tibia y un pa\u00f1o. Seque la piel dando golpecitos.<\/p>\n<h3>Ingredientes<\/h3>\n<p>Aqua (Agua), Cocamidopropil Beta\u00edna, Sulfonato de Sodio C14-16 Olefina, Sulfosuccinato de Disodio Laureth, \u00c1cido Salic\u00edlico, \u00c1cido Mand\u00e9lico (L), Glicerina, Lauril Sulfoacetato de Sodio, Cocoamfoacetato de Sodio, Coco-Glucoside, Leuconostoc\/Filtrado de Fermento de Ra\u00edz de R\u00e1bano, Cocamidopropyl Hydroxysultaine, Hidr\u00f3xido de Sodio, Gluconato de Sodio, \u00c1cido Caprilhidrox\u00e1mico, Extracto de Hoja de Camellia Sinensis (T\u00e9 Verde), Melia Azadirachta (Neem) Extracto de Hoja, Melia Azadirachta (Neem) Extracto de Flor, Corallina Officinalis Extracto, Coccinia Indica Extracto de Fruta, Solanum Melongena (Berenjena) Extracto de Fruta, \u00c1mbar en Polvo, Extracto de hoja de Ocimum Sanctum, Extracto de hoja de Curcuma Longa (c\u00farcuma), Aceite de semilla de Moringa Oleifera, Galato de epigalocatequina, Propanediol, \u00c1cido c\u00edtrico, Distearato de glicol, Alcohol benc\u00edlico, Alcohol denat., Fragancia\/Parfum (natural)<\/p>","protected":false},"excerpt":{"rendered":"<h2>Descripci\u00f3n breve<\/h2>\n<p>Este jab\u00f3n espumoso multiusos limpia y refresca la piel en profundidad, reduce la grasa superficial y mejora suavemente la limpieza de las pieles problem\u00e1ticas. El equilibrio del \u00e1cido salic\u00edlico y el coraz\u00f3n de t\u00e9 verde forman una mezcla eficaz, mientras que la sinergia de Beta GreenTea Cleanser proporciona una limpieza profunda de los poros, por lo que es ideal para pieles sensibles y propensas a la ros\u00e1cea.<\/p>","protected":false},"featured_media":278412,"template":"","meta":[],"product_brand":[],"product_cat":[31],"product_tag":[],"class_list":{"0":"post-2513","1":"product","2":"type-product","3":"status-publish","4":"has-post-thumbnail","6":"product_cat-rhonda-allison","7":"description-off","9":"first","10":"instock","11":"taxable","12":"shipping-taxable","13":"purchasable","14":"product-type-simple"},"_links":{"self":[{"href":"https:\/\/www.amyshouston.com\/es\/wp-json\/wp\/v2\/product\/2513","targetHints":{"allow":["GET"]}}],"collection":[{"href":"https:\/\/www.amyshouston.com\/es\/wp-json\/wp\/v2\/product"}],"about":[{"href":"https:\/\/www.amyshouston.com\/es\/wp-json\/wp\/v2\/types\/product"}],"wp:featuredmedia":[{"embeddable":true,"href":"https:\/\/www.amyshouston.com\/es\/wp-json\/wp\/v2\/media\/278412"}],"wp:attachment":[{"href":"https:\/\/www.amyshouston.com\/es\/wp-json\/wp\/v2\/media?parent=2513"}],"wp:term":[{"taxonomy":"product_brand","embeddable":true,"href":"https:\/\/www.amyshouston.com\/es\/wp-json\/wp\/v2\/product_brand?post=2513"},{"taxonomy":"product_cat","embeddable":true,"href":"https:\/\/www.amyshouston.com\/es\/wp-json\/wp\/v2\/product_cat?post=2513"},{"taxonomy":"product_tag","embeddable":true,"href":"https:\/\/www.amyshouston.com\/es\/wp-json\/wp\/v2\/product_tag?post=2513"}],"curies":[{"name":"wp","href":"https:\/\/api.w.org\/{rel}","templated":true}]}}