{"id":2512,"date":"2016-04-11T20:03:52","date_gmt":"2016-04-11T20:03:52","guid":{"rendered":"http:\/\/www.amyshouston.com\/?post_type=product&amp;p=2181"},"modified":"2016-04-11T20:03:52","modified_gmt":"2016-04-11T20:03:52","slug":"reparacion-celular-proteccion-noche","status":"publish","type":"product","link":"https:\/\/www.amyshouston.com\/es\/tienda\/biodroga\/reparacion-celular-proteccion-noche\/","title":{"rendered":"Reparaci\u00f3n + Protecci\u00f3n celular Noche"},"content":{"rendered":"<p>Nuevos ingredientes innovadores, como el extracto de c\u00e9lulas madre de rosa de los Alpes, y los favoritos de siempre, el complejo reparador y el complejo pept\u00eddico, se unen para conseguir un triple efecto reparador, anti-estr\u00e9s UV y anti-arrugas.<\/p>\n<p>El tratamiento de noche es un paso especialmente importante para la piel da\u00f1ada y sometida a un estr\u00e9s leve y favorece intensamente la fase de regeneraci\u00f3n y reparaci\u00f3n mientras duerme. Las arrugas se alisan y la piel se acondiciona con este rico tratamiento nocturno.<\/p>","protected":false},"excerpt":{"rendered":"<p>Nuevos ingredientes innovadores como el Extracto de C\u00e9lulas Madre de Rosa Alpina y los favoritos de siempre, el Complejo Reparador y el Complejo de P\u00e9ptidos, se unen para conseguir un triple efecto reparador, anti-estr\u00e9s UV y anti-arrugas. El tratamiento de noche es un paso especialmente importante para la piel da\u00f1ada y sometida a un estr\u00e9s leve y favorece intensamente la fase de regeneraci\u00f3n y reparaci\u00f3n...<\/p>","protected":false},"featured_media":2182,"template":"","meta":[],"product_brand":[],"product_cat":[30],"product_tag":[],"class_list":{"0":"post-2512","1":"product","2":"type-product","3":"status-publish","4":"has-post-thumbnail","6":"product_cat-biodroga","7":"description-off","9":"first","10":"instock","11":"taxable","12":"shipping-taxable","13":"purchasable","14":"product-type-simple"},"_links":{"self":[{"href":"https:\/\/www.amyshouston.com\/es\/wp-json\/wp\/v2\/product\/2512","targetHints":{"allow":["GET"]}}],"collection":[{"href":"https:\/\/www.amyshouston.com\/es\/wp-json\/wp\/v2\/product"}],"about":[{"href":"https:\/\/www.amyshouston.com\/es\/wp-json\/wp\/v2\/types\/product"}],"wp:featuredmedia":[{"embeddable":true,"href":"https:\/\/www.amyshouston.com\/es\/wp-json\/wp\/v2\/media\/2182"}],"wp:attachment":[{"href":"https:\/\/www.amyshouston.com\/es\/wp-json\/wp\/v2\/media?parent=2512"}],"wp:term":[{"taxonomy":"product_brand","embeddable":true,"href":"https:\/\/www.amyshouston.com\/es\/wp-json\/wp\/v2\/product_brand?post=2512"},{"taxonomy":"product_cat","embeddable":true,"href":"https:\/\/www.amyshouston.com\/es\/wp-json\/wp\/v2\/product_cat?post=2512"},{"taxonomy":"product_tag","embeddable":true,"href":"https:\/\/www.amyshouston.com\/es\/wp-json\/wp\/v2\/product_tag?post=2512"}],"curies":[{"name":"wp","href":"https:\/\/api.w.org\/{rel}","templated":true}]}}