{"id":238013,"date":"2021-10-02T22:29:58","date_gmt":"2021-10-03T03:29:58","guid":{"rendered":"https:\/\/www.amyshouston.com\/?post_type=product&#038;p=238013"},"modified":"2026-01-28T17:45:03","modified_gmt":"2026-01-28T23:45:03","slug":"eltamd-skin-recovery-amino-acid-espuma-limpiadora","status":"publish","type":"product","link":"https:\/\/www.amyshouston.com\/es\/tienda\/sin-categoria\/eltamd-skin-recovery-amino-acid-espuma-limpiadora\/","title":{"rendered":"EltaMD Skin Recovery Amino Acid Espuma Limpiadora"},"content":{"rendered":"<p>Tipos de piel - Todo tipo de pieles | sensibles | postratamiento**<\/p>\n<p style=\"font-weight: 400;\">Aumente las defensas de su piel con esta suave pero eficaz espuma limpiadora cl\u00ednicamente probada para reforzar la barrera cut\u00e1nea en 7 d\u00edas*. Skin Recovery Amino Acid Foaming Cleanser est\u00e1 formulado con un complejo patentado de 3 amino\u00e1cidos (AAComplex) para limpiar suavemente, dejando la piel calmada y suavizada.\u00a0<i><em>(5.0 fl oz\/150 mL)<\/em><\/i><\/p>\n<p style=\"font-weight: 400;\">Caracter\u00edsticas y ventajas:<\/p>\n<ul style=\"font-weight: 400;\">\n<li>Se ha demostrado cl\u00ednicamente que refuerza significativamente la barrera cut\u00e1nea y reduce la p\u00e9rdida de agua de la piel al cabo de 7 d\u00edas*.<\/li>\n<li>Ayuda a calmar la piel y a reducir las rojeces faciales<\/li>\n<li>Elimina la protecci\u00f3n solar, el maquillaje, la contaminaci\u00f3n perjudicial para la piel, el exceso de grasa y las impurezas sin causar irritaci\u00f3n<\/li>\n<li>Suficientemente suave para la piel sensible despu\u00e9s de una intervenci\u00f3n**.<\/li>\n<li>Sin aceite, hipoalerg\u00e9nico, no comedog\u00e9nico, sin perfume, sin parabenos, sin colorantes<\/li>\n<\/ul>\n<p style=\"font-weight: 400;\">*Probado cl\u00ednicamente y evaluado visualmente por un dermat\u00f3logo en 32 mujeres de entre 24 y 56 a\u00f1os en un estudio de 2 semanas utilizando el producto dos veces al d\u00eda.<\/p>\n<p style=\"font-weight: 400;\">**Post peelings qu\u00edmicos<\/p>\n<p style=\"font-weight: 400;\">Opiniones reales. Resultados reales.<\/p>\n<ul style=\"font-weight: 400;\">\n<li>98% coincidieron en que era suave y no irritaba su piel sensible.<\/li>\n<li>98% estuvo de acuerdo en que este limpiador no irritaba la piel ni la zona de los ojos despu\u00e9s de su uso<\/li>\n<li>93% coincidieron en que no les dej\u00f3 la piel tirante ni seca<\/li>\n<li>92% coincidieron en que sienten la piel hidratada y suave despu\u00e9s de 1 uso<\/li>\n<li>98% est\u00e1n de acuerdo en que es c\u00f3modo de usar<\/li>\n<\/ul>","protected":false},"excerpt":{"rendered":"<p>Tipos de piel - Todo tipo de pieles | sensibles | post-procedimiento** Aumente las defensas de su piel con esta suave pero eficaz espuma limpiadora cl\u00ednicamente probada para reforzar la barrera cut\u00e1nea en 7 d\u00edas*. Skin Recovery Amino Acid Foaming Cleanser est\u00e1 formulado con un complejo patentado de 3 amino\u00e1cidos (AAComplex) para limpiar suavemente, dejando la piel calmada y suavizada. (5.0 fl...<\/p>","protected":false},"featured_media":0,"template":"","meta":[],"product_brand":[],"product_cat":[38,33],"product_tag":[],"class_list":{"0":"post-238013","1":"product","2":"type-product","3":"status-publish","5":"product_cat-uncategorized","6":"product_cat-elta-md","7":"description-off","9":"first","10":"instock","11":"taxable","12":"shipping-taxable","13":"purchasable","14":"product-type-variable","15":"has-default-attributes"},"_links":{"self":[{"href":"https:\/\/www.amyshouston.com\/es\/wp-json\/wp\/v2\/product\/238013","targetHints":{"allow":["GET"]}}],"collection":[{"href":"https:\/\/www.amyshouston.com\/es\/wp-json\/wp\/v2\/product"}],"about":[{"href":"https:\/\/www.amyshouston.com\/es\/wp-json\/wp\/v2\/types\/product"}],"wp:attachment":[{"href":"https:\/\/www.amyshouston.com\/es\/wp-json\/wp\/v2\/media?parent=238013"}],"wp:term":[{"taxonomy":"product_brand","embeddable":true,"href":"https:\/\/www.amyshouston.com\/es\/wp-json\/wp\/v2\/product_brand?post=238013"},{"taxonomy":"product_cat","embeddable":true,"href":"https:\/\/www.amyshouston.com\/es\/wp-json\/wp\/v2\/product_cat?post=238013"},{"taxonomy":"product_tag","embeddable":true,"href":"https:\/\/www.amyshouston.com\/es\/wp-json\/wp\/v2\/product_tag?post=238013"}],"curies":[{"name":"wp","href":"https:\/\/api.w.org\/{rel}","templated":true}]}}