{"id":2356,"date":"2016-04-13T22:56:52","date_gmt":"2016-04-13T22:56:52","guid":{"rendered":"http:\/\/www.amyshouston.com\/?post_type=product&amp;p=2356"},"modified":"2016-04-13T22:56:52","modified_gmt":"2016-04-13T22:56:52","slug":"parar-el-reloj","status":"publish","type":"product","link":"https:\/\/www.amyshouston.com\/es\/tienda\/biopelle\/parar-el-reloj\/","title":{"rendered":"Detener el reloj"},"content":{"rendered":"<p>Presentamos una f\u00f3rmula nueva y mejorada para la herramienta m\u00e1s esencial de su r\u00e9gimen diario de cuidado de la piel. Aproveche los beneficios de este protector solar de amplio espectro FPS 50 que proporciona protecci\u00f3n solar y repara el ADN para la salud celular de su piel, el componente principal de una piel de aspecto joven. Tambi\u00e9n contiene antioxidantes reparadores y p\u00e9ptidos reafirmantes que ayudan a rejuvenecer la piel a la vez que la protegen de los da\u00f1os del sol. Se trata de un potente producto todo en uno de amplio espectro que contiene un filtro solar f\u00edsico y qu\u00edmico para proporcionarle la m\u00e1xima protecci\u00f3n solar contra el peor enemigo de su piel, y una mezcla patentada de amino\u00e1cidos y potenciadores energ\u00e9ticos que proporcionan los precursores del proceso de reparaci\u00f3n natural del organismo. Es ideal tanto para mujeres como para hombres.<\/p>\n<p><b>Detener el reloj<b><sup><b><span style=\"font-size: small;\">\u00ae<\/span><\/b><\/sup><\/b>\u00a0Ventajas:<br \/>\n<\/b><\/p>\n<ul>\n<li>Ayuda a rejuvenecer y reparar el ADN da\u00f1ado utilizando los Roxisomas patentados<sup><span style=\"font-size: small;\">\u00ae<\/span><\/sup>Ultrasomas<sup><span style=\"font-size: small;\">\u00ae<\/span><\/sup>y Fotosomas<sup><span style=\"font-size: small;\">\u00ae<\/span><\/sup><\/li>\n<li>Protecci\u00f3n solar de amplio espectro UVA y UVB<\/li>\n<li>Contiene un filtro solar tanto f\u00edsico como qu\u00edmico para proporcionarle la m\u00e1xima protecci\u00f3n solar<\/li>\n<li>Cargado con antioxidantes reparadores y p\u00e9ptidos reafirmantes<\/li>\n<li>No deja residuos blancos<\/li>\n<li>Sin perfume y sin parabenos<\/li>\n<li>Ideal para todo tipo de pieles, masculinas y femeninas<\/li>\n<\/ul>","protected":false},"excerpt":{"rendered":"<p>Presentamos una f\u00f3rmula nueva y mejorada para la herramienta m\u00e1s esencial de su r\u00e9gimen diario de cuidado de la piel. Aproveche los beneficios de este protector solar de amplio espectro FPS 50 que proporciona protecci\u00f3n solar y repara el ADN para la salud celular de su piel, el componente principal de una piel de aspecto joven. Tambi\u00e9n contiene antioxidantes reparadores y...<\/p>","protected":false},"featured_media":2357,"template":"","meta":[],"product_brand":[],"product_cat":[36],"product_tag":[],"class_list":{"0":"post-2356","1":"product","2":"type-product","3":"status-publish","4":"has-post-thumbnail","6":"product_cat-biopelle","7":"description-off","9":"first","10":"instock","11":"taxable","12":"shipping-taxable","13":"purchasable","14":"product-type-simple"},"_links":{"self":[{"href":"https:\/\/www.amyshouston.com\/es\/wp-json\/wp\/v2\/product\/2356","targetHints":{"allow":["GET"]}}],"collection":[{"href":"https:\/\/www.amyshouston.com\/es\/wp-json\/wp\/v2\/product"}],"about":[{"href":"https:\/\/www.amyshouston.com\/es\/wp-json\/wp\/v2\/types\/product"}],"wp:featuredmedia":[{"embeddable":true,"href":"https:\/\/www.amyshouston.com\/es\/wp-json\/wp\/v2\/media\/2357"}],"wp:attachment":[{"href":"https:\/\/www.amyshouston.com\/es\/wp-json\/wp\/v2\/media?parent=2356"}],"wp:term":[{"taxonomy":"product_brand","embeddable":true,"href":"https:\/\/www.amyshouston.com\/es\/wp-json\/wp\/v2\/product_brand?post=2356"},{"taxonomy":"product_cat","embeddable":true,"href":"https:\/\/www.amyshouston.com\/es\/wp-json\/wp\/v2\/product_cat?post=2356"},{"taxonomy":"product_tag","embeddable":true,"href":"https:\/\/www.amyshouston.com\/es\/wp-json\/wp\/v2\/product_tag?post=2356"}],"curies":[{"name":"wp","href":"https:\/\/api.w.org\/{rel}","templated":true}]}}