{"id":2311,"date":"2016-04-13T20:29:06","date_gmt":"2016-04-14T01:29:06","guid":{"rendered":"http:\/\/www.amyshouston.com\/?post_type=product&#038;p=2311"},"modified":"2021-01-12T21:14:58","modified_gmt":"2021-01-13T03:14:58","slug":"crema-balsamo-antimanchas-classic","status":"publish","type":"product","link":"https:\/\/www.amyshouston.com\/es\/tienda\/christine-schrammek\/crema-balsamo-antimanchas-classic\/","title":{"rendered":"Crema b\u00e1lsamo antimanchas Classic"},"content":{"rendered":"<p>La textura con pantenol y bisabolol calma la piel enrojecida. Especialmente desarrollada para pieles irritadas, con poros grandes e impurezas. Las rojeces e impurezas remiten m\u00e1s r\u00e1pidamente y pueden cubrirse perfectamente con el tono de color correspondiente seg\u00fan el tono de piel de cada persona. La BB Cream tiene un suave efecto matificante y deja una agradable sensaci\u00f3n no grasa en la piel. Disponible en 3 tonos de color diferentes.<\/p>\n<p>Hay muchas BB Creams, pero s\u00f3lo un Blemish Balm - \u00a1El Original!<\/p>\n<p>30 ml, 50 ml<\/p>\n<p><strong>Consejo de belleza:<\/strong> Nuestro producto cl\u00e1sico original para controlar las rojeces y las impurezas.<\/p>\n<p><strong>Ingredientes eficaces: <\/strong><\/p>\n<p>\u00d3xido de zinc: antiinflamatorio, corrector<br \/>\nDi\u00f3xido de titanio: disimular, proteger<br \/>\nRa\u00edz de regaliz: calmante<br \/>\nPantenol: hidratante<\/p>","protected":false},"excerpt":{"rendered":"<p>La textura con pantenol y bisabolol calma la piel enrojecida. Especialmente desarrollada para pieles irritadas, con poros grandes e impurezas. Las rojeces e impurezas remiten m\u00e1s r\u00e1pidamente y pueden cubrirse perfectamente con el tono de color correspondiente seg\u00fan el tono de piel de cada persona. La BB Cream tiene un suave efecto matificante y deja una agradable sensaci\u00f3n no grasa en la piel. Disponible en 3 tonos de color diferentes.<\/p>","protected":false},"featured_media":2312,"template":"","meta":[],"product_brand":[],"product_cat":[35],"product_tag":[],"class_list":{"0":"post-2311","1":"product","2":"type-product","3":"status-publish","4":"has-post-thumbnail","6":"product_cat-christine-schrammek","7":"description-off","9":"first","10":"instock","11":"taxable","12":"shipping-taxable","13":"purchasable","14":"product-type-simple"},"_links":{"self":[{"href":"https:\/\/www.amyshouston.com\/es\/wp-json\/wp\/v2\/product\/2311","targetHints":{"allow":["GET"]}}],"collection":[{"href":"https:\/\/www.amyshouston.com\/es\/wp-json\/wp\/v2\/product"}],"about":[{"href":"https:\/\/www.amyshouston.com\/es\/wp-json\/wp\/v2\/types\/product"}],"wp:featuredmedia":[{"embeddable":true,"href":"https:\/\/www.amyshouston.com\/es\/wp-json\/wp\/v2\/media\/2312"}],"wp:attachment":[{"href":"https:\/\/www.amyshouston.com\/es\/wp-json\/wp\/v2\/media?parent=2311"}],"wp:term":[{"taxonomy":"product_brand","embeddable":true,"href":"https:\/\/www.amyshouston.com\/es\/wp-json\/wp\/v2\/product_brand?post=2311"},{"taxonomy":"product_cat","embeddable":true,"href":"https:\/\/www.amyshouston.com\/es\/wp-json\/wp\/v2\/product_cat?post=2311"},{"taxonomy":"product_tag","embeddable":true,"href":"https:\/\/www.amyshouston.com\/es\/wp-json\/wp\/v2\/product_tag?post=2311"}],"curies":[{"name":"wp","href":"https:\/\/api.w.org\/{rel}","templated":true}]}}