{"id":2256,"date":"2016-04-12T21:45:04","date_gmt":"2016-04-13T02:45:04","guid":{"rendered":"http:\/\/www.amyshouston.com\/?post_type=product&#038;p=2256"},"modified":"2021-10-02T22:23:04","modified_gmt":"2021-10-03T03:23:04","slug":"intellishade-spf-45-original","status":"publish","type":"product","link":"https:\/\/www.amyshouston.com\/es\/tienda\/revision-del-cuidado-de-la-piel\/intellishade-spf-45-original\/","title":{"rendered":"Intellishade SPF 45 Original"},"content":{"rendered":"<p>Combate los signos del envejecimiento\u00ae con esta galardonada crema hidratante con color que aporta a la piel un toque de color puro y saludable. Formulada con una mezcla de tres p\u00e9ptidos y protecci\u00f3n UVA y UVB de amplio espectro, es la forma inteligente de cuidar tu piel.<\/p>\n<ul>\n<li>94% de los participantes en el estudio cl\u00ednico experimentaron una piel m\u00e1s suave, luminosa y con un tono m\u00e1s uniforme*.<\/li>\n<li>Hidrata y se funde de forma natural con el color de la piel<\/li>\n<li>Reduce la aparici\u00f3n de l\u00edneas finas y arrugas<\/li>\n<li>Proporciona protecci\u00f3n UV de amplio espectro<\/li>\n<li>Combate el fotoda\u00f1o que provoca el envejecimiento prematuro<\/li>\n<\/ul>","protected":false},"excerpt":{"rendered":"<p>Combate los signos del envejecimiento\u00ae con esta galardonada crema hidratante con color que aporta a la piel un toque de color puro y saludable. Formulada con una mezcla de tres p\u00e9ptidos y protecci\u00f3n UVA y UVB de amplio espectro, es la forma m\u00e1s inteligente de cuidar tu piel. 94% de las participantes en estudios cl\u00ednicos experimentaron una piel m\u00e1s suave, luminosa y con un tono m\u00e1s uniforme* Hidrata y difumina...<\/p>","protected":false},"featured_media":1270,"template":"","meta":[],"product_brand":[],"product_cat":[34],"product_tag":[],"class_list":{"0":"post-2256","1":"product","2":"type-product","3":"status-publish","4":"has-post-thumbnail","6":"product_cat-revision-skincare","7":"description-off","9":"first","10":"instock","11":"taxable","12":"shipping-taxable","13":"purchasable","14":"product-type-simple"},"_links":{"self":[{"href":"https:\/\/www.amyshouston.com\/es\/wp-json\/wp\/v2\/product\/2256","targetHints":{"allow":["GET"]}}],"collection":[{"href":"https:\/\/www.amyshouston.com\/es\/wp-json\/wp\/v2\/product"}],"about":[{"href":"https:\/\/www.amyshouston.com\/es\/wp-json\/wp\/v2\/types\/product"}],"wp:featuredmedia":[{"embeddable":true,"href":"https:\/\/www.amyshouston.com\/es\/wp-json\/wp\/v2\/media\/1270"}],"wp:attachment":[{"href":"https:\/\/www.amyshouston.com\/es\/wp-json\/wp\/v2\/media?parent=2256"}],"wp:term":[{"taxonomy":"product_brand","embeddable":true,"href":"https:\/\/www.amyshouston.com\/es\/wp-json\/wp\/v2\/product_brand?post=2256"},{"taxonomy":"product_cat","embeddable":true,"href":"https:\/\/www.amyshouston.com\/es\/wp-json\/wp\/v2\/product_cat?post=2256"},{"taxonomy":"product_tag","embeddable":true,"href":"https:\/\/www.amyshouston.com\/es\/wp-json\/wp\/v2\/product_tag?post=2256"}],"curies":[{"name":"wp","href":"https:\/\/api.w.org\/{rel}","templated":true}]}}