{"id":2251,"date":"2016-04-12T21:32:59","date_gmt":"2016-04-13T02:32:59","guid":{"rendered":"http:\/\/www.amyshouston.com\/?post_type=product&#038;p=2251"},"modified":"2025-04-07T00:44:43","modified_gmt":"2025-04-07T05:44:43","slug":"uv-diario-spf-40-tenido","status":"publish","type":"product","link":"https:\/\/www.amyshouston.com\/es\/tienda\/elta-md\/uv-diario-spf-40-tenido\/","title":{"rendered":"UV SPF 40 diario con color"},"content":{"rendered":"<p>La protecci\u00f3n UV y la hidrataci\u00f3n superior se unen en este protector solar facial transparente. EltaMD UV Daily contiene \u00e1cido hialur\u00f3nico para aumentar la retenci\u00f3n de hidrataci\u00f3n y atenuar las l\u00edneas de expresi\u00f3n. Esta hidratante ligera con protecci\u00f3n UV puede usarse sola o debajo del maquillaje. Elija entre las f\u00f3rmulas con o sin color para su uso diario.<\/p>\n<ul>\n<li>9.0% \u00f3xido de zinc transparente<\/li>\n<li>Los antioxidantes ayudan a absorber los radicales libres<\/li>\n<li>El \u00e1cido hialur\u00f3nico aumenta la tersura y suavidad de la piel y disminuye las arrugas<\/li>\n<li>Se desliza f\u00e1cilmente y se absorbe r\u00e1pidamente en la piel<\/li>\n<li>Protecci\u00f3n solar UVA\/UVB<\/li>\n<li>Sin perfume, sin parabenos, sin sensibilidad y no comedog\u00e9nico<\/li>\n<\/ul>","protected":false},"excerpt":{"rendered":"<p>La protecci\u00f3n UV y la hidrataci\u00f3n superior se unen en este protector solar facial transparente. EltaMD UV Daily contiene \u00e1cido hialur\u00f3nico para aumentar la retenci\u00f3n de hidrataci\u00f3n y atenuar las l\u00edneas de expresi\u00f3n. Esta hidratante ligera con protecci\u00f3n UV puede usarse sola o debajo del maquillaje. Elija entre las f\u00f3rmulas con o sin color para su uso diario. 9.0% \u00f3xido de zinc transparente Antioxidantes...<\/p>","protected":false},"featured_media":1264,"template":"","meta":[],"product_brand":[],"product_cat":[33],"product_tag":[],"class_list":{"0":"post-2251","1":"product","2":"type-product","3":"status-publish","4":"has-post-thumbnail","6":"product_cat-elta-md","7":"description-off","9":"first","10":"instock","11":"taxable","12":"shipping-taxable","13":"purchasable","14":"product-type-simple"},"_links":{"self":[{"href":"https:\/\/www.amyshouston.com\/es\/wp-json\/wp\/v2\/product\/2251","targetHints":{"allow":["GET"]}}],"collection":[{"href":"https:\/\/www.amyshouston.com\/es\/wp-json\/wp\/v2\/product"}],"about":[{"href":"https:\/\/www.amyshouston.com\/es\/wp-json\/wp\/v2\/types\/product"}],"wp:featuredmedia":[{"embeddable":true,"href":"https:\/\/www.amyshouston.com\/es\/wp-json\/wp\/v2\/media\/1264"}],"wp:attachment":[{"href":"https:\/\/www.amyshouston.com\/es\/wp-json\/wp\/v2\/media?parent=2251"}],"wp:term":[{"taxonomy":"product_brand","embeddable":true,"href":"https:\/\/www.amyshouston.com\/es\/wp-json\/wp\/v2\/product_brand?post=2251"},{"taxonomy":"product_cat","embeddable":true,"href":"https:\/\/www.amyshouston.com\/es\/wp-json\/wp\/v2\/product_cat?post=2251"},{"taxonomy":"product_tag","embeddable":true,"href":"https:\/\/www.amyshouston.com\/es\/wp-json\/wp\/v2\/product_tag?post=2251"}],"curies":[{"name":"wp","href":"https:\/\/api.w.org\/{rel}","templated":true}]}}