{"id":2233,"date":"2016-04-12T20:59:15","date_gmt":"2016-04-12T20:59:15","guid":{"rendered":"http:\/\/www.amyshouston.com\/?post_type=product&amp;p=2233"},"modified":"2016-04-12T20:59:15","modified_gmt":"2016-04-12T20:59:15","slug":"formula-de-oxigeno-para-pieles-secas","status":"publish","type":"product","link":"https:\/\/www.amyshouston.com\/es\/tienda\/biodroga\/formula-de-oxigeno-para-pieles-secas\/","title":{"rendered":"F\u00f3rmula de ox\u00edgeno para pieles secas"},"content":{"rendered":"<p>Una formulaci\u00f3n actualizada con BIOACTIVE NUTRI COMPLEX compuesto por Revitalin\u00ae, el mismo ingrediente clave de la f\u00f3rmula original que potencia el intercambio de ox\u00edgeno en las c\u00e9lulas, y Biopeptides, que ayudan a estimular la producci\u00f3n de nuevo col\u00e1geno y a fortalecer la piel.  Una rica crema de d\u00eda y de noche que mejora el metabolismo del ox\u00edgeno en la piel, mejora el contenido lip\u00eddico y permite que la piel utilice el ox\u00edgeno proporcionado por los mecanismos de transporte del organismo de forma m\u00e1s eficaz. Optimiza y activa el metabolismo cut\u00e1neo, proporciona a la piel un aspecto m\u00e1s fresco y sonrosado y alisa las l\u00edneas de expresi\u00f3n causadas por la sequedad. Sin parabenos.<\/p>\n<p>Muy recomendable para cualquier persona con piel visiblemente p\u00e1lida y cansada. Cualquier persona con un estilo de vida estresante que no pase mucho tiempo al aire libre se beneficiar\u00eda de la F\u00f3rmula Ox\u00edgeno. Los fumadores y los bebedores tambi\u00e9n pueden notar una gran diferencia en su piel con esta l\u00ednea.<\/p>","protected":false},"excerpt":{"rendered":"<p>Una formulaci\u00f3n actualizada con BIOACTIVE NUTRI COMPLEX compuesto por Revitalin\u00ae, el mismo ingrediente clave de la f\u00f3rmula original que potencia el intercambio de ox\u00edgeno en las c\u00e9lulas, y Biopeptides, que ayudan a estimular la producci\u00f3n de nuevo col\u00e1geno y a fortalecer la piel.  Una rica crema de d\u00eda y de noche que mejora el metabolismo del ox\u00edgeno en la piel,...<\/p>","protected":false},"featured_media":2236,"template":"","meta":[],"product_brand":[],"product_cat":[30],"product_tag":[],"class_list":{"0":"post-2233","1":"product","2":"type-product","3":"status-publish","4":"has-post-thumbnail","6":"product_cat-biodroga","7":"description-off","9":"first","10":"instock","11":"taxable","12":"shipping-taxable","13":"purchasable","14":"product-type-simple"},"_links":{"self":[{"href":"https:\/\/www.amyshouston.com\/es\/wp-json\/wp\/v2\/product\/2233","targetHints":{"allow":["GET"]}}],"collection":[{"href":"https:\/\/www.amyshouston.com\/es\/wp-json\/wp\/v2\/product"}],"about":[{"href":"https:\/\/www.amyshouston.com\/es\/wp-json\/wp\/v2\/types\/product"}],"wp:featuredmedia":[{"embeddable":true,"href":"https:\/\/www.amyshouston.com\/es\/wp-json\/wp\/v2\/media\/2236"}],"wp:attachment":[{"href":"https:\/\/www.amyshouston.com\/es\/wp-json\/wp\/v2\/media?parent=2233"}],"wp:term":[{"taxonomy":"product_brand","embeddable":true,"href":"https:\/\/www.amyshouston.com\/es\/wp-json\/wp\/v2\/product_brand?post=2233"},{"taxonomy":"product_cat","embeddable":true,"href":"https:\/\/www.amyshouston.com\/es\/wp-json\/wp\/v2\/product_cat?post=2233"},{"taxonomy":"product_tag","embeddable":true,"href":"https:\/\/www.amyshouston.com\/es\/wp-json\/wp\/v2\/product_tag?post=2233"}],"curies":[{"name":"wp","href":"https:\/\/api.w.org\/{rel}","templated":true}]}}