{"id":2216,"date":"2016-04-12T20:40:27","date_gmt":"2016-04-12T20:40:27","guid":{"rendered":"http:\/\/www.amyshouston.com\/?post_type=product&amp;p=2216"},"modified":"2016-04-12T20:40:27","modified_gmt":"2016-04-12T20:40:27","slug":"cc-cream-anti-rojeces","status":"publish","type":"product","link":"https:\/\/www.amyshouston.com\/es\/tienda\/biodroga\/cc-cream-anti-rojeces\/","title":{"rendered":"CC Cream Anti-rojeces SPF 20"},"content":{"rendered":"<p>Este cuidado para un cutis perfecto neutraliza las irregularidades de la piel mediante pigmentos de color encapsulados. Al aplicarlo, los pigmentos de color verde se convierten en una ligera base de maquillaje y se adaptan al color individual de la piel. Las rojeces de la piel se neutralizan. La piel queda protegida frente a los da\u00f1inos rayos UVA y UVB. Los palmitoil trip\u00e9ptidos-5 favorecen la s\u00edntesis de col\u00e1geno de la piel. Se alisa y \"rellena\" de forma duradera.<\/p>","protected":false},"excerpt":{"rendered":"<p>Este cuidado para un cutis perfecto neutraliza las irregularidades de la piel mediante pigmentos de color encapsulados. Al aplicarlo, los pigmentos de color verde se convierten en una ligera base de maquillaje y se adaptan al color individual de la piel. Las rojeces de la piel se neutralizan. La piel queda protegida frente a los da\u00f1inos rayos UVA y UVB. Los palmitoil trip\u00e9ptidos-5 favorecen la s\u00edntesis de col\u00e1geno de la piel....<\/p>","protected":false},"featured_media":1331,"template":"","meta":[],"product_brand":[],"product_cat":[30],"product_tag":[],"class_list":{"0":"post-2216","1":"product","2":"type-product","3":"status-publish","4":"has-post-thumbnail","6":"product_cat-biodroga","7":"description-off","9":"first","10":"instock","11":"taxable","12":"shipping-taxable","13":"purchasable","14":"product-type-simple"},"_links":{"self":[{"href":"https:\/\/www.amyshouston.com\/es\/wp-json\/wp\/v2\/product\/2216","targetHints":{"allow":["GET"]}}],"collection":[{"href":"https:\/\/www.amyshouston.com\/es\/wp-json\/wp\/v2\/product"}],"about":[{"href":"https:\/\/www.amyshouston.com\/es\/wp-json\/wp\/v2\/types\/product"}],"wp:featuredmedia":[{"embeddable":true,"href":"https:\/\/www.amyshouston.com\/es\/wp-json\/wp\/v2\/media\/1331"}],"wp:attachment":[{"href":"https:\/\/www.amyshouston.com\/es\/wp-json\/wp\/v2\/media?parent=2216"}],"wp:term":[{"taxonomy":"product_brand","embeddable":true,"href":"https:\/\/www.amyshouston.com\/es\/wp-json\/wp\/v2\/product_brand?post=2216"},{"taxonomy":"product_cat","embeddable":true,"href":"https:\/\/www.amyshouston.com\/es\/wp-json\/wp\/v2\/product_cat?post=2216"},{"taxonomy":"product_tag","embeddable":true,"href":"https:\/\/www.amyshouston.com\/es\/wp-json\/wp\/v2\/product_tag?post=2216"}],"curies":[{"name":"wp","href":"https:\/\/api.w.org\/{rel}","templated":true}]}}