{"id":2174,"date":"2016-04-11T19:53:08","date_gmt":"2016-04-12T00:53:08","guid":{"rendered":"http:\/\/www.amyshouston.com\/?post_type=product&#038;p=2174"},"modified":"2025-06-22T17:35:25","modified_gmt":"2025-06-22T22:35:25","slug":"crema-hidratante-aloe-mate-15ml","status":"publish","type":"product","link":"https:\/\/www.amyshouston.com\/es\/tienda\/rhonda-allison\/crema-hidratante-aloe-mate-15ml\/","title":{"rendered":"Crema Hidratante Mate de Aloe"},"content":{"rendered":"<p>Una crema hidratante de protecci\u00f3n diurna, Aloe Matte Moisture Cream equilibra el exceso de grasa y proporciona hidrataci\u00f3n fijadora de agua para prevenir la deshidrataci\u00f3n. El Aloe Vera es cicatrizante y refrescante mientras que el L-Hialuronato de Sodio (la forma m\u00e1s pura de \u00e1cido hialur\u00f3nico) promueve la hidrataci\u00f3n. La adici\u00f3n de SPF proporciona una valiosa protecci\u00f3n a la piel frente a los destructivos rayos UV, pero no se recomienda como protector solar. Esta f\u00f3rmula ligera y cremosa es ideal para tipos de piel problem\u00e1ticos, especialmente por la combinaci\u00f3n de factores curativos, hidratantes y antimicrobianos.<\/p>\n<h3>Tipo de piel<\/h3>\n<p>Normal, Graso, Acn\u00e9 - Normal a Graso, Impuro, Combinado<\/p>\n<h3>Uso recomendado<\/h3>\n<p>Aplicar 1-2 pulsaciones en las yemas de los dedos y masajear suavemente sobre la piel limpia y seca o sobre su s\u00e9rum RA favorito por la ma\u00f1ana y\/o por la noche.<\/p>\n<h3>Ingredientes<\/h3>\n<p>Aqua (Agua), Glicerina, Hamamelis Virginiana (Hamamelis) Agua, Menthyl Anthranilate, Ethylhexyl Salicylate, Alcohol, Sodium Hyaluronate (L) , Aloe Barbadensis Leaf Juice Powder, Cholic Acid (D), Camellia Sinensis (Green Tea) Leaf Extract, Alanto\u00edna, Fenil t-Butilnitrona (Spin Trap), Aceite de flores de Cananga Odorata (Ylang Ylang), Aceite de frutos de Citrus Aurantium Bergamia (Bergamota), Aceite de c\u00e1scara de Citrus Nobilis (Naranja mandarina), Aceite de Citrus Aurantifolia (Lima).<\/p>","protected":false},"excerpt":{"rendered":"<h3>Descripci\u00f3n breve<\/h3>\n<p>Una crema hidratante de protecci\u00f3n diurna, Aloe Matte Moisture Cream equilibra el exceso de grasa y proporciona hidrataci\u00f3n fijadora de agua para prevenir la deshidrataci\u00f3n. El Aloe Vera es cicatrizante y refrescante mientras que el L-Hialuronato de Sodio (la forma m\u00e1s pura de \u00e1cido hialur\u00f3nico) promueve la hidrataci\u00f3n. La adici\u00f3n de SPF proporciona una valiosa protecci\u00f3n a la piel frente a los destructivos rayos UV, pero no se recomienda como protector solar. Esta f\u00f3rmula ligera y cremosa es ideal para tipos de piel problem\u00e1ticos, especialmente por la combinaci\u00f3n de factores curativos, hidratantes y antimicrobianos.<\/p>","protected":false},"featured_media":277996,"template":"","meta":[],"product_brand":[],"product_cat":[31],"product_tag":[],"class_list":{"0":"post-2174","1":"product","2":"type-product","3":"status-publish","4":"has-post-thumbnail","6":"product_cat-rhonda-allison","7":"description-off","9":"first","10":"instock","11":"taxable","12":"shipping-taxable","13":"purchasable","14":"product-type-simple"},"_links":{"self":[{"href":"https:\/\/www.amyshouston.com\/es\/wp-json\/wp\/v2\/product\/2174","targetHints":{"allow":["GET"]}}],"collection":[{"href":"https:\/\/www.amyshouston.com\/es\/wp-json\/wp\/v2\/product"}],"about":[{"href":"https:\/\/www.amyshouston.com\/es\/wp-json\/wp\/v2\/types\/product"}],"wp:featuredmedia":[{"embeddable":true,"href":"https:\/\/www.amyshouston.com\/es\/wp-json\/wp\/v2\/media\/277996"}],"wp:attachment":[{"href":"https:\/\/www.amyshouston.com\/es\/wp-json\/wp\/v2\/media?parent=2174"}],"wp:term":[{"taxonomy":"product_brand","embeddable":true,"href":"https:\/\/www.amyshouston.com\/es\/wp-json\/wp\/v2\/product_brand?post=2174"},{"taxonomy":"product_cat","embeddable":true,"href":"https:\/\/www.amyshouston.com\/es\/wp-json\/wp\/v2\/product_cat?post=2174"},{"taxonomy":"product_tag","embeddable":true,"href":"https:\/\/www.amyshouston.com\/es\/wp-json\/wp\/v2\/product_tag?post=2174"}],"curies":[{"name":"wp","href":"https:\/\/api.w.org\/{rel}","templated":true}]}}