{"id":2099,"date":"2016-03-30T21:57:17","date_gmt":"2016-03-31T02:57:17","guid":{"rendered":"http:\/\/www.amyshouston.com\/?post_type=product&#038;p=2099"},"modified":"2025-06-22T17:40:29","modified_gmt":"2025-06-22T22:40:29","slug":"exfoliante-iluminador-60-ml","status":"publish","type":"product","link":"https:\/\/www.amyshouston.com\/es\/tienda\/rhonda-allison\/exfoliante-iluminador-60-ml\/","title":{"rendered":"Exfoliante iluminador 60ml"},"content":{"rendered":"<p>Elimina las impurezas y las c\u00e9lulas muertas de la piel para una limpieza m\u00e1s profunda. Repleto de potentes antioxidantes, antibacterianos, manteca de karit\u00e9 hidratante y vitamina E curativa. Brightening Scrub exfolia suavemente la piel mientras que los activos iluminadores proporcionan una potente acci\u00f3n supresora de la melanina, dejando la piel con un brillo hermoso y luminoso.\u00a0<\/p>\n<h3>TIPO DE PIEL<\/h3>\n<p>Todo tipo de pieles: secas, mixtas, grasas, hiperpigmentadas, con falta de brillo<\/p>\n<h3>USO RECOMENDADO<\/h3>\n<div class=\"product-blocks__block product-blocks__block--details product-blocks__block--accordion-item\">\n<div id=\"c-accordion--ca13990b-4591-4bbc-b624-075fcf0fd5d6\" class=\"js-accordion c-accordion c-accordion--default c-accordion--vantage c-accordion--product c-accordion--ca13990b-4591-4bbc-b624-075fcf0fd5d6 accordion-expanded\">\n<div id=\"c-accordion__panel--ca13990b-4591-4bbc-b624-075fcf0fd5d6\" class=\"c-accordion__panel  c-accordion__panel--ca13990b-4591-4bbc-b624-075fcf0fd5d6 c-accordion__panel--\" data-parent=\"#c-accordion--ca13990b-4591-4bbc-b624-075fcf0fd5d6\">\n<div class=\"c-accordion__inner\">\n<div class=\"rte\">Dispensar una peque\u00f1a cantidad en las manos h\u00famedas; aplicar sobre el rostro y el cuello. Masajear suavemente o dejar actuar durante varios minutos. Aclarar abundantemente con agua tibia. Seque la piel dando golpecitos. Se recomienda utilizar 1-2 veces por semana.<\/div>\n<\/div>\n<\/div>\n<\/div>\n<\/div>\n<h3>INGREDIENTES<\/h3>\n<p>Aqua (Agua), Extracto de Tallo de Bambusa Arundinacea (Bamb\u00fa), Esteres de Jojoba (Perlas), Glicerina, \u00c1cido Asc\u00f3rbico (L), Triglic\u00e9rido Capr\u00edlico\/C\u00e1prico, Agua de Hamamelis Virginiana (Hamamelis), \u00c1cido Este\u00e1rico, \u00c1cido K\u00f3jico, Alcohol Cet\u00edlico, Distearato de Glicol, Extracto de Flor de Bellis Perennis (Margarita), \u00c1cido G\u00e1lico Diglucosil, Di\u00f3xido de Titanio, \u00c1cido Aminobut\u00edrico (GABA), Dimeticona, Alanto\u00edna, Acetato de Tocoferilo (D-Alfa), Goma Xantana, Aceite de Lavandula Angustifolia (Lavanda), Aceite de Citrus Aurantifolia (Lima), Aceite de Mentha Piperita (Menta), Alcohol Benc\u00edlico, Decyl Glucoside, Lauroyl Lactylate de Sodio, Potassium Azeloyl Diglycinate, Cocamidopropyl Hydroxysultaine, Butyrospermum Parkii (Shea) Butter, Vaccinium Macrocarpon (Cranberry) Seed Oil, Cysteine (L), Calcium Pantothenate (D), Lysine (L), Yucca Schidigera (Yucca) Root Extract, Sodium Chloride<\/p>","protected":false},"excerpt":{"rendered":"<h3>DESCRIPCI\u00d3N<\/h3>\n<p>Con un agradable aroma y una capacidad de limpieza profunda, Brightening Scrub favorece un tono de piel uniforme y exfolia la piel muerta superficial. Apoya y mejora cualquier programa de aclarado en casa para un pulido profundo y un cutis resplandeciente.<\/p>","protected":false},"featured_media":278421,"template":"","meta":[],"product_brand":[],"product_cat":[31],"product_tag":[],"class_list":{"0":"post-2099","1":"product","2":"type-product","3":"status-publish","4":"has-post-thumbnail","6":"product_cat-rhonda-allison","7":"description-off","9":"first","10":"instock","11":"taxable","12":"shipping-taxable","13":"purchasable","14":"product-type-simple"},"_links":{"self":[{"href":"https:\/\/www.amyshouston.com\/es\/wp-json\/wp\/v2\/product\/2099","targetHints":{"allow":["GET"]}}],"collection":[{"href":"https:\/\/www.amyshouston.com\/es\/wp-json\/wp\/v2\/product"}],"about":[{"href":"https:\/\/www.amyshouston.com\/es\/wp-json\/wp\/v2\/types\/product"}],"wp:featuredmedia":[{"embeddable":true,"href":"https:\/\/www.amyshouston.com\/es\/wp-json\/wp\/v2\/media\/278421"}],"wp:attachment":[{"href":"https:\/\/www.amyshouston.com\/es\/wp-json\/wp\/v2\/media?parent=2099"}],"wp:term":[{"taxonomy":"product_brand","embeddable":true,"href":"https:\/\/www.amyshouston.com\/es\/wp-json\/wp\/v2\/product_brand?post=2099"},{"taxonomy":"product_cat","embeddable":true,"href":"https:\/\/www.amyshouston.com\/es\/wp-json\/wp\/v2\/product_cat?post=2099"},{"taxonomy":"product_tag","embeddable":true,"href":"https:\/\/www.amyshouston.com\/es\/wp-json\/wp\/v2\/product_tag?post=2099"}],"curies":[{"name":"wp","href":"https:\/\/api.w.org\/{rel}","templated":true}]}}