{"id":1551,"date":"2015-11-30T03:07:51","date_gmt":"2015-11-30T03:07:51","guid":{"rendered":"http:\/\/www.amyshouston.com\/shop\/christine-schrammek\/purifying-vital-balm\/"},"modified":"2015-11-30T03:07:51","modified_gmt":"2015-11-30T03:07:51","slug":"balsamo-vital-purificante","status":"publish","type":"product","link":"https:\/\/www.amyshouston.com\/es\/tienda\/christine-schrammek\/balsamo-vital-purificante\/","title":{"rendered":"B\u00e1lsamo Vital Purificante"},"content":{"rendered":"<p>Para pieles grasas con imperfecciones en edad madura. B\u00e1lsamo suave para pieles impuras y grasas que necesitan efectos antiedad adicionales. Afina los poros y la tez aparece pura y clara, sin brillos. Al mismo tiempo, la piel, con la ayuda de ingredientes seleccionados, recibe apoyo en la p\u00e9rdida de humedad y la disminuci\u00f3n de la regeneraci\u00f3n. Para una mayor elasticidad, resistencia y una piel fresca y clara en la edad madura. Sin derivados de PEG, parabenos, colorantes ni aceite mineral.<\/p>\n<p>40 ml<\/p>\n<p><strong>Combinaci\u00f3n-tipp:<\/strong> Para intensificar el efecto sobre las impurezas, se puede utilizar la ampolla IMPURITY STOP debajo del b\u00e1lsamo. Como apoyo adicional contra las arrugas, aplicar la ampolla PERFECT FUTURE antes de utilizar el B\u00c1LSAMO VITAL PURIFICANTE.<\/p>\n<p><strong>Ingredientes eficaces:<\/strong><\/p>\n<p>Epidermis: perfeccionador hol\u00edstico, afina los poros, alisa la textura de la piel<br \/>\nNormaseb\u2122: regula la producci\u00f3n de sebo en condiciones \u00f3ptimas - se mantiene el equilibrio.<br \/>\nMicrosilver: disminuye la inflamaci\u00f3n y previene la formaci\u00f3n de bacterias causantes del acn\u00e9 de forma suave para la piel.<br \/>\nResveratrol: \"mol\u00e9cula de la juventud\" del vino que activa las enzimas antienvejecimiento y corrige el proceso de envejecimiento - para un aspecto m\u00e1s joven y vital de la piel.<\/p>","protected":false},"excerpt":{"rendered":"<h3>Descripci\u00f3n breve<\/p>\n<h3>\nPara pieles grasas con imperfecciones en edad madura. B\u00e1lsamo suave para pieles impuras y grasas que necesitan efectos antiedad adicionales. Afina los poros y la tez aparece pura y clara, sin brillos. Al mismo tiempo, la piel, con la ayuda de ingredientes seleccionados, recibe apoyo en la p\u00e9rdida de humedad y la disminuci\u00f3n de la regeneraci\u00f3n. Para una mayor elasticidad, resistencia y una piel fresca y clara en la edad madura. Sin derivados de PEG, parabenos, colorantes ni aceite mineral.<\/p>","protected":false},"featured_media":1232,"template":"","meta":[],"product_brand":[],"product_cat":[35],"product_tag":[],"class_list":{"0":"post-1551","1":"product","2":"type-product","3":"status-publish","4":"has-post-thumbnail","6":"product_cat-christine-schrammek","7":"description-off","9":"first","10":"instock","11":"taxable","12":"shipping-taxable","13":"purchasable","14":"product-type-simple"},"_links":{"self":[{"href":"https:\/\/www.amyshouston.com\/es\/wp-json\/wp\/v2\/product\/1551","targetHints":{"allow":["GET"]}}],"collection":[{"href":"https:\/\/www.amyshouston.com\/es\/wp-json\/wp\/v2\/product"}],"about":[{"href":"https:\/\/www.amyshouston.com\/es\/wp-json\/wp\/v2\/types\/product"}],"wp:featuredmedia":[{"embeddable":true,"href":"https:\/\/www.amyshouston.com\/es\/wp-json\/wp\/v2\/media\/1232"}],"wp:attachment":[{"href":"https:\/\/www.amyshouston.com\/es\/wp-json\/wp\/v2\/media?parent=1551"}],"wp:term":[{"taxonomy":"product_brand","embeddable":true,"href":"https:\/\/www.amyshouston.com\/es\/wp-json\/wp\/v2\/product_brand?post=1551"},{"taxonomy":"product_cat","embeddable":true,"href":"https:\/\/www.amyshouston.com\/es\/wp-json\/wp\/v2\/product_cat?post=1551"},{"taxonomy":"product_tag","embeddable":true,"href":"https:\/\/www.amyshouston.com\/es\/wp-json\/wp\/v2\/product_tag?post=1551"}],"curies":[{"name":"wp","href":"https:\/\/api.w.org\/{rel}","templated":true}]}}