{"id":1541,"date":"2015-11-30T03:07:20","date_gmt":"2015-11-30T09:07:20","guid":{"rendered":"http:\/\/www.amyshouston.com\/shop\/christine-schrammek\/herbal-care-lotion-small\/"},"modified":"2022-11-18T17:15:45","modified_gmt":"2022-11-18T23:15:45","slug":"locion-herbal-care-pequena","status":"publish","type":"product","link":"https:\/\/www.amyshouston.com\/es\/tienda\/christine-schrammek\/locion-herbal-care-pequena\/","title":{"rendered":"Loci\u00f3n Herbal Care Peque\u00f1a"},"content":{"rendered":"<section class=\"widget-column  one_half\">\n<section class=\"img-top\">\n<div class=\"entry-content\">\n<p>Los extractos de hierbas seleccionadas y el pantenol calman, refrescan e hidratan la piel despu\u00e9s de la limpieza. Esta loci\u00f3n est\u00e1 especialmente indicada para pieles muy sensibles, dej\u00e1ndolas suaves. No contiene parabenos.<\/p>\n<p>200 ml<\/p>\n<p><strong>Consejo secreto: <\/strong>Para disfrutar de un frescor especial, guarde la Loci\u00f3n Herbal Care en el frigor\u00edfico.<\/p>\n<p><strong>Ingredientes eficaces:<\/strong><\/p>\n<p>Pantenol: hidratante<br \/>\nExtracto de milenrama: ayuda a reducir la sensibilidad de la piel<br \/>\nMelissa: calmante<\/p>\n<\/div>\n<\/section>\n<\/section>","protected":false},"excerpt":{"rendered":"<p>Los extractos de hierbas seleccionadas y el pantenol calman, refrescan e hidratan la piel despu\u00e9s de la limpieza. Esta loci\u00f3n est\u00e1 especialmente indicada para pieles muy sensibles, dej\u00e1ndolas suaves. No contiene parabenos.<\/p>","protected":false},"featured_media":1235,"template":"","meta":[],"product_brand":[],"product_cat":[35],"product_tag":[],"class_list":{"0":"post-1541","1":"product","2":"type-product","3":"status-publish","4":"has-post-thumbnail","6":"product_cat-christine-schrammek","7":"description-off","9":"first","10":"instock","11":"taxable","12":"shipping-taxable","13":"purchasable","14":"product-type-simple"},"_links":{"self":[{"href":"https:\/\/www.amyshouston.com\/es\/wp-json\/wp\/v2\/product\/1541","targetHints":{"allow":["GET"]}}],"collection":[{"href":"https:\/\/www.amyshouston.com\/es\/wp-json\/wp\/v2\/product"}],"about":[{"href":"https:\/\/www.amyshouston.com\/es\/wp-json\/wp\/v2\/types\/product"}],"wp:featuredmedia":[{"embeddable":true,"href":"https:\/\/www.amyshouston.com\/es\/wp-json\/wp\/v2\/media\/1235"}],"wp:attachment":[{"href":"https:\/\/www.amyshouston.com\/es\/wp-json\/wp\/v2\/media?parent=1541"}],"wp:term":[{"taxonomy":"product_brand","embeddable":true,"href":"https:\/\/www.amyshouston.com\/es\/wp-json\/wp\/v2\/product_brand?post=1541"},{"taxonomy":"product_cat","embeddable":true,"href":"https:\/\/www.amyshouston.com\/es\/wp-json\/wp\/v2\/product_cat?post=1541"},{"taxonomy":"product_tag","embeddable":true,"href":"https:\/\/www.amyshouston.com\/es\/wp-json\/wp\/v2\/product_tag?post=1541"}],"curies":[{"name":"wp","href":"https:\/\/api.w.org\/{rel}","templated":true}]}}