{"id":1531,"date":"2015-11-30T03:06:50","date_gmt":"2015-11-30T03:06:50","guid":{"rendered":"http:\/\/www.amyshouston.com\/shop\/christine-schrammek\/skin-elixier-small\/"},"modified":"2015-11-30T03:06:50","modified_gmt":"2015-11-30T03:06:50","slug":"elixir-cutaneo-pequeno","status":"publish","type":"product","link":"https:\/\/www.amyshouston.com\/es\/tienda\/christine-schrammek\/elixir-cutaneo-pequeno\/","title":{"rendered":"Skin Elixier Peque\u00f1o"},"content":{"rendered":"<p>Skin Elixier es un fluido de belleza perfectamente armonizado con propiedades protectoras y regeneradoras que proporciona a las pieles secas y exigentes un aspecto m\u00e1s fresco. Combate tanto las l\u00edneas de expresi\u00f3n provocadas por la sequedad como la piel cansada y protege contra los radicales libres. El fluido es rico en g\u00e9rmenes de trigo y aceites bot\u00e1nicos, dej\u00e1ndola suave y flexible. Un fluido de cuidado \u00fanico para una nueva vitalidad. Sin parabenos ni aceites minerales.<\/p>\n<p><strong>Ingredientes eficaces: <\/strong><\/p>\n<p>Aceite de cardo y germen de trigo: con una elevada proporci\u00f3n de \u00e1cidos grasos esenciales, film\u00f3geno y suavizante<br \/>\nCoenzima Q10: proveedor de energ\u00eda y eliminador de radicales<br \/>\nLiposomas ACE: vitaminas hidrosolubles y liposolubles encapsuladas con gran efecto antioxidante<br \/>\nTintura de Gingko: activadora, regeneradora<\/p>\n<p>&nbsp;<\/p>","protected":false},"excerpt":{"rendered":"<p>Skin Elixier es un fluido de belleza perfectamente armonizado con propiedades protectoras y regeneradoras que proporciona a las pieles secas y exigentes un aspecto m\u00e1s fresco. Combate tanto las l\u00edneas de expresi\u00f3n provocadas por la sequedad como la piel cansada y protege contra los radicales libres. El fluido es rico en g\u00e9rmenes de trigo y aceites bot\u00e1nicos, dej\u00e1ndola suave y flexible. Un fluido de cuidado \u00fanico para una nueva vitalidad. Sin parabenos ni aceites minerales.<\/p>\n<p>&nbsp;<\/p>\n<p><strong>Ingredientes eficaces: <\/strong><\/p>\n<p>Aceite de cardo y germen de trigo: con una elevada proporci\u00f3n de \u00e1cidos grasos esenciales, film\u00f3geno y suavizante<br \/>\nCoenzima Q10: proveedor de energ\u00eda y eliminador de radicales<br \/>\nLiposomas ACE: vitaminas hidrosolubles y liposolubles encapsuladas con gran efecto antioxidante<br \/>\nTintura de Gingko: activadora, regeneradora<\/p>","protected":false},"featured_media":1239,"template":"","meta":[],"product_brand":[],"product_cat":[35],"product_tag":[],"class_list":{"0":"post-1531","1":"product","2":"type-product","3":"status-publish","4":"has-post-thumbnail","6":"product_cat-christine-schrammek","7":"description-off","9":"first","10":"instock","11":"taxable","12":"shipping-taxable","13":"purchasable","14":"product-type-simple"},"_links":{"self":[{"href":"https:\/\/www.amyshouston.com\/es\/wp-json\/wp\/v2\/product\/1531","targetHints":{"allow":["GET"]}}],"collection":[{"href":"https:\/\/www.amyshouston.com\/es\/wp-json\/wp\/v2\/product"}],"about":[{"href":"https:\/\/www.amyshouston.com\/es\/wp-json\/wp\/v2\/types\/product"}],"wp:featuredmedia":[{"embeddable":true,"href":"https:\/\/www.amyshouston.com\/es\/wp-json\/wp\/v2\/media\/1239"}],"wp:attachment":[{"href":"https:\/\/www.amyshouston.com\/es\/wp-json\/wp\/v2\/media?parent=1531"}],"wp:term":[{"taxonomy":"product_brand","embeddable":true,"href":"https:\/\/www.amyshouston.com\/es\/wp-json\/wp\/v2\/product_brand?post=1531"},{"taxonomy":"product_cat","embeddable":true,"href":"https:\/\/www.amyshouston.com\/es\/wp-json\/wp\/v2\/product_cat?post=1531"},{"taxonomy":"product_tag","embeddable":true,"href":"https:\/\/www.amyshouston.com\/es\/wp-json\/wp\/v2\/product_tag?post=1531"}],"curies":[{"name":"wp","href":"https:\/\/api.w.org\/{rel}","templated":true}]}}