{"id":1525,"date":"2015-11-30T03:06:32","date_gmt":"2015-11-30T03:06:32","guid":{"rendered":"http:\/\/www.amyshouston.com\/shop\/christine-schrammek\/special-care-cream\/"},"modified":"2015-11-30T03:06:32","modified_gmt":"2015-11-30T03:06:32","slug":"crema-cuidado-especial","status":"publish","type":"product","link":"https:\/\/www.amyshouston.com\/es\/tienda\/christine-schrammek\/crema-cuidado-especial\/","title":{"rendered":"Crema de cuidados especiales"},"content":{"rendered":"<p>Crema de cuidado 24 horas para pieles sensibles y secas. Calma la piel, disminuye la sensaci\u00f3n de tirantez dejando la piel suave y flexible. Su textura ligera con valiosos ingredientes se absorbe r\u00e1pidamente dejando una agradable sensaci\u00f3n en la piel.<br \/>\nSin aceites minerales.<\/p>\n<p>50 ml<\/p>\n<p><strong>Consejo: <\/strong>Tratamiento de prueba para pieles sensibles.<\/p>\n<p><strong>Ingredientes eficaces:<\/strong><\/p>\n<p>Manteca de karit\u00e9: rica en \u00e1cidos grasos insaturados y vitaminas, protege y calma la piel<br \/>\nPantenol: hidratante<br \/>\n\u00c1cido urs\u00f3lico: protege contra los radicales libres, antiinflamatorio<\/p>","protected":false},"excerpt":{"rendered":"<section class=\"widget-column  one_half\">\n<section class=\"img-top\">\n<div class=\"entry-content\">\n<p>Crema de cuidado 24 horas para pieles sensibles y secas. Calma la piel, disminuye la sensaci\u00f3n de tirantez dejando la piel suave y flexible. Su textura ligera con valiosos ingredientes se absorbe r\u00e1pidamente dejando una agradable sensaci\u00f3n en la piel.<br \/>\nSin aceites minerales.<\/p>\n<\/div>\n<\/section>\n<\/section>","protected":false},"featured_media":1244,"template":"","meta":[],"product_brand":[],"product_cat":[35],"product_tag":[],"class_list":{"0":"post-1525","1":"product","2":"type-product","3":"status-publish","4":"has-post-thumbnail","6":"product_cat-christine-schrammek","7":"description-off","9":"first","10":"instock","11":"taxable","12":"shipping-taxable","13":"purchasable","14":"product-type-simple"},"_links":{"self":[{"href":"https:\/\/www.amyshouston.com\/es\/wp-json\/wp\/v2\/product\/1525","targetHints":{"allow":["GET"]}}],"collection":[{"href":"https:\/\/www.amyshouston.com\/es\/wp-json\/wp\/v2\/product"}],"about":[{"href":"https:\/\/www.amyshouston.com\/es\/wp-json\/wp\/v2\/types\/product"}],"wp:featuredmedia":[{"embeddable":true,"href":"https:\/\/www.amyshouston.com\/es\/wp-json\/wp\/v2\/media\/1244"}],"wp:attachment":[{"href":"https:\/\/www.amyshouston.com\/es\/wp-json\/wp\/v2\/media?parent=1525"}],"wp:term":[{"taxonomy":"product_brand","embeddable":true,"href":"https:\/\/www.amyshouston.com\/es\/wp-json\/wp\/v2\/product_brand?post=1525"},{"taxonomy":"product_cat","embeddable":true,"href":"https:\/\/www.amyshouston.com\/es\/wp-json\/wp\/v2\/product_cat?post=1525"},{"taxonomy":"product_tag","embeddable":true,"href":"https:\/\/www.amyshouston.com\/es\/wp-json\/wp\/v2\/product_tag?post=1525"}],"curies":[{"name":"wp","href":"https:\/\/api.w.org\/{rel}","templated":true}]}}