{"id":1523,"date":"2015-11-30T03:06:25","date_gmt":"2015-11-30T03:06:25","guid":{"rendered":"http:\/\/www.amyshouston.com\/shop\/christine-schrammek\/time-control-eye-cream\/"},"modified":"2015-11-30T03:06:25","modified_gmt":"2015-11-30T03:06:25","slug":"crema-contorno-de-ojos-time-control","status":"publish","type":"product","link":"https:\/\/www.amyshouston.com\/es\/tienda\/christine-schrammek\/crema-contorno-de-ojos-time-control\/","title":{"rendered":"Time Control Contorno de Ojos"},"content":{"rendered":"<p>Crema especialmente rica para un contorno de ojos de aspecto m\u00e1s joven. El p\u00e9ptido bota*, los \u00e1cidos hialur\u00f3nicos con efecto rellenador y el valioso cardo mariano* est\u00e1n formulados para pieles cansadas que necesitan vitalidad. Apoyo \u00f3ptimo para una superficie cut\u00e1nea lisa. La zona comprometida del contorno de ojos aparece fortalecida, las ojeras se minimizan, los poros se afinan. Para una mirada joven.<\/p>\n<p>* Ingredientes recomendados por la Sociedad de Dermofarmacia.<\/p>\n<p>15 ml<\/p>\n<p><strong>Consejo de bienestar:<\/strong> Tambi\u00e9n adecuado para masajes en la zona de los ojos.<\/p>\n<p><strong>Ingredientes eficaces: <\/strong><\/p>\n<p>Aquafill: Ingrediente natural a base de \u00e1cidos hialur\u00f3nicos y cebada. Efecto excepcional a corto y largo plazo sobre la hidrataci\u00f3n de la piel (aspecto m\u00e1s relleno).<br \/>\nMatrixyl\u00ae3000: Los p\u00e9ptidos Bota antienvejecimiento estimulan la producci\u00f3n de col\u00e1geno y mejoran el tono y la elasticidad de la piel.  Estudios de casos han verificado su efecto rejuvenecedor.<br \/>\nSilimarina (aceite de cardo mariano): Protege la piel de los efectos de los radicales libres (por ejemplo, de los efectos medioambientales, radiaci\u00f3n UV).<\/p>","protected":false},"excerpt":{"rendered":"<p>Crema especialmente rica para un contorno de ojos de aspecto m\u00e1s joven. El p\u00e9ptido bota*, los \u00e1cidos hialur\u00f3nicos con efecto rellenador y el valioso cardo mariano* est\u00e1n formulados para pieles cansadas que necesitan vitalidad. Apoyo \u00f3ptimo para una superficie cut\u00e1nea lisa. La zona comprometida del contorno de ojos aparece fortalecida, las ojeras se minimizan, los poros se afinan. Para una mirada joven.<\/p>","protected":false},"featured_media":1245,"template":"","meta":[],"product_brand":[],"product_cat":[35],"product_tag":[],"class_list":{"0":"post-1523","1":"product","2":"type-product","3":"status-publish","4":"has-post-thumbnail","6":"product_cat-christine-schrammek","7":"description-off","9":"first","10":"instock","11":"taxable","12":"shipping-taxable","13":"purchasable","14":"product-type-simple"},"_links":{"self":[{"href":"https:\/\/www.amyshouston.com\/es\/wp-json\/wp\/v2\/product\/1523","targetHints":{"allow":["GET"]}}],"collection":[{"href":"https:\/\/www.amyshouston.com\/es\/wp-json\/wp\/v2\/product"}],"about":[{"href":"https:\/\/www.amyshouston.com\/es\/wp-json\/wp\/v2\/types\/product"}],"wp:featuredmedia":[{"embeddable":true,"href":"https:\/\/www.amyshouston.com\/es\/wp-json\/wp\/v2\/media\/1245"}],"wp:attachment":[{"href":"https:\/\/www.amyshouston.com\/es\/wp-json\/wp\/v2\/media?parent=1523"}],"wp:term":[{"taxonomy":"product_brand","embeddable":true,"href":"https:\/\/www.amyshouston.com\/es\/wp-json\/wp\/v2\/product_brand?post=1523"},{"taxonomy":"product_cat","embeddable":true,"href":"https:\/\/www.amyshouston.com\/es\/wp-json\/wp\/v2\/product_cat?post=1523"},{"taxonomy":"product_tag","embeddable":true,"href":"https:\/\/www.amyshouston.com\/es\/wp-json\/wp\/v2\/product_tag?post=1523"}],"curies":[{"name":"wp","href":"https:\/\/api.w.org\/{rel}","templated":true}]}}