{"id":1521,"date":"2015-11-30T03:02:43","date_gmt":"2015-11-30T09:02:43","guid":{"rendered":"http:\/\/www.amyshouston.com\/shop\/revision-skincare\/dej-eye-cream\/"},"modified":"2022-11-18T17:00:26","modified_gmt":"2022-11-18T23:00:26","slug":"crema-contorno-de-ojos-dej","status":"publish","type":"product","link":"https:\/\/www.amyshouston.com\/es\/tienda\/revision-del-cuidado-de-la-piel\/crema-contorno-de-ojos-dej\/","title":{"rendered":"Contorno de ojos DEJ"},"content":{"rendered":"<p>D-E-J eye cream\u2122 proporciona una hidrataci\u00f3n intensa para una textura de la piel m\u00e1s suave. Extractos avanzados, p\u00e9ptidos y potentes antioxidantes act\u00faan de forma cohesionada para crear resultados cl\u00ednicamente probados.<\/p>\n<ul>\n<li>96% de los sujetos experimentaron una mejora en el aspecto de las l\u00edneas de expresi\u00f3n, la firmeza y el fotoda\u00f1o general*.<\/li>\n<li>90% de los sujetos experimentaron una mejora del aspecto del p\u00e1rpado superior*.<\/li>\n<\/ul>\n<p><small>*Datos archivados. Los resultados pueden variar.<\/small><\/p>","protected":false},"excerpt":{"rendered":"<p>D-E-J eye cream\u2122 proporciona una hidrataci\u00f3n intensa para una textura de la piel m\u00e1s suave. Extractos avanzados, p\u00e9ptidos y potentes antioxidantes trabajan cohesivamente para crear resultados cl\u00ednicamente probados. 96% de los sujetos experimentaron una mejora en el aspecto de las l\u00edneas de expresi\u00f3n, la firmeza y el fotoda\u00f1o general* 90% de los sujetos experimentaron una mejora en el aspecto del p\u00e1rpado superior* *Datos archivados. Los resultados pueden variar.<\/p>","protected":false},"featured_media":1268,"template":"","meta":[],"product_brand":[],"product_cat":[34],"product_tag":[],"class_list":{"0":"post-1521","1":"product","2":"type-product","3":"status-publish","4":"has-post-thumbnail","6":"product_cat-revision-skincare","7":"description-off","9":"first","10":"instock","11":"taxable","12":"shipping-taxable","13":"purchasable","14":"product-type-simple"},"_links":{"self":[{"href":"https:\/\/www.amyshouston.com\/es\/wp-json\/wp\/v2\/product\/1521","targetHints":{"allow":["GET"]}}],"collection":[{"href":"https:\/\/www.amyshouston.com\/es\/wp-json\/wp\/v2\/product"}],"about":[{"href":"https:\/\/www.amyshouston.com\/es\/wp-json\/wp\/v2\/types\/product"}],"wp:featuredmedia":[{"embeddable":true,"href":"https:\/\/www.amyshouston.com\/es\/wp-json\/wp\/v2\/media\/1268"}],"wp:attachment":[{"href":"https:\/\/www.amyshouston.com\/es\/wp-json\/wp\/v2\/media?parent=1521"}],"wp:term":[{"taxonomy":"product_brand","embeddable":true,"href":"https:\/\/www.amyshouston.com\/es\/wp-json\/wp\/v2\/product_brand?post=1521"},{"taxonomy":"product_cat","embeddable":true,"href":"https:\/\/www.amyshouston.com\/es\/wp-json\/wp\/v2\/product_cat?post=1521"},{"taxonomy":"product_tag","embeddable":true,"href":"https:\/\/www.amyshouston.com\/es\/wp-json\/wp\/v2\/product_tag?post=1521"}],"curies":[{"name":"wp","href":"https:\/\/api.w.org\/{rel}","templated":true}]}}