{"id":1517,"date":"2015-11-30T03:02:31","date_gmt":"2015-11-30T09:02:31","guid":{"rendered":"http:\/\/www.amyshouston.com\/shop\/revision-skincare\/intellishade-spf-45\/"},"modified":"2021-10-02T22:23:02","modified_gmt":"2021-10-03T03:23:02","slug":"intellishade-spf-45","status":"publish","type":"product","link":"https:\/\/www.amyshouston.com\/es\/tienda\/revision-del-cuidado-de-la-piel\/intellishade-spf-45\/","title":{"rendered":"Intellishade SPF 45 Mate"},"content":{"rendered":"<p>Combate los signos del envejecimiento\u00ae con esta galardonada crema hidratante con color que aporta a la piel un toque de color puro y saludable. Formulada con una mezcla de tres p\u00e9ptidos y protecci\u00f3n UVA y UVB de amplio espectro, es la forma inteligente de cuidar tu piel.<\/p>\n<ul>\n<li>Hidrata y se funde de forma natural con el color de la piel<\/li>\n<li>Reduce la aparici\u00f3n de l\u00edneas finas y arrugas<\/li>\n<li>Proporciona protecci\u00f3n UV de amplio espectro<\/li>\n<li>Su f\u00f3rmula mate contiene la \u00faltima tecnolog\u00eda para minimizar los poros<\/li>\n<li>Combate el fotoda\u00f1o que provoca el envejecimiento prematuro<\/li>\n<\/ul>","protected":false},"excerpt":{"rendered":"<p>Combate los signos del envejecimiento\u00ae con esta galardonada crema hidratante con color que aporta a la piel un toque de color puro y saludable. Formulada con una mezcla de tres p\u00e9ptidos y protecci\u00f3n UVA y UVB de amplio espectro, es la forma m\u00e1s inteligente de cuidar tu piel. Hidrata y se funde naturalmente con el color de su piel Reduce la aparici\u00f3n de...<\/p>","protected":false},"featured_media":1270,"template":"","meta":[],"product_brand":[],"product_cat":[34],"product_tag":[],"class_list":{"0":"post-1517","1":"product","2":"type-product","3":"status-publish","4":"has-post-thumbnail","6":"product_cat-revision-skincare","7":"description-off","9":"first","10":"instock","11":"taxable","12":"shipping-taxable","13":"purchasable","14":"product-type-simple"},"_links":{"self":[{"href":"https:\/\/www.amyshouston.com\/es\/wp-json\/wp\/v2\/product\/1517","targetHints":{"allow":["GET"]}}],"collection":[{"href":"https:\/\/www.amyshouston.com\/es\/wp-json\/wp\/v2\/product"}],"about":[{"href":"https:\/\/www.amyshouston.com\/es\/wp-json\/wp\/v2\/types\/product"}],"wp:featuredmedia":[{"embeddable":true,"href":"https:\/\/www.amyshouston.com\/es\/wp-json\/wp\/v2\/media\/1270"}],"wp:attachment":[{"href":"https:\/\/www.amyshouston.com\/es\/wp-json\/wp\/v2\/media?parent=1517"}],"wp:term":[{"taxonomy":"product_brand","embeddable":true,"href":"https:\/\/www.amyshouston.com\/es\/wp-json\/wp\/v2\/product_brand?post=1517"},{"taxonomy":"product_cat","embeddable":true,"href":"https:\/\/www.amyshouston.com\/es\/wp-json\/wp\/v2\/product_cat?post=1517"},{"taxonomy":"product_tag","embeddable":true,"href":"https:\/\/www.amyshouston.com\/es\/wp-json\/wp\/v2\/product_tag?post=1517"}],"curies":[{"name":"wp","href":"https:\/\/api.w.org\/{rel}","templated":true}]}}