{"id":1513,"date":"2015-11-30T02:58:59","date_gmt":"2015-11-30T08:58:59","guid":{"rendered":"http:\/\/www.amyshouston.com\/shop\/elta-md\/uv-clear-spf-46\/"},"modified":"2026-01-28T17:46:43","modified_gmt":"2026-01-28T23:46:43","slug":"uv-clear-spf-46","status":"publish","type":"product","link":"https:\/\/www.amyshouston.com\/es\/tienda\/elta-md\/uv-clear-spf-46\/","title":{"rendered":"UV transparente SPF 46"},"content":{"rendered":"<p>EltaMD UV Clear sin aceite ayuda a calmar y proteger las pieles sensibles propensas a los brotes, la ros\u00e1cea y la decoloraci\u00f3n. Contiene niacinamida (vitamina B3), \u00e1cido hialur\u00f3nico y \u00e1cido l\u00e1ctico, ingredientes que favorecen el aspecto saludable de la piel. Muy ligera y sedosa, puede usarse con maquillaje o sola. Puede elegir entre f\u00f3rmulas con o sin color para utilizarla a diario.<\/p>\n<ul>\n<li>9.0% \u00f3xido de zinc transparente<\/li>\n<li>Los antioxidantes ayudan a absorber los radicales libres<\/li>\n<li>Calma y protege la piel propensa al acn\u00e9<\/li>\n<li>No deja residuos<\/li>\n<li>Protecci\u00f3n solar UVA\/UVB<\/li>\n<li>Sin perfume, sin aceite, sin parabenos, sin sensibilidad y no comedog\u00e9nico<\/li>\n<\/ul>","protected":false},"excerpt":{"rendered":"<p>EltaMD UV Clear sin aceite ayuda a calmar y proteger las pieles sensibles propensas a los brotes, la ros\u00e1cea y la decoloraci\u00f3n. Contiene niacinamida (vitamina B3), \u00e1cido hialur\u00f3nico y \u00e1cido l\u00e1ctico, ingredientes que favorecen el aspecto saludable de la piel. Muy ligera y sedosa, puede usarse con maquillaje o sola. Elija entre f\u00f3rmulas con o sin color para utilizar...<\/p>","protected":false},"featured_media":1263,"template":"","meta":[],"product_brand":[],"product_cat":[33],"product_tag":[],"class_list":{"0":"post-1513","1":"product","2":"type-product","3":"status-publish","4":"has-post-thumbnail","6":"product_cat-elta-md","7":"description-off","9":"first","10":"instock","11":"taxable","12":"shipping-taxable","13":"purchasable","14":"product-type-simple"},"_links":{"self":[{"href":"https:\/\/www.amyshouston.com\/es\/wp-json\/wp\/v2\/product\/1513","targetHints":{"allow":["GET"]}}],"collection":[{"href":"https:\/\/www.amyshouston.com\/es\/wp-json\/wp\/v2\/product"}],"about":[{"href":"https:\/\/www.amyshouston.com\/es\/wp-json\/wp\/v2\/types\/product"}],"wp:featuredmedia":[{"embeddable":true,"href":"https:\/\/www.amyshouston.com\/es\/wp-json\/wp\/v2\/media\/1263"}],"wp:attachment":[{"href":"https:\/\/www.amyshouston.com\/es\/wp-json\/wp\/v2\/media?parent=1513"}],"wp:term":[{"taxonomy":"product_brand","embeddable":true,"href":"https:\/\/www.amyshouston.com\/es\/wp-json\/wp\/v2\/product_brand?post=1513"},{"taxonomy":"product_cat","embeddable":true,"href":"https:\/\/www.amyshouston.com\/es\/wp-json\/wp\/v2\/product_cat?post=1513"},{"taxonomy":"product_tag","embeddable":true,"href":"https:\/\/www.amyshouston.com\/es\/wp-json\/wp\/v2\/product_tag?post=1513"}],"curies":[{"name":"wp","href":"https:\/\/api.w.org\/{rel}","templated":true}]}}