{"id":1507,"date":"2015-11-30T02:58:41","date_gmt":"2015-11-30T08:58:41","guid":{"rendered":"http:\/\/www.amyshouston.com\/shop\/elta-md\/uv-physical-spf-41\/"},"modified":"2026-01-28T17:46:52","modified_gmt":"2026-01-28T23:46:52","slug":"uv-fisico-spf-41","status":"publish","type":"product","link":"https:\/\/www.amyshouston.com\/es\/tienda\/elta-md\/uv-fisico-spf-41\/","title":{"rendered":"UV F\u00edsico SPF 41"},"content":{"rendered":"<p>Para una protecci\u00f3n solar sin aceites con un toque de color, nuestro UV Physical ligeramente tintado es una opci\u00f3n saludable. Este protector solar mineral natural sin productos qu\u00edmicos contiene antioxidantes que neutralizan los radicales libres. UV Physical es resistente al agua, la humedad y la transpiraci\u00f3n.<\/p>\n<ul>\n<li>9.0% \u00f3xido de zinc transparente<\/li>\n<li>Los antioxidantes ayudan a absorber los radicales libres<\/li>\n<li>F\u00f3rmula ligeramente tintada<\/li>\n<li>Resistente al agua (40 minutos)<\/li>\n<li>Protecci\u00f3n solar UVA\/UVB<\/li>\n<li>Sin perfume, sin aceite, sin parabenos, sin sensibilidad, sin productos qu\u00edmicos y no comedog\u00e9nico<\/li>\n<\/ul>","protected":false},"excerpt":{"rendered":"<p>Para una protecci\u00f3n solar sin aceites con un toque de color, nuestro UV Physical ligeramente tintado es una opci\u00f3n saludable. Este protector solar mineral natural sin productos qu\u00edmicos contiene antioxidantes que neutralizan los radicales libres. UV Physical resistente al agua soporta el agua, la humedad y la transpiraci\u00f3n. 9.0% \u00f3xido de zinc transparente Los antioxidantes ayudan a absorber los radicales libres F\u00f3rmula ligeramente tintada Resistente al agua (40 minutos) Protecci\u00f3n solar UVA\/UVB...<\/p>","protected":false},"featured_media":1266,"template":"","meta":[],"product_brand":[],"product_cat":[33],"product_tag":[],"class_list":{"0":"post-1507","1":"product","2":"type-product","3":"status-publish","4":"has-post-thumbnail","6":"product_cat-elta-md","7":"description-off","9":"first","10":"instock","11":"taxable","12":"shipping-taxable","13":"purchasable","14":"product-type-simple"},"_links":{"self":[{"href":"https:\/\/www.amyshouston.com\/es\/wp-json\/wp\/v2\/product\/1507","targetHints":{"allow":["GET"]}}],"collection":[{"href":"https:\/\/www.amyshouston.com\/es\/wp-json\/wp\/v2\/product"}],"about":[{"href":"https:\/\/www.amyshouston.com\/es\/wp-json\/wp\/v2\/types\/product"}],"wp:featuredmedia":[{"embeddable":true,"href":"https:\/\/www.amyshouston.com\/es\/wp-json\/wp\/v2\/media\/1266"}],"wp:attachment":[{"href":"https:\/\/www.amyshouston.com\/es\/wp-json\/wp\/v2\/media?parent=1507"}],"wp:term":[{"taxonomy":"product_brand","embeddable":true,"href":"https:\/\/www.amyshouston.com\/es\/wp-json\/wp\/v2\/product_brand?post=1507"},{"taxonomy":"product_cat","embeddable":true,"href":"https:\/\/www.amyshouston.com\/es\/wp-json\/wp\/v2\/product_cat?post=1507"},{"taxonomy":"product_tag","embeddable":true,"href":"https:\/\/www.amyshouston.com\/es\/wp-json\/wp\/v2\/product_tag?post=1507"}],"curies":[{"name":"wp","href":"https:\/\/api.w.org\/{rel}","templated":true}]}}