{"id":1492,"date":"2015-11-30T02:16:11","date_gmt":"2015-11-30T02:16:11","guid":{"rendered":"http:\/\/www.amyshouston.com\/shop\/dr-grandel\/beautygen-eye-lip\/"},"modified":"2015-11-30T02:16:11","modified_gmt":"2015-11-30T02:16:11","slug":"beautygen-ojos-labios","status":"publish","type":"product","link":"https:\/\/www.amyshouston.com\/es\/tienda\/dr-grandel\/beautygen-ojos-labios\/","title":{"rendered":"BEAUTYGEN Ojos y Labios"},"content":{"rendered":"<p><strong>DR. GRANDEL BEAUTYGEN OJOS Y LABIOS<\/strong> con Extracto de Algas de las Nieves -como ingrediente cosm\u00e9tico totalmente nuevo- activa el \"gen de belleza\" de la piel. Adem\u00e1s, <strong>p\u00e9ptidos antiedad<\/strong> refuerzan los mecanismos de reparaci\u00f3n de la piel y frenan el proceso de envejecimiento. Un extracto del \u00e1rbol de la seda rejuvenece la zona de los ojos y eleva el p\u00e1rpado, de modo que se alisan las peque\u00f1as arrugas y l\u00edneas de expresi\u00f3n.<\/p>","protected":false},"excerpt":{"rendered":"<p>BEAUTYGEN Snow Algae Extract activa el gen de belleza de la piel.  Tambi\u00e9n es beneficioso para la piel especialmente delicada de la zona de los ojos y los labios.  Adem\u00e1s, los p\u00e9ptidos antiedad refuerzan los mecanismos de reparaci\u00f3n de la piel y frenan el proceso de envejecimiento.  Las peque\u00f1as arrugas de las zonas de los ojos y los labios se suavizan.<\/p>\n<p>Ingredientes activos:  Extracto de Algas de las Nieves, Extracto de \u00c1rbol de la Seda, Sea Lift (extracto de plancton)<\/p>","protected":false},"featured_media":1251,"template":"","meta":[],"product_brand":[],"product_cat":[32],"product_tag":[],"class_list":{"0":"post-1492","1":"product","2":"type-product","3":"status-publish","4":"has-post-thumbnail","6":"product_cat-dr-grandel","7":"description-off","9":"first","10":"instock","11":"taxable","12":"shipping-taxable","13":"purchasable","14":"product-type-simple"},"_links":{"self":[{"href":"https:\/\/www.amyshouston.com\/es\/wp-json\/wp\/v2\/product\/1492","targetHints":{"allow":["GET"]}}],"collection":[{"href":"https:\/\/www.amyshouston.com\/es\/wp-json\/wp\/v2\/product"}],"about":[{"href":"https:\/\/www.amyshouston.com\/es\/wp-json\/wp\/v2\/types\/product"}],"wp:featuredmedia":[{"embeddable":true,"href":"https:\/\/www.amyshouston.com\/es\/wp-json\/wp\/v2\/media\/1251"}],"wp:attachment":[{"href":"https:\/\/www.amyshouston.com\/es\/wp-json\/wp\/v2\/media?parent=1492"}],"wp:term":[{"taxonomy":"product_brand","embeddable":true,"href":"https:\/\/www.amyshouston.com\/es\/wp-json\/wp\/v2\/product_brand?post=1492"},{"taxonomy":"product_cat","embeddable":true,"href":"https:\/\/www.amyshouston.com\/es\/wp-json\/wp\/v2\/product_cat?post=1492"},{"taxonomy":"product_tag","embeddable":true,"href":"https:\/\/www.amyshouston.com\/es\/wp-json\/wp\/v2\/product_tag?post=1492"}],"curies":[{"name":"wp","href":"https:\/\/api.w.org\/{rel}","templated":true}]}}