{"id":1490,"date":"2015-11-30T02:16:05","date_gmt":"2015-11-30T02:16:05","guid":{"rendered":"http:\/\/www.amyshouston.com\/shop\/dr-grandel\/element-of-nature-purisoft-cream\/"},"modified":"2018-07-14T01:33:38","modified_gmt":"2018-07-14T06:33:38","slug":"elemento-de-naturaleza-crema-purisoft","status":"publish","type":"product","link":"https:\/\/www.amyshouston.com\/es\/tienda\/dr-grandel\/elemento-de-naturaleza-crema-purisoft\/","title":{"rendered":"Elemento de la Naturaleza Purisoft"},"content":{"rendered":"<p>El suave gel limpiador con suaves sustancias purificantes del mundo de la naturaleza limpia y refresca la piel, haci\u00e9ndola sentir naturalmente limpia y fresca. <strong>DR. GRANDEL Puri Suave<\/strong> tambi\u00e9n es ideal para desmaquillarse.<\/p>","protected":false},"excerpt":{"rendered":"<p>El cuidado reafirmante con Vitamina E y Bioflavona mejora la estructura y elasticidad de la piel madura. Favorece la regeneraci\u00f3n natural, protege contra la p\u00e9rdida de hidrataci\u00f3n y aporta a la piel valiosos aceites naturales para conseguir un cutis revitalizado e hidratado. <strong>DR. GRANDEL Regeneraci\u00f3n<\/strong> protege contra los factores negativos que provocan el envejecimiento de la piel y tambi\u00e9n reduce el envejecimiento cut\u00e1neo relacionado con las hormonas.<\/p>\n<p>INGREDIENTES DESTACADOS:<br \/>\nVitamina E, Bioflavon, Aceite de germen de trigo, Aceite de arg\u00e1n<\/p>","protected":false},"featured_media":1253,"template":"","meta":[],"product_brand":[],"product_cat":[32],"product_tag":[],"class_list":{"0":"post-1490","1":"product","2":"type-product","3":"status-publish","4":"has-post-thumbnail","6":"product_cat-dr-grandel","7":"description-off","9":"first","10":"instock","11":"taxable","12":"shipping-taxable","13":"purchasable","14":"product-type-variable","15":"has-default-attributes"},"_links":{"self":[{"href":"https:\/\/www.amyshouston.com\/es\/wp-json\/wp\/v2\/product\/1490","targetHints":{"allow":["GET"]}}],"collection":[{"href":"https:\/\/www.amyshouston.com\/es\/wp-json\/wp\/v2\/product"}],"about":[{"href":"https:\/\/www.amyshouston.com\/es\/wp-json\/wp\/v2\/types\/product"}],"wp:featuredmedia":[{"embeddable":true,"href":"https:\/\/www.amyshouston.com\/es\/wp-json\/wp\/v2\/media\/1253"}],"wp:attachment":[{"href":"https:\/\/www.amyshouston.com\/es\/wp-json\/wp\/v2\/media?parent=1490"}],"wp:term":[{"taxonomy":"product_brand","embeddable":true,"href":"https:\/\/www.amyshouston.com\/es\/wp-json\/wp\/v2\/product_brand?post=1490"},{"taxonomy":"product_cat","embeddable":true,"href":"https:\/\/www.amyshouston.com\/es\/wp-json\/wp\/v2\/product_cat?post=1490"},{"taxonomy":"product_tag","embeddable":true,"href":"https:\/\/www.amyshouston.com\/es\/wp-json\/wp\/v2\/product_tag?post=1490"}],"curies":[{"name":"wp","href":"https:\/\/api.w.org\/{rel}","templated":true}]}}