{"id":1486,"date":"2015-11-30T02:15:53","date_gmt":"2015-11-30T02:15:53","guid":{"rendered":"http:\/\/www.amyshouston.com\/shop\/dr-grandel\/soft-tonic\/"},"modified":"2021-10-02T22:22:07","modified_gmt":"2021-10-03T03:22:07","slug":"tonico-suave","status":"publish","type":"product","link":"https:\/\/www.amyshouston.com\/es\/tienda\/dr-grandel\/tonico-suave\/","title":{"rendered":"T\u00f3nico suave"},"content":{"rendered":"<p><strong>DR. GRANDEL T\u00f3nico Suave<\/strong> es un t\u00f3nico calmante e hidratante sin alcohol. Calma las pieles sensibles y estresadas y proporciona a la piel una sensaci\u00f3n inmediata de relajaci\u00f3n. De este modo <strong>DR. GRANDEL T\u00f3nico Suave<\/strong> prepara idealmente la piel para los siguientes pasos de cuidado.<\/p>","protected":false},"excerpt":{"rendered":"<p>DR. GRANDEL T\u00f3nico Suave es un t\u00f3nico calmante e hidratante sin alcohol. Calma la piel sensible y estresada y proporciona a la piel una sensaci\u00f3n inmediata de relajaci\u00f3n. De este modo, DR. GRANDEL Soft Tonic prepara la piel de forma ideal para los siguientes pasos de cuidado.<\/p>","protected":false},"featured_media":1259,"template":"","meta":[],"product_brand":[],"product_cat":[32],"product_tag":[],"class_list":{"0":"post-1486","1":"product","2":"type-product","3":"status-publish","4":"has-post-thumbnail","6":"product_cat-dr-grandel","7":"description-off","9":"first","10":"instock","11":"taxable","12":"shipping-taxable","13":"purchasable","14":"product-type-simple"},"_links":{"self":[{"href":"https:\/\/www.amyshouston.com\/es\/wp-json\/wp\/v2\/product\/1486","targetHints":{"allow":["GET"]}}],"collection":[{"href":"https:\/\/www.amyshouston.com\/es\/wp-json\/wp\/v2\/product"}],"about":[{"href":"https:\/\/www.amyshouston.com\/es\/wp-json\/wp\/v2\/types\/product"}],"wp:featuredmedia":[{"embeddable":true,"href":"https:\/\/www.amyshouston.com\/es\/wp-json\/wp\/v2\/media\/1259"}],"wp:attachment":[{"href":"https:\/\/www.amyshouston.com\/es\/wp-json\/wp\/v2\/media?parent=1486"}],"wp:term":[{"taxonomy":"product_brand","embeddable":true,"href":"https:\/\/www.amyshouston.com\/es\/wp-json\/wp\/v2\/product_brand?post=1486"},{"taxonomy":"product_cat","embeddable":true,"href":"https:\/\/www.amyshouston.com\/es\/wp-json\/wp\/v2\/product_cat?post=1486"},{"taxonomy":"product_tag","embeddable":true,"href":"https:\/\/www.amyshouston.com\/es\/wp-json\/wp\/v2\/product_tag?post=1486"}],"curies":[{"name":"wp","href":"https:\/\/api.w.org\/{rel}","templated":true}]}}