{"id":1484,"date":"2015-11-30T02:15:47","date_gmt":"2015-11-30T02:15:47","guid":{"rendered":"http:\/\/www.amyshouston.com\/shop\/dr-grandel\/fresh-tonic\/"},"modified":"2021-10-02T22:21:59","modified_gmt":"2021-10-03T03:21:59","slug":"tonica-fresca","status":"publish","type":"product","link":"https:\/\/www.amyshouston.com\/es\/tienda\/dr-grandel\/tonica-fresca\/","title":{"rendered":"T\u00f3nica fresca"},"content":{"rendered":"<p>El t\u00f3nico tonifica despu\u00e9s de la limpieza y prepara la piel para el cuidado posterior. Contiene activos hidratantes, evita la sensaci\u00f3n de tirantez y proporciona inmediatamente a la piel una sensaci\u00f3n de frescor. <strong>DR. GRANDEL T\u00f3nico Fresco<\/strong> con su efecto equilibrante y bactericida tambi\u00e9n puede utilizarse como after-shave.<\/p>","protected":false},"excerpt":{"rendered":"<p>El t\u00f3nico tonifica despu\u00e9s de la limpieza y prepara la piel para el cuidado posterior. Contiene activos hidratantes, evita la sensaci\u00f3n de tirantez y proporciona inmediatamente a la piel una sensaci\u00f3n de frescor. <strong>DR. GRANDEL T\u00f3nico Fresco<\/strong> con su efecto equilibrante y bactericida tambi\u00e9n puede utilizarse como after-shave.<\/p>","protected":false},"featured_media":1260,"template":"","meta":[],"product_brand":[],"product_cat":[32],"product_tag":[],"class_list":{"0":"post-1484","1":"product","2":"type-product","3":"status-publish","4":"has-post-thumbnail","6":"product_cat-dr-grandel","7":"description-off","9":"first","10":"instock","11":"taxable","12":"shipping-taxable","13":"purchasable","14":"product-type-simple"},"_links":{"self":[{"href":"https:\/\/www.amyshouston.com\/es\/wp-json\/wp\/v2\/product\/1484","targetHints":{"allow":["GET"]}}],"collection":[{"href":"https:\/\/www.amyshouston.com\/es\/wp-json\/wp\/v2\/product"}],"about":[{"href":"https:\/\/www.amyshouston.com\/es\/wp-json\/wp\/v2\/types\/product"}],"wp:featuredmedia":[{"embeddable":true,"href":"https:\/\/www.amyshouston.com\/es\/wp-json\/wp\/v2\/media\/1260"}],"wp:attachment":[{"href":"https:\/\/www.amyshouston.com\/es\/wp-json\/wp\/v2\/media?parent=1484"}],"wp:term":[{"taxonomy":"product_brand","embeddable":true,"href":"https:\/\/www.amyshouston.com\/es\/wp-json\/wp\/v2\/product_brand?post=1484"},{"taxonomy":"product_cat","embeddable":true,"href":"https:\/\/www.amyshouston.com\/es\/wp-json\/wp\/v2\/product_cat?post=1484"},{"taxonomy":"product_tag","embeddable":true,"href":"https:\/\/www.amyshouston.com\/es\/wp-json\/wp\/v2\/product_tag?post=1484"}],"curies":[{"name":"wp","href":"https:\/\/api.w.org\/{rel}","templated":true}]}}