{"id":1468,"date":"2015-11-30T02:08:47","date_gmt":"2015-11-30T08:08:47","guid":{"rendered":"http:\/\/www.amyshouston.com\/shop\/biodroga\/deep-cleansing-mask\/"},"modified":"2018-07-14T00:42:58","modified_gmt":"2018-07-14T05:42:58","slug":"mascarilla-de-limpieza-profunda","status":"publish","type":"product","link":"https:\/\/www.amyshouston.com\/es\/tienda\/biodroga\/mascarilla-de-limpieza-profunda\/","title":{"rendered":"Mascarilla de limpieza profunda"},"content":{"rendered":"<p>Una mascarilla suave y cremosa que aclara y limpia la piel, absorbe y elimina el exceso de sebo y matifica los brillos antiest\u00e9ticos. Contrarresta y ayuda a prevenir los procesos inflamatorios de la piel, reduce las impurezas y los dep\u00f3sitos subcut\u00e1neos y calma la piel y alivia las irritaciones y rojeces leves. Adecuado para todo tipo de pieles.<\/p>","protected":false},"excerpt":{"rendered":"<p>Una mascarilla suave y cremosa que aclara y limpia la piel, absorbe y elimina el exceso de sebo y matifica los brillos antiest\u00e9ticos. Contrarresta y ayuda a prevenir los procesos inflamatorios de la piel, reduce las impurezas y los dep\u00f3sitos subcut\u00e1neos y calma la piel y alivia las irritaciones y rojeces leves. Adecuado para todo tipo de pieles.<\/p>","protected":false},"featured_media":1332,"template":"","meta":[],"product_brand":[],"product_cat":[30],"product_tag":[],"class_list":{"0":"post-1468","1":"product","2":"type-product","3":"status-publish","4":"has-post-thumbnail","6":"product_cat-biodroga","7":"description-off","9":"first","10":"instock","11":"taxable","12":"shipping-taxable","13":"purchasable","14":"product-type-simple"},"_links":{"self":[{"href":"https:\/\/www.amyshouston.com\/es\/wp-json\/wp\/v2\/product\/1468","targetHints":{"allow":["GET"]}}],"collection":[{"href":"https:\/\/www.amyshouston.com\/es\/wp-json\/wp\/v2\/product"}],"about":[{"href":"https:\/\/www.amyshouston.com\/es\/wp-json\/wp\/v2\/types\/product"}],"wp:featuredmedia":[{"embeddable":true,"href":"https:\/\/www.amyshouston.com\/es\/wp-json\/wp\/v2\/media\/1332"}],"wp:attachment":[{"href":"https:\/\/www.amyshouston.com\/es\/wp-json\/wp\/v2\/media?parent=1468"}],"wp:term":[{"taxonomy":"product_brand","embeddable":true,"href":"https:\/\/www.amyshouston.com\/es\/wp-json\/wp\/v2\/product_brand?post=1468"},{"taxonomy":"product_cat","embeddable":true,"href":"https:\/\/www.amyshouston.com\/es\/wp-json\/wp\/v2\/product_cat?post=1468"},{"taxonomy":"product_tag","embeddable":true,"href":"https:\/\/www.amyshouston.com\/es\/wp-json\/wp\/v2\/product_tag?post=1468"}],"curies":[{"name":"wp","href":"https:\/\/api.w.org\/{rel}","templated":true}]}}