{"id":1464,"date":"2015-11-30T02:08:34","date_gmt":"2015-11-30T02:08:34","guid":{"rendered":"http:\/\/www.amyshouston.com\/shop\/biodroga\/intense-moisture-formula\/"},"modified":"2024-04-24T08:53:06","modified_gmt":"2024-04-24T13:53:06","slug":"formula-de-hidratacion-intensa","status":"publish","type":"product","link":"https:\/\/www.amyshouston.com\/es\/tienda\/biodroga\/formula-de-hidratacion-intensa\/","title":{"rendered":"F\u00f3rmula de hidrataci\u00f3n intensa"},"content":{"rendered":"<p>\u00a1Un trago de agua para la piel! Este Cuidado 24 Horas puede utilizarse d\u00eda y noche para ayudar a mantener la piel hidratada y flexible. Sus innovadores ingredientes act\u00faan como una red en la que se estimulan los mecanismos naturales de hidrataci\u00f3n de la piel, el suministro de humedad y la fijaci\u00f3n de \u00e9sta. Al cabo de unos d\u00edas, la piel est\u00e1 m\u00e1s rellena y las l\u00edneas y arrugas se suavizan. Tiene un aroma ligero y fresco.<\/p>","protected":false},"excerpt":{"rendered":"<p>\u00a1Un trago de agua para la piel! Este Cuidado 24 Horas puede utilizarse d\u00eda y noche para ayudar a mantener la piel hidratada y flexible. Sus innovadores ingredientes act\u00faan como una red en la que se estimulan los mecanismos naturales de hidrataci\u00f3n de la piel, el suministro de humedad y la fijaci\u00f3n de \u00e9sta. Despu\u00e9s de unos d\u00edas, la piel est\u00e1 m\u00e1s rellena dejando las l\u00edneas...<\/p>","protected":false},"featured_media":1323,"template":"","meta":[],"product_brand":[],"product_cat":[30],"product_tag":[],"class_list":{"0":"post-1464","1":"product","2":"type-product","3":"status-publish","4":"has-post-thumbnail","6":"product_cat-biodroga","7":"description-off","9":"first","10":"instock","11":"taxable","12":"shipping-taxable","13":"purchasable","14":"product-type-simple"},"_links":{"self":[{"href":"https:\/\/www.amyshouston.com\/es\/wp-json\/wp\/v2\/product\/1464","targetHints":{"allow":["GET"]}}],"collection":[{"href":"https:\/\/www.amyshouston.com\/es\/wp-json\/wp\/v2\/product"}],"about":[{"href":"https:\/\/www.amyshouston.com\/es\/wp-json\/wp\/v2\/types\/product"}],"wp:featuredmedia":[{"embeddable":true,"href":"https:\/\/www.amyshouston.com\/es\/wp-json\/wp\/v2\/media\/1323"}],"wp:attachment":[{"href":"https:\/\/www.amyshouston.com\/es\/wp-json\/wp\/v2\/media?parent=1464"}],"wp:term":[{"taxonomy":"product_brand","embeddable":true,"href":"https:\/\/www.amyshouston.com\/es\/wp-json\/wp\/v2\/product_brand?post=1464"},{"taxonomy":"product_cat","embeddable":true,"href":"https:\/\/www.amyshouston.com\/es\/wp-json\/wp\/v2\/product_cat?post=1464"},{"taxonomy":"product_tag","embeddable":true,"href":"https:\/\/www.amyshouston.com\/es\/wp-json\/wp\/v2\/product_tag?post=1464"}],"curies":[{"name":"wp","href":"https:\/\/api.w.org\/{rel}","templated":true}]}}