{"id":1456,"date":"2015-11-30T02:08:10","date_gmt":"2015-11-30T08:08:10","guid":{"rendered":"http:\/\/www.amyshouston.com\/shop\/biodroga\/power-moist\/"},"modified":"2018-07-14T00:47:51","modified_gmt":"2018-07-14T05:47:51","slug":"potencia-humeda","status":"publish","type":"product","link":"https:\/\/www.amyshouston.com\/es\/tienda\/biodroga\/potencia-humeda\/","title":{"rendered":"Mascarilla Power Moist"},"content":{"rendered":"<p>Mascarilla refrescante y sedosa que nutre, mima y protege la piel con falta de hidrataci\u00f3n. Optimiza y estabiliza el equilibrio de hidrataci\u00f3n de la piel a largo plazo y favorece la elasticidad cut\u00e1nea y aten\u00faa las l\u00edneas de expresi\u00f3n y las arrugas. Estimula suavemente la formaci\u00f3n de col\u00e1geno y elastina en la piel y reduce la tirantez y la sequedad. Para pieles con d\u00e9ficit de hidrataci\u00f3n. Adecuado incluso para la neurodermatitis.<\/p>","protected":false},"excerpt":{"rendered":"<p>Mascarilla refrescante y sedosa que nutre, mima y protege la piel con falta de hidrataci\u00f3n. Optimiza y estabiliza el equilibrio de hidrataci\u00f3n de la piel a largo plazo y favorece la elasticidad cut\u00e1nea y aten\u00faa las l\u00edneas de expresi\u00f3n y las arrugas. Estimula suavemente la formaci\u00f3n de col\u00e1geno y elastina en la piel y reduce la tirantez y la sequedad. Para pieles con d\u00e9ficit de hidrataci\u00f3n. Adecuado incluso para la neurodermatitis.<\/p>","protected":false},"featured_media":1327,"template":"","meta":[],"product_brand":[],"product_cat":[30],"product_tag":[],"class_list":{"0":"post-1456","1":"product","2":"type-product","3":"status-publish","4":"has-post-thumbnail","6":"product_cat-biodroga","7":"description-off","9":"first","10":"instock","11":"taxable","12":"shipping-taxable","13":"purchasable","14":"product-type-simple"},"_links":{"self":[{"href":"https:\/\/www.amyshouston.com\/es\/wp-json\/wp\/v2\/product\/1456","targetHints":{"allow":["GET"]}}],"collection":[{"href":"https:\/\/www.amyshouston.com\/es\/wp-json\/wp\/v2\/product"}],"about":[{"href":"https:\/\/www.amyshouston.com\/es\/wp-json\/wp\/v2\/types\/product"}],"wp:featuredmedia":[{"embeddable":true,"href":"https:\/\/www.amyshouston.com\/es\/wp-json\/wp\/v2\/media\/1327"}],"wp:attachment":[{"href":"https:\/\/www.amyshouston.com\/es\/wp-json\/wp\/v2\/media?parent=1456"}],"wp:term":[{"taxonomy":"product_brand","embeddable":true,"href":"https:\/\/www.amyshouston.com\/es\/wp-json\/wp\/v2\/product_brand?post=1456"},{"taxonomy":"product_cat","embeddable":true,"href":"https:\/\/www.amyshouston.com\/es\/wp-json\/wp\/v2\/product_cat?post=1456"},{"taxonomy":"product_tag","embeddable":true,"href":"https:\/\/www.amyshouston.com\/es\/wp-json\/wp\/v2\/product_tag?post=1456"}],"curies":[{"name":"wp","href":"https:\/\/api.w.org\/{rel}","templated":true}]}}