{"id":1448,"date":"2015-11-30T02:07:46","date_gmt":"2015-11-30T02:07:46","guid":{"rendered":"http:\/\/www.amyshouston.com\/shop\/biodroga\/repair-cell-protection\/"},"modified":"2015-11-30T02:07:46","modified_gmt":"2015-11-30T02:07:46","slug":"proteccion-celular-reparadora","status":"publish","type":"product","link":"https:\/\/www.amyshouston.com\/es\/tienda\/biodroga\/proteccion-celular-reparadora\/","title":{"rendered":"Reparaci\u00f3n + Protecci\u00f3n celular D\u00eda"},"content":{"rendered":"<p>El innovador ingrediente alp extracto de c\u00e9lulas madre de rosa proporciona un efecto antienvejecimiento visible.<\/p>\n<p>Protege las c\u00e9lulas madre de la piel frente a los da\u00f1os causados por los rayos UV y favorece su longevidad. La ecto\u00edna y el Complejo Reparador refuerzan los mecanismos naturales de reparaci\u00f3n de la piel y su funci\u00f3n reparadora. El resultado: disminuci\u00f3n de las l\u00edneas y arrugas, mejora de la funci\u00f3n reparadora, protecci\u00f3n y prevenci\u00f3n del envejecimiento prematuro de la piel inducido por la luz.<\/p>","protected":false},"excerpt":{"rendered":"<p>El innovador ingrediente alp extracto de c\u00e9lulas madre de rosa proporciona un efecto antienvejecimiento visible. Protege las c\u00e9lulas madre de la piel frente a los da\u00f1os causados por los rayos UV y favorece su longevidad. La ecto\u00edna y el complejo reparador refuerzan los mecanismos naturales de reparaci\u00f3n de la piel y su funci\u00f3n reparadora. El resultado: disminuci\u00f3n de las l\u00edneas y arrugas, mejora de la funci\u00f3n reparadora, protecci\u00f3n y prevenci\u00f3n del envejecimiento prematuro de la piel inducido por la luz.<\/p>","protected":false},"featured_media":1203,"template":"","meta":[],"product_brand":[],"product_cat":[30],"product_tag":[],"class_list":{"0":"post-1448","1":"product","2":"type-product","3":"status-publish","4":"has-post-thumbnail","6":"product_cat-biodroga","7":"description-off","9":"first","10":"instock","11":"taxable","12":"shipping-taxable","13":"purchasable","14":"product-type-simple"},"_links":{"self":[{"href":"https:\/\/www.amyshouston.com\/es\/wp-json\/wp\/v2\/product\/1448","targetHints":{"allow":["GET"]}}],"collection":[{"href":"https:\/\/www.amyshouston.com\/es\/wp-json\/wp\/v2\/product"}],"about":[{"href":"https:\/\/www.amyshouston.com\/es\/wp-json\/wp\/v2\/types\/product"}],"wp:featuredmedia":[{"embeddable":true,"href":"https:\/\/www.amyshouston.com\/es\/wp-json\/wp\/v2\/media\/1203"}],"wp:attachment":[{"href":"https:\/\/www.amyshouston.com\/es\/wp-json\/wp\/v2\/media?parent=1448"}],"wp:term":[{"taxonomy":"product_brand","embeddable":true,"href":"https:\/\/www.amyshouston.com\/es\/wp-json\/wp\/v2\/product_brand?post=1448"},{"taxonomy":"product_cat","embeddable":true,"href":"https:\/\/www.amyshouston.com\/es\/wp-json\/wp\/v2\/product_cat?post=1448"},{"taxonomy":"product_tag","embeddable":true,"href":"https:\/\/www.amyshouston.com\/es\/wp-json\/wp\/v2\/product_tag?post=1448"}],"curies":[{"name":"wp","href":"https:\/\/api.w.org\/{rel}","templated":true}]}}