{"id":1446,"date":"2015-11-30T02:07:39","date_gmt":"2015-11-30T02:07:39","guid":{"rendered":"http:\/\/www.amyshouston.com\/shop\/biodroga\/golden-caviar-24-hour-care\/"},"modified":"2015-11-30T02:07:39","modified_gmt":"2015-11-30T02:07:39","slug":"golden-caviar-24-horas","status":"publish","type":"product","link":"https:\/\/www.amyshouston.com\/es\/tienda\/biodroga\/golden-caviar-24-horas\/","title":{"rendered":"Golden Caviar Cuidado 24 horas"},"content":{"rendered":"<p>Una crema suave que ayuda a activar el metabolismo de las c\u00e9lulas cut\u00e1neas y la microcirculaci\u00f3n de la piel, optimiza el nivel de hidrataci\u00f3n de la piel y su capacidad para retener la humedad y reduce las l\u00edneas de expresi\u00f3n y las arrugas. Restaura el equilibrio de la piel estresada y hace que la piel parezca radiante, equilibrada y firme. Ideal para utilizar debajo del maquillaje. Adecuado para todo tipo de pieles<\/p>","protected":false},"excerpt":{"rendered":"<p>Una crema suave que ayuda a activar el metabolismo de las c\u00e9lulas cut\u00e1neas y la microcirculaci\u00f3n de la piel, optimiza el nivel de hidrataci\u00f3n de la piel y su capacidad para retener la humedad y reduce las l\u00edneas de expresi\u00f3n y las arrugas. Restaura el equilibrio de la piel estresada y hace que la piel parezca radiante, equilibrada y firme. Ideal para utilizar debajo del maquillaje. Adecuado para todo tipo de pieles<\/p>","protected":false},"featured_media":1321,"template":"","meta":[],"product_brand":[],"product_cat":[30],"product_tag":[],"class_list":{"0":"post-1446","1":"product","2":"type-product","3":"status-publish","4":"has-post-thumbnail","6":"product_cat-biodroga","7":"description-off","9":"first","10":"instock","11":"taxable","12":"shipping-taxable","13":"purchasable","14":"product-type-simple"},"_links":{"self":[{"href":"https:\/\/www.amyshouston.com\/es\/wp-json\/wp\/v2\/product\/1446","targetHints":{"allow":["GET"]}}],"collection":[{"href":"https:\/\/www.amyshouston.com\/es\/wp-json\/wp\/v2\/product"}],"about":[{"href":"https:\/\/www.amyshouston.com\/es\/wp-json\/wp\/v2\/types\/product"}],"wp:featuredmedia":[{"embeddable":true,"href":"https:\/\/www.amyshouston.com\/es\/wp-json\/wp\/v2\/media\/1321"}],"wp:attachment":[{"href":"https:\/\/www.amyshouston.com\/es\/wp-json\/wp\/v2\/media?parent=1446"}],"wp:term":[{"taxonomy":"product_brand","embeddable":true,"href":"https:\/\/www.amyshouston.com\/es\/wp-json\/wp\/v2\/product_brand?post=1446"},{"taxonomy":"product_cat","embeddable":true,"href":"https:\/\/www.amyshouston.com\/es\/wp-json\/wp\/v2\/product_cat?post=1446"},{"taxonomy":"product_tag","embeddable":true,"href":"https:\/\/www.amyshouston.com\/es\/wp-json\/wp\/v2\/product_tag?post=1446"}],"curies":[{"name":"wp","href":"https:\/\/api.w.org\/{rel}","templated":true}]}}