{"id":5241,"date":"2020-03-10T21:29:15","date_gmt":"2020-03-11T02:29:15","guid":{"rendered":"https:\/\/www.amyshouston.com\/?page_id=5241"},"modified":"2020-03-10T21:29:15","modified_gmt":"2020-03-11T02:29:15","slug":"ulterapia","status":"publish","type":"page","link":"https:\/\/www.amyshouston.com\/es\/tratamientos-corporales-houston\/ulterapia\/","title":{"rendered":"Ultherapy Houston"},"content":{"rendered":"<div class=\"wpb-content-wrapper\"><div class=\"vc_row wpb_row vc_row-fluid dt-default\" style=\"margin-top: 0px;margin-bottom: 0px\"><div class=\"wpb_column vc_column_container vc_col-sm-6 vc_col-has-fill\"><div class=\"vc_column-inner vc_custom_1519688744896\"><div class=\"wpb_wrapper\"><div id=\"ultimate-heading-725669e7debc1d3d2\" class=\"uvc-heading ult-adjust-bottom-margin ultimate-heading-725669e7debc1d3d2 uvc-2554\" data-hspacer=\"no_spacer\"  data-halign=\"left\" style=\"text-align:left\"><div class=\"uvc-heading-spacer no_spacer\" style=\"top\"><\/div><div class=\"uvc-main-heading ult-responsive\"  data-ultimate-target='.uvc-heading.ultimate-heading-725669e7debc1d3d2 h2'  data-responsive-json-new='{\"font-size\":\"desktop:26px;\",\"line-height\":\"desktop:36px;\"}' ><h2 style=\"--font-weight:theme;margin-bottom:30px;\">Visi\u00f3n general<\/h2><\/div><\/div>\n\t<div class=\"wpb_text_column wpb_content_element\" >\n\t\t<div class=\"wpb_wrapper\">\n\t\t\t<p class=\"p3\">Dicen que la edad es s\u00f3lo un n\u00famero, pero los signos de envejecimiento delatan m\u00e1s de lo que nos gustar\u00eda el n\u00famero de a\u00f1os que llevamos viviendo. Afortunadamente, los tratamientos cosm\u00e9ticos modernos han evolucionado mucho, dando lugar a un nuevo y popular procedimiento no invasivo autorizado por la FDA llamado Ultherapy.<\/p>\n<p>Con una visita a un profesional, Ultherapy puede ser una forma relativamente indolora y r\u00e1pida de eliminar los signos del envejecimiento, reforzar la confianza en s\u00ed mismo y sentirse m\u00e1s bello. Con las nuevas t\u00e9cnicas de lifting facial no quir\u00fargico como Ultherapy, no tiene por qu\u00e9 afirmar su edad: puede desafiarla.<\/p>\n\n\t\t<\/div>\n\t<\/div>\n<\/div><\/div><\/div><div class=\"wpb_column vc_column_container vc_col-sm-6\"><div class=\"vc_column-inner\"><div class=\"wpb_wrapper\">\n\t<div class=\"wpb_video_widget wpb_content_element vc_clearfix   vc_video-aspect-ratio-43 vc_video-el-width-100 vc_video-align-center\" >\n\t\t<div class=\"wpb_wrapper\">\n\t\t\t\n\t\t\t<div class=\"wpb_video_wrapper\"><iframe loading=\"lazy\" title=\"\u00bfNecesita un lifting facial y de cuello?\" src=\"https:\/\/player.vimeo.com\/video\/64407174?dnt=1&amp;app_id=122963\" width=\"500\" height=\"281\" frameborder=\"0\" allow=\"autoplay; fullscreen; picture-in-picture; clipboard-write\"><\/iframe><\/div>\n\t\t<\/div>\n\t<\/div>\n<\/div><\/div><\/div><\/div><div class=\"vc_row wpb_row vc_row-fluid dt-default\" style=\"margin-top: 0px;margin-bottom: 0px\"><div class=\"wpb_column vc_column_container vc_col-sm-12\"><div class=\"vc_column-inner vc_custom_1583892804141\"><div class=\"wpb_wrapper\"><div id=\"ultimate-heading-838969e7debc1d8f4\" class=\"uvc-heading ult-adjust-bottom-margin ultimate-heading-838969e7debc1d8f4 uvc-7999 accent-border-color\" data-hspacer=\"line_only\"  data-halign=\"center\" style=\"text-align:center\"><div class=\"uvc-main-heading ult-responsive\"  data-ultimate-target='.uvc-heading.ultimate-heading-838969e7debc1d8f4 h2'  data-responsive-json-new='{\"font-size\":\"desktop:40px;\",\"line-height\":\"desktop:50px;\"}' ><h2 style=\"--font-weight:theme;margin-bottom:15px;\">Beneficios de Ultherapy<\/h2><\/div><div class=\"uvc-heading-spacer line_only\" style=\"margin-bottom:55px;height:3px;\"><span class=\"uvc-headings-line\" style=\"border-style:solid;border-bottom-width:3px;border-color:#ccc;width:180px;\"><\/span><\/div><\/div><\/div><\/div><\/div><div class=\"wpb_column vc_column_container vc_col-sm-6\"><div class=\"vc_column-inner\"><div class=\"wpb_wrapper\">\n\t<div  class=\"wpb_single_image wpb_content_element vc_align_center\">\n\t\t\n\t\t<figure class=\"wpb_wrapper vc_figure\">\n\t\t\t<div class=\"vc_single_image-wrapper   vc_box_border_grey\"><img loading=\"lazy\" decoding=\"async\" width=\"460\" height=\"259\" src=\"https:\/\/www.amyshouston.com\/wp-content\/uploads\/2020\/03\/Ultrasound_Imaging_Ultherapy_Device_Web.jpg\" class=\"vc_single_image-img attachment-full\" alt=\"\" title=\"Dispositivo_de_Ulterapia_por_imagen_Ultrasonidos_Web\" srcset=\"https:\/\/www.amyshouston.com\/wp-content\/uploads\/2020\/03\/Ultrasound_Imaging_Ultherapy_Device_Web.jpg.webp 460w, https:\/\/www.amyshouston.com\/wp-content\/uploads\/2020\/03\/Ultrasound_Imaging_Ultherapy_Device_Web-300x169.jpg.webp 300w\" sizes=\"auto, (max-width: 460px) 100vw, 460px\" data-dt-location=\"https:\/\/www.amyshouston.com\/es\/tratamientos-corporales-houston\/ulterapia\/ultrasound_imaging_ultherapy_device_web\/\"><\/div>\n\t\t<\/figure>\n\t<\/div>\n<\/div><\/div><\/div><div class=\"wpb_column vc_column_container vc_col-sm-6\"><div class=\"vc_column-inner\"><div class=\"wpb_wrapper\">\n\t<div class=\"wpb_text_column wpb_content_element\" >\n\t\t<div class=\"wpb_wrapper\">\n\t\t\t<p style=\"text-align: left;\">Tres de los beneficios m\u00e1s populares del uso de Ultherapy incluyen:<\/p>\n<ol>\n<li>Piel de aspecto m\u00e1s joven. El estiramiento y la elevaci\u00f3n de la piel en la zona tratada suele dejar al individuo con un aspecto m\u00e1s natural y juvenil.<\/li>\n<li>No es quir\u00fargico. La producci\u00f3n de nuevo col\u00e1geno mantiene la piel joven y tensa sin necesidad de someterse a cirug\u00eda est\u00e9tica.<\/li>\n<li>Resultados. Despu\u00e9s de recibir los tratamientos, los resultados aparecen en 2 \u00f3 3 meses y pueden durar hasta un a\u00f1o o m\u00e1s.<\/li>\n<\/ol>\n\n\t\t<\/div>\n\t<\/div>\n<\/div><\/div><\/div><\/div><div class=\"vc_row wpb_row vc_row-fluid dt-default\" style=\"margin-top: 0px;margin-bottom: 0px\"><div class=\"wpb_column vc_column_container vc_col-sm-12\"><div class=\"vc_column-inner vc_custom_1583892821810\"><div class=\"wpb_wrapper\"><div id=\"ultimate-heading-262669e7debc1e667\" class=\"uvc-heading ult-adjust-bottom-margin ultimate-heading-262669e7debc1e667 uvc-8407 accent-border-color\" data-hspacer=\"line_only\"  data-halign=\"center\" style=\"text-align:center\"><div class=\"uvc-main-heading ult-responsive\"  data-ultimate-target='.uvc-heading.ultimate-heading-262669e7debc1e667 h2'  data-responsive-json-new='{\"font-size\":\"desktop:40px;\",\"line-height\":\"desktop:50px;\"}' ><h2 style=\"--font-weight:theme;margin-bottom:15px;\">Lifting facial no quir\u00fargico Ultherapy frente a la cirug\u00eda est\u00e9tica<\/h2><\/div><div class=\"uvc-heading-spacer line_only\" style=\"margin-bottom:55px;height:3px;\"><span class=\"uvc-headings-line\" style=\"border-style:solid;border-bottom-width:3px;border-color:#ccc;width:180px;\"><\/span><\/div><\/div>\n\t<div class=\"wpb_text_column wpb_content_element\" >\n\t\t<div class=\"wpb_wrapper\">\n\t\t\t<p style=\"text-align: center;\">Aunque tanto Ultherapy como la cirug\u00eda est\u00e9tica pueden dar como resultado una piel m\u00e1s joven y tensa, su enfoque puede ser muy diferente.<\/p>\n\n\t\t<\/div>\n\t<\/div>\n<\/div><\/div><\/div><div class=\"wpb_column vc_column_container vc_col-sm-6\"><div class=\"vc_column-inner\"><div class=\"wpb_wrapper\">\n\t<div class=\"wpb_text_column wpb_content_element\" >\n\t\t<div class=\"wpb_wrapper\">\n\t\t\t<p>Ultherapy:<\/p>\n<ul>\n<li>Sin procedimientos quir\u00fargicos invasivos<\/li>\n<li>Sin inyecciones dolorosas<\/li>\n<li>Sin rellenos<\/li>\n<li>Sin tiempo de inactividad<\/li>\n<li>hinchaz\u00f3n o hematomas leves y temporales que la cirug\u00eda est\u00e9tica<\/li>\n<li>Menos gastos que la cirug\u00eda est\u00e9tica<\/li>\n<\/ul>\n\n\t\t<\/div>\n\t<\/div>\n<\/div><\/div><\/div><div class=\"wpb_column vc_column_container vc_col-sm-6\"><div class=\"vc_column-inner\"><div class=\"wpb_wrapper\">\n\t<div class=\"wpb_text_column wpb_content_element\" >\n\t\t<div class=\"wpb_wrapper\">\n\t\t\t<p>Cirug\u00eda est\u00e9tica:<\/p>\n<ul>\n<li>Intervenciones quir\u00fargicas invasivas<\/li>\n<li>Dolor relacionado con la cirug\u00eda<\/li>\n<li>D\u00edas o semanas de recuperaci\u00f3n<\/li>\n<li>Hematomas e hinchaz\u00f3n predominantes en la intervenci\u00f3n<\/li>\n<li>Un gasto elevado<\/li>\n<\/ul>\n\n\t\t<\/div>\n\t<\/div>\n<\/div><\/div><\/div><\/div><div class=\"vc_row wpb_row vc_row-fluid dt-default\" style=\"margin-top: 0px;margin-bottom: 0px\"><div class=\"wpb_column vc_column_container vc_col-sm-12\"><div class=\"vc_column-inner vc_custom_1583892831357\"><div class=\"wpb_wrapper\"><div id=\"ultimate-heading-899569e7debc1eaad\" class=\"uvc-heading ult-adjust-bottom-margin ultimate-heading-899569e7debc1eaad uvc-2427 accent-border-color\" data-hspacer=\"line_only\"  data-halign=\"center\" style=\"text-align:center\"><div class=\"uvc-main-heading ult-responsive\"  data-ultimate-target='.uvc-heading.ultimate-heading-899569e7debc1eaad h2'  data-responsive-json-new='{\"font-size\":\"desktop:40px;\",\"line-height\":\"desktop:50px;\"}' ><h2 style=\"--font-weight:theme;margin-bottom:15px;\">Qu\u00e9 esperar<\/h2><\/div><div class=\"uvc-heading-spacer line_only\" style=\"margin-bottom:55px;height:3px;\"><span class=\"uvc-headings-line\" style=\"border-style:solid;border-bottom-width:3px;border-color:#ccc;width:180px;\"><\/span><\/div><\/div><\/div><\/div><\/div><div class=\"wpb_column vc_column_container vc_col-sm-6\"><div class=\"vc_column-inner\"><div class=\"wpb_wrapper\">\n\t<div class=\"wpb_text_column wpb_content_element\" >\n\t\t<div class=\"wpb_wrapper\">\n\t\t\t<p>Al recibir Ultherapy, un paciente generalmente puede esperar lo siguiente:<\/p>\n<ul>\n<li>El procedimiento se realiza en consulta.<\/li>\n<li>Nuestros profesionales examinar\u00e1n la zona a tratar a trav\u00e9s de im\u00e1genes de ultrasonido Ultherapy, centr\u00e1ndose en las \u00e1reas speicific que m\u00e1s se beneficiar\u00e1n.<\/li>\n<li>A continuaci\u00f3n, se coloca un aplicador de tratamiento suave sobre la zona de piel predeterminada.<\/li>\n<li>Al pulsar un bot\u00f3n del aparato, se emite calor en la piel superficial, la dermis profunda de la piel y el m\u00fasculo profundo. Esta aplicaci\u00f3n de calor provoca entonces una liberaci\u00f3n de col\u00e1geno.<\/li>\n<li>Dependiendo de la zona de piel tratada, el procedimiento suele durar entre 90 minutos.<\/li>\n<li>El nivel de comodidad var\u00eda de una persona a otra.<\/li>\n<li>Despu\u00e9s de un tratamiento, el paciente puede salir de la consulta y reincorporarse r\u00e1pidamente a sus actividades cotidianas normales sin restricciones ni equ\u00edvocos posteriores al tratamiento.<\/li>\n<li>La piel puede aparecer enrojecida, pero el enrojecimiento deber\u00eda desaparecer en pocas horas.<\/li>\n<\/ul>\n\n\t\t<\/div>\n\t<\/div>\n<\/div><\/div><\/div><div class=\"wpb_column vc_column_container vc_col-sm-6\"><div class=\"vc_column-inner\"><div class=\"wpb_wrapper\">\n\t<div  class=\"wpb_single_image wpb_content_element vc_align_center\">\n\t\t\n\t\t<figure class=\"wpb_wrapper vc_figure\">\n\t\t\t<div class=\"vc_single_image-wrapper   vc_box_border_grey\"><img loading=\"lazy\" decoding=\"async\" width=\"460\" height=\"258\" src=\"https:\/\/www.amyshouston.com\/wp-content\/uploads\/2020\/03\/Procedure_Up_Close_Ultherapy_Skin_Lifting_Treatment_WEB.jpg\" class=\"vc_single_image-img attachment-full\" alt=\"\" title=\"Procedure_Up_Close_Ultherapy_Skin_Lifting_Treatment_WEB\" srcset=\"https:\/\/www.amyshouston.com\/wp-content\/uploads\/2020\/03\/Procedure_Up_Close_Ultherapy_Skin_Lifting_Treatment_WEB.jpg.webp 460w, https:\/\/www.amyshouston.com\/wp-content\/uploads\/2020\/03\/Procedure_Up_Close_Ultherapy_Skin_Lifting_Treatment_WEB-300x168.jpg.webp 300w\" sizes=\"auto, (max-width: 460px) 100vw, 460px\" data-dt-location=\"https:\/\/www.amyshouston.com\/es\/tratamientos-corporales-houston\/ulterapia\/procedure_up_close_ultherapy_skin_lifting_treatment_web\/\"><\/div>\n\t\t<\/figure>\n\t<\/div>\n<\/div><\/div><\/div><\/div><div class=\"vc_row wpb_row vc_row-fluid dt-default\" style=\"margin-top: 0px;margin-bottom: 0px\"><div class=\"wpb_column vc_column_container vc_col-sm-12\"><div class=\"vc_column-inner vc_custom_1519352557661\"><div class=\"wpb_wrapper\"><div id=\"ultimate-heading-287969e7debc1f531\" class=\"uvc-heading ult-adjust-bottom-margin ultimate-heading-287969e7debc1f531 uvc-3248 accent-border-color\" data-hspacer=\"line_only\"  data-halign=\"center\" style=\"text-align:center\"><div class=\"uvc-main-heading ult-responsive\"  data-ultimate-target='.uvc-heading.ultimate-heading-287969e7debc1f531 h2'  data-responsive-json-new='{\"font-size\":\"desktop:40px;\",\"line-height\":\"desktop:50px;\"}' ><h2 style=\"--font-weight:theme;margin-bottom:15px;\">Preguntas frecuentes<\/h2><\/div><div class=\"uvc-heading-spacer line_only\" style=\"margin-bottom:55px;height:3px;\"><span class=\"uvc-headings-line\" style=\"border-style:solid;border-bottom-width:3px;border-color:#ccc;width:180px;\"><\/span><\/div><\/div><div  class=\"vc_do_toggle vc_toggle vc_toggle_text_only vc_toggle_color_default  vc_toggle_size_md vc_toggle_active\"><div class=\"vc_toggle_title\"><h4>\u00bfQu\u00e9 es la Ultherapy?<\/h4><i class=\"vc_toggle_icon\"><\/i><\/div><div class=\"vc_toggle_content\"><p class=\"p1\">Ultherapy es un procedimiento no invasivo, aprobado por la FDA, que utiliza energ\u00eda ultras\u00f3nica microfocalizada para tensar y levantar la piel fl\u00e1cida de una persona y conseguir un aspecto m\u00e1s joven sin tiempo de inactividad.<\/p>\n<p>La exclusiva tecnolog\u00eda de ultrasonidos de Ultherapy es m\u00e1s profunda que la de otros tratamientos no invasivos para la estimulaci\u00f3n del col\u00e1geno.<\/p>\n<\/div><\/div><div  class=\"vc_do_toggle vc_toggle vc_toggle_text_only vc_toggle_color_default  vc_toggle_size_md vc_toggle_active\"><div class=\"vc_toggle_title\"><h4>\u00bfQui\u00e9n es candidato para Ultherapy?<\/h4><i class=\"vc_toggle_icon\"><\/i><\/div><div class=\"vc_toggle_content\"><p class=\"p1\">El candidato ideal para Ultherapy es una persona de 30 a\u00f1os o m\u00e1s con laxitud cut\u00e1nea de leve a moderada que puede sentirse inc\u00f3moda en su propia piel debido a los efectos del envejecimiento. Esto puede incluir a mujeres y hombres con piel fl\u00e1cida debajo del cuello y debajo de la barbilla o l\u00edneas finas y arrugas en el pecho.<\/p>\n<p>Algunas de las razones m\u00e1s comunes por las que los pacientes suelen buscar Ultherapy pueden incluir:<\/p>\n<ul>\n<li>Piel de aspecto m\u00e1s joven<\/li>\n<li>Lifting facial sin cirug\u00eda<\/li>\n<li>Aumento de la confianza en uno mismo<\/li>\n<\/ul>\n<\/div><\/div><div  class=\"vc_do_toggle vc_toggle vc_toggle_text_only vc_toggle_color_default  vc_toggle_size_md vc_toggle_active\"><div class=\"vc_toggle_title\"><h4>\u00bfCu\u00e1nto dura Ultherapy?<\/h4><i class=\"vc_toggle_icon\"><\/i><\/div><div class=\"vc_toggle_content\"><p class=\"p1\">La duraci\u00f3n de la sesi\u00f3n de Ultherapy puede depender del paciente, pero la mayor\u00eda de los tratamientos duran aproximadamente entre 60 y 90 minutos.<\/p>\n<\/div><\/div><div  class=\"vc_do_toggle vc_toggle vc_toggle_text_only vc_toggle_color_default  vc_toggle_size_md vc_toggle_active\"><div class=\"vc_toggle_title\"><h4>\u00bfIncluye Ultherapy cirug\u00eda o corte de la piel?<\/h4><i class=\"vc_toggle_icon\"><\/i><\/div><div class=\"vc_toggle_content\"><p>No. Ultherapy es un tratamiento no quir\u00fargico y no invasivo.<\/p>\n<\/div><\/div><div  class=\"vc_do_toggle vc_toggle vc_toggle_text_only vc_toggle_color_default  vc_toggle_size_md vc_toggle_active\"><div class=\"vc_toggle_title\"><h4>\u00bfCu\u00e1l es el tiempo medio de recuperaci\u00f3n de un tratamiento de Ultherapy?<\/h4><i class=\"vc_toggle_icon\"><\/i><\/div><div class=\"vc_toggle_content\"><p>La mayor\u00eda de los pacientes pueden reincorporarse de inmediato a sus actividades cotidianas.<\/p>\n<\/div><\/div><div  class=\"vc_do_toggle vc_toggle vc_toggle_text_only vc_toggle_color_default  vc_toggle_size_md vc_toggle_active\"><div class=\"vc_toggle_title\"><h4>\u00bfC\u00f3mo empezar?<\/h4><i class=\"vc_toggle_icon\"><\/i><\/div><div class=\"vc_toggle_content\"><p class=\"p1\"><span class=\"s1\">Llame a uno de nuestros amables empleados al (281) 589-1888 para concertar una consulta\/cita.<\/span><\/p>\n<\/div><\/div><\/div><\/div><\/div><\/div>\n<\/div>","protected":false},"excerpt":{"rendered":"<p>Overview Dicen que la edad es s\u00f3lo un n\u00famero, pero los signos de envejecimiento delatan m\u00e1s de lo que nos gustar\u00eda el n\u00famero de a\u00f1os que llevamos viviendo. Afortunadamente, los tratamientos cosm\u00e9ticos modernos han evolucionado mucho, dando lugar a un nuevo y popular procedimiento no invasivo autorizado por la FDA llamado Ultherapy. Con una visita a un proveedor profesional, Ultherapy...<\/p>","protected":false},"author":1,"featured_media":0,"parent":2673,"menu_order":0,"comment_status":"closed","ping_status":"closed","template":"","meta":{"footnotes":""},"class_list":["post-5241","page","type-page","status-publish","hentry","description-off"],"_links":{"self":[{"href":"https:\/\/www.amyshouston.com\/es\/wp-json\/wp\/v2\/pages\/5241","targetHints":{"allow":["GET"]}}],"collection":[{"href":"https:\/\/www.amyshouston.com\/es\/wp-json\/wp\/v2\/pages"}],"about":[{"href":"https:\/\/www.amyshouston.com\/es\/wp-json\/wp\/v2\/types\/page"}],"author":[{"embeddable":true,"href":"https:\/\/www.amyshouston.com\/es\/wp-json\/wp\/v2\/users\/1"}],"replies":[{"embeddable":true,"href":"https:\/\/www.amyshouston.com\/es\/wp-json\/wp\/v2\/comments?post=5241"}],"version-history":[{"count":0,"href":"https:\/\/www.amyshouston.com\/es\/wp-json\/wp\/v2\/pages\/5241\/revisions"}],"up":[{"embeddable":true,"href":"https:\/\/www.amyshouston.com\/es\/wp-json\/wp\/v2\/pages\/2673"}],"wp:attachment":[{"href":"https:\/\/www.amyshouston.com\/es\/wp-json\/wp\/v2\/media?parent=5241"}],"curies":[{"name":"wp","href":"https:\/\/api.w.org\/{rel}","templated":true}]}}