{"id":3941,"date":"2018-03-21T14:13:05","date_gmt":"2018-03-21T14:13:05","guid":{"rendered":"https:\/\/dev.amyshouston.com\/skincare-houston\/facial-treatments-2\/"},"modified":"2018-03-22T22:15:37","modified_gmt":"2018-03-22T22:15:37","slug":"tratamientos-de-peeling-clinico","status":"publish","type":"page","link":"https:\/\/www.amyshouston.com\/es\/cuidado-de-la-piel-houston\/tratamientos-de-peeling-clinico\/","title":{"rendered":"Tratamientos cl\u00ednicos de peeling"},"content":{"rendered":"<div class=\"wpb-content-wrapper\"><div class=\"vc_row wpb_row vc_row-fluid dt-default\" style=\"margin-top: 0px;margin-bottom: 0px\"><div class=\"peeling-heading wpb_column vc_column_container vc_col-sm-6 vc_hidden-sm vc_hidden-xs\"><div class=\"vc_column-inner\"><div class=\"wpb_wrapper\"><div id=\"ultimate-heading-606569e367e28b903\" class=\"uvc-heading ult-adjust-bottom-margin ultimate-heading-606569e367e28b903 uvc-1848 title-heading1\" data-hspacer=\"no_spacer\"  data-halign=\"left\" style=\"text-align:left\"><div class=\"uvc-heading-spacer no_spacer\" style=\"top\"><\/div><div class=\"uvc-main-heading ult-responsive\"  data-ultimate-target='.uvc-heading.ultimate-heading-606569e367e28b903 h2'  data-responsive-json-new='{\"font-size\":\"desktop:26px;mobile_landscape:22px;mobile:20px;\",\"line-height\":\"desktop:36px;mobile_landscape:30px;mobile:28px;\"}' ><h2 style=\"--font-weight:theme;color:#000000;margin-bottom:10px;\">C\u00e1scara Verde Cl\u00e1sica<\/h2><\/div><div class=\"uvc-sub-heading ult-responsive\"  data-ultimate-target='.uvc-heading.ultimate-heading-606569e367e28b903 .uvc-sub-heading '  data-responsive-json-new='{\"font-size\":\"desktop:16px;mobile_landscape:14px;mobile:14px;\",\"line-height\":\"desktop:26px;mobile_landscape:24px;mobile:24px;\"}'  style=\"font-weight:normal;\">\u00a1Luzca de 5 a 10 a\u00f1os m\u00e1s joven! Ingredientes puramente naturales para su belleza. Una mezcla especial de varias hierbas y algas ricas en minerales, enzimas y vitaminas, ayudan a su piel a recuperar una nueva frescura. Esta mezcla se masajea en su piel, utilizando una t\u00e9cnica especial.<\/div><\/div><div id=\"ultimate-heading-929069e367e28b929\" class=\"uvc-heading ult-adjust-bottom-margin ultimate-heading-929069e367e28b929 uvc-9968 title-heading1\" data-hspacer=\"no_spacer\"  data-halign=\"left\" style=\"text-align:left\"><div class=\"uvc-heading-spacer no_spacer\" style=\"top\"><\/div><div class=\"uvc-main-heading ult-responsive\"  data-ultimate-target='.uvc-heading.ultimate-heading-929069e367e28b929 h2'  data-responsive-json-new='{\"font-size\":\"desktop:26px;mobile_landscape:22px;mobile:20px;\",\"line-height\":\"desktop:36px;mobile_landscape:30px;mobile:28px;\"}' ><h2 style=\"--font-weight:theme;color:#000000;margin-bottom:10px;\">Green Peel Energ\u00eda<\/h2><\/div><div class=\"uvc-sub-heading ult-responsive\"  data-ultimate-target='.uvc-heading.ultimate-heading-929069e367e28b929 .uvc-sub-heading '  data-responsive-json-new='{\"font-size\":\"desktop:16px;mobile_landscape:14px;mobile:14px;\",\"line-height\":\"desktop:26px;mobile_landscape:24px;mobile:24px;\"}'  style=\"font-weight:normal;\">Puedes sentir la energ\u00eda. Estimula la circulaci\u00f3n y el metabolismo de la piel y mejora su textura de forma natural. Es el tratamiento ideal para la piel que necesita un impulso para regenerarse.<\/div><\/div><\/div><\/div><\/div><div class=\"facial-img wpb_column vc_column_container vc_col-sm-6 vc_hidden-sm vc_hidden-xs\"><div class=\"vc_column-inner\"><div class=\"wpb_wrapper\">\n\t<div  class=\"wpb_single_image wpb_content_element vc_align_center   visia-image\">\n\t\t\n\t\t<figure class=\"wpb_wrapper vc_figure\">\n\t\t\t<div class=\"vc_single_image-wrapper vc_box_shadow  vc_box_border_grey\"><img loading=\"lazy\" decoding=\"async\" width=\"690\" height=\"367\" src=\"https:\/\/www.amyshouston.com\/wp-content\/uploads\/2018\/03\/green-peel-houston-medspa.jpg\" class=\"vc_single_image-img attachment-full\" alt=\"\" title=\"green-peel-houston-medspa\" srcset=\"https:\/\/www.amyshouston.com\/wp-content\/uploads\/2018\/03\/green-peel-houston-medspa.jpg.webp 690w, https:\/\/www.amyshouston.com\/wp-content\/uploads\/2018\/03\/green-peel-houston-medspa-300x160@2x.jpg 600w, https:\/\/www.amyshouston.com\/wp-content\/uploads\/2018\/03\/green-peel-houston-medspa-300x160.jpg.webp 300w\" sizes=\"auto, (max-width: 690px) 100vw, 690px\" data-dt-location=\"https:\/\/www.amyshouston.com\/es\/cuidado-de-la-piel-houston\/tratamientos-de-peeling-clinico\/green-peel-houston-medspa\/\"><\/div>\n\t\t<\/figure>\n\t<\/div>\n<\/div><\/div><\/div><\/div><div class=\"vc_row wpb_row vc_row-fluid dt-default\" style=\"margin-top: 0px;margin-bottom: 0px\"><div class=\"wpb_column vc_column_container vc_col-sm-6 vc_hidden-sm vc_hidden-xs\"><div class=\"vc_column-inner\"><div class=\"wpb_wrapper\">\n\t<div  class=\"wpb_single_image wpb_content_element vc_align_center  vc_custom_1521756866538  visia-image\">\n\t\t\n\t\t<figure class=\"wpb_wrapper vc_figure\">\n\t\t\t<div class=\"vc_single_image-wrapper   vc_box_border_grey\"><img loading=\"lazy\" decoding=\"async\" width=\"1445\" height=\"1720\" src=\"https:\/\/www.amyshouston.com\/wp-content\/uploads\/2018\/03\/housron-clinical-peeling-treatment-e1521756831462.jpg\" class=\"vc_single_image-img attachment-full\" alt=\"\" title=\"housron-clinical-peeling-treatment\" srcset=\"https:\/\/www.amyshouston.com\/wp-content\/uploads\/2018\/03\/housron-clinical-peeling-treatment-e1521756831462.jpg.webp 1445w, https:\/\/www.amyshouston.com\/wp-content\/uploads\/2018\/03\/housron-clinical-peeling-treatment-e1521756831462-600x714.jpg.webp 600w, https:\/\/www.amyshouston.com\/wp-content\/uploads\/2018\/03\/housron-clinical-peeling-treatment-e1521756831462-252x300.jpg.webp 252w, https:\/\/www.amyshouston.com\/wp-content\/uploads\/2018\/03\/housron-clinical-peeling-treatment-e1521756831462-860x1024.jpg.webp 860w, https:\/\/www.amyshouston.com\/wp-content\/uploads\/2018\/03\/housron-clinical-peeling-treatment-e1521756831462-768x914.jpg.webp 768w, https:\/\/www.amyshouston.com\/wp-content\/uploads\/2018\/03\/housron-clinical-peeling-treatment-e1521756831462-1290x1536.jpg.webp 1290w, https:\/\/www.amyshouston.com\/wp-content\/uploads\/2018\/03\/housron-clinical-peeling-treatment-e1521756831462-252x300@2x.jpg 504w\" sizes=\"auto, (max-width: 1445px) 100vw, 1445px\" data-dt-location=\"https:\/\/www.amyshouston.com\/es\/cuidado-de-la-piel-houston\/tratamientos-de-peeling-clinico\/housron-clinical-peeling-treatment\/\"><\/div>\n\t\t<\/figure>\n\t<\/div>\n<\/div><\/div><\/div><div class=\"heading2 wpb_column vc_column_container vc_col-sm-6 vc_hidden-sm vc_hidden-xs\"><div class=\"vc_column-inner\"><div class=\"wpb_wrapper\"><div id=\"ultimate-heading-58669e367e28d74c\" class=\"uvc-heading ult-adjust-bottom-margin ultimate-heading-58669e367e28d74c uvc-9176 title-heading\" data-hspacer=\"no_spacer\"  data-halign=\"left\" style=\"text-align:left\"><div class=\"uvc-heading-spacer no_spacer\" style=\"top\"><\/div><div class=\"uvc-main-heading ult-responsive\"  data-ultimate-target='.uvc-heading.ultimate-heading-58669e367e28d74c h2'  data-responsive-json-new='{\"font-size\":\"desktop:26px;mobile_landscape:22px;mobile:20px;\",\"line-height\":\"desktop:36px;mobile_landscape:30px;mobile:28px;\"}' ><h2 style=\"--font-weight:theme;color:#000000;margin-bottom:20px;\">Peeling progresivo<\/h2><\/div><div class=\"uvc-sub-heading ult-responsive\"  data-ultimate-target='.uvc-heading.ultimate-heading-58669e367e28d74c .uvc-sub-heading '  data-responsive-json-new='{\"font-size\":\"desktop:16px;mobile_landscape:14px;mobile:14px;\",\"line-height\":\"desktop:26px;mobile_landscape:24px;mobile:24px;\"}'  style=\"font-weight:normal;\">Se elegir\u00e1 la soluci\u00f3n de peeling adecuada para el estado de su piel. Se trata de un tratamiento r\u00e1pido y sin apenas tiempo de inactividad.<\/div><\/div><div id=\"ultimate-heading-682769e367e28d768\" class=\"uvc-heading ult-adjust-bottom-margin ultimate-heading-682769e367e28d768 uvc-2177 title-heading\" data-hspacer=\"no_spacer\"  data-halign=\"left\" style=\"text-align:left\"><div class=\"uvc-heading-spacer no_spacer\" style=\"top\"><\/div><div class=\"uvc-main-heading ult-responsive\"  data-ultimate-target='.uvc-heading.ultimate-heading-682769e367e28d768 h2'  data-responsive-json-new='{\"font-size\":\"desktop:26px;mobile_landscape:22px;mobile:20px;\",\"line-height\":\"desktop:36px;mobile_landscape:30px;mobile:28px;\"}' ><h2 style=\"--font-weight:theme;color:#000000;margin-bottom:20px;\">Peelings de profundidad media<\/h2><\/div><div class=\"uvc-sub-heading ult-responsive\"  data-ultimate-target='.uvc-heading.ultimate-heading-682769e367e28d768 .uvc-sub-heading '  data-responsive-json-new='{\"font-size\":\"desktop:16px;mobile_landscape:14px;mobile:14px;\",\"line-height\":\"desktop:26px;mobile_landscape:24px;mobile:24px;\"}'  style=\"font-weight:normal;\">Estos peelings personalizados se centran en las imperfecciones de la piel. Mejoran la hidrataci\u00f3n, estimulan el col\u00e1geno y reducen la aparici\u00f3n de l\u00edneas finas y arrugas.<\/div><\/div><div id=\"ultimate-heading-827169e367e28d77d\" class=\"uvc-heading ult-adjust-bottom-margin ultimate-heading-827169e367e28d77d uvc-9171 title-heading\" data-hspacer=\"no_spacer\"  data-halign=\"left\" style=\"text-align:left\"><div class=\"uvc-heading-spacer no_spacer\" style=\"top\"><\/div><div class=\"uvc-main-heading ult-responsive\"  data-ultimate-target='.uvc-heading.ultimate-heading-827169e367e28d77d h2'  data-responsive-json-new='{\"font-size\":\"desktop:26px;mobile_landscape:22px;mobile:20px;\",\"line-height\":\"desktop:36px;mobile_landscape:30px;mobile:28px;\"}' ><h2 style=\"--font-weight:theme;color:#000000;margin-bottom:20px;\">Peeling glic\u00f3lico - Peeling de vitamina C<\/h2><\/div><div class=\"uvc-sub-heading ult-responsive\"  data-ultimate-target='.uvc-heading.ultimate-heading-827169e367e28d77d .uvc-sub-heading '  data-responsive-json-new='{\"font-size\":\"desktop:16px;mobile_landscape:14px;mobile:14px;\",\"line-height\":\"desktop:26px;mobile_landscape:24px;mobile:24px;\"}'  style=\"font-weight:normal;\">Ll\u00e1manos al <a>(281) 589-1888<\/a> para una consulta gratuita o comprobar\u00a0<a href=\"https:\/\/dev.amyshouston.com\/service-menu\/\" target=\"_blank\" rel=\"noopener\">nuestro men\u00fa<\/a> para estos tratamientos de exfoliaci\u00f3n.<\/div><\/div><\/div><\/div><\/div><\/div><div class=\"vc_row wpb_row vc_row-fluid dt-default\" style=\"margin-top: 0px;margin-bottom: 0px\"><div class=\"wpb_column vc_column_container vc_col-sm-12 vc_col-lg-6 vc_hidden-lg vc_col-md-6 vc_hidden-md\"><div class=\"vc_column-inner\"><div class=\"wpb_wrapper\"><div id=\"ultimate-heading-661369e367e28d9b1\" class=\"uvc-heading ult-adjust-bottom-margin ultimate-heading-661369e367e28d9b1 uvc-4402 title-heading\" data-hspacer=\"no_spacer\"  data-halign=\"left\" style=\"text-align:left\"><div class=\"uvc-heading-spacer no_spacer\" style=\"top\"><\/div><div class=\"uvc-main-heading ult-responsive\"  data-ultimate-target='.uvc-heading.ultimate-heading-661369e367e28d9b1 h2'  data-responsive-json-new='{\"font-size\":\"desktop:26px;mobile_landscape:22px;mobile:20px;\",\"line-height\":\"desktop:36px;mobile_landscape:30px;mobile:28px;\"}' ><h2 style=\"--font-weight:theme;color:#000000;margin-bottom:15px;\">C\u00e1scara Verde Cl\u00e1sica<\/h2><\/div><div class=\"uvc-sub-heading ult-responsive\"  data-ultimate-target='.uvc-heading.ultimate-heading-661369e367e28d9b1 .uvc-sub-heading '  data-responsive-json-new='{\"font-size\":\"desktop:16px;mobile_landscape:14px;mobile:14px;\",\"line-height\":\"desktop:26px;mobile_landscape:24px;mobile:24px;\"}'  style=\"font-weight:normal;margin-bottom:25px;\">\u00a1Luzca de 5 a 10 a\u00f1os m\u00e1s joven! Ingredientes puramente naturales para su belleza. Una mezcla especial de varias hierbas y algas ricas en minerales, enzimas y vitaminas, ayudan a su piel a recuperar una nueva frescura. Esta mezcla se masajea en la piel mediante una t\u00e9cnica especial.<\/div><\/div><div id=\"ultimate-heading-532269e367e28d9cc\" class=\"uvc-heading ult-adjust-bottom-margin ultimate-heading-532269e367e28d9cc uvc-853 title-heading\" data-hspacer=\"no_spacer\"  data-halign=\"left\" style=\"text-align:left\"><div class=\"uvc-heading-spacer no_spacer\" style=\"top\"><\/div><div class=\"uvc-main-heading ult-responsive\"  data-ultimate-target='.uvc-heading.ultimate-heading-532269e367e28d9cc h2'  data-responsive-json-new='{\"font-size\":\"desktop:26px;mobile_landscape:22px;mobile:20px;\",\"line-height\":\"desktop:36px;mobile_landscape:30px;mobile:28px;\"}' ><h2 style=\"--font-weight:theme;color:#000000;margin-bottom:15px;\">Green Peel Energ\u00eda<\/h2><\/div><div class=\"uvc-sub-heading ult-responsive\"  data-ultimate-target='.uvc-heading.ultimate-heading-532269e367e28d9cc .uvc-sub-heading '  data-responsive-json-new='{\"font-size\":\"desktop:16px;mobile_landscape:14px;mobile:14px;\",\"line-height\":\"desktop:26px;mobile_landscape:24px;mobile:24px;\"}'  style=\"font-weight:normal;margin-bottom:25px;\">Puedes sentir la energ\u00eda. Estimula la circulaci\u00f3n y el metabolismo de la piel y mejora su textura de forma natural. Es el tratamiento ideal para la piel que necesita un impulso para regenerarse.<\/div><\/div>\n\t<div  class=\"wpb_single_image wpb_content_element vc_align_center  vc_custom_1521679832750  visia-image\">\n\t\t\n\t\t<figure class=\"wpb_wrapper vc_figure\">\n\t\t\t<div class=\"vc_single_image-wrapper vc_box_shadow  vc_box_border_grey\"><img loading=\"lazy\" decoding=\"async\" width=\"736\" height=\"334\" src=\"https:\/\/www.amyshouston.com\/wp-content\/uploads\/2014\/10\/green-peel-houston-medspa-copy-e1521643886489.jpg\" class=\"vc_single_image-img attachment-full\" alt=\"Green Peel Herbal Peel en Houston Day Spa. Amy&#039;s Skincare &amp; Med Spa.\" title=\"green-peel-houston-medspa copia\" srcset=\"https:\/\/www.amyshouston.com\/wp-content\/uploads\/2014\/10\/green-peel-houston-medspa-copy-e1521643886489.jpg 736w, https:\/\/www.amyshouston.com\/wp-content\/uploads\/2014\/10\/green-peel-houston-medspa-copy-e1521643886489-300x136@2x.jpg 600w, https:\/\/www.amyshouston.com\/wp-content\/uploads\/2014\/10\/green-peel-houston-medspa-copy-e1521643886489-300x136.jpg.webp 300w\" sizes=\"auto, (max-width: 736px) 100vw, 736px\"  data-dt-location=\"https:\/\/www.amyshouston.com\/es\/green-peel-houston-medspa-copy\/\" \/><\/div>\n\t\t<\/figure>\n\t<\/div>\n<div id=\"ultimate-heading-187469e367e28e2b1\" class=\"uvc-heading ult-adjust-bottom-margin ultimate-heading-187469e367e28e2b1 uvc-4848 title-heading\" data-hspacer=\"no_spacer\"  data-halign=\"left\" style=\"text-align:left\"><div class=\"uvc-heading-spacer no_spacer\" style=\"top\"><\/div><div class=\"uvc-main-heading ult-responsive\"  data-ultimate-target='.uvc-heading.ultimate-heading-187469e367e28e2b1 h2'  data-responsive-json-new='{\"font-size\":\"desktop:26px;mobile_landscape:22px;mobile:20px;\",\"line-height\":\"desktop:36px;mobile_landscape:30px;mobile:28px;\"}' ><h2 style=\"--font-weight:theme;color:#000000;margin-bottom:15px;\">Peeling progresivo<\/h2><\/div><div class=\"uvc-sub-heading ult-responsive\"  data-ultimate-target='.uvc-heading.ultimate-heading-187469e367e28e2b1 .uvc-sub-heading '  data-responsive-json-new='{\"font-size\":\"desktop:16px;mobile_landscape:14px;mobile:14px;\",\"line-height\":\"desktop:26px;mobile_landscape:24px;mobile:24px;\"}'  style=\"font-weight:normal;margin-bottom:25px;\">Se elegir\u00e1 la soluci\u00f3n de peeling adecuada para el estado de su piel. Se trata de un tratamiento r\u00e1pido y sin apenas tiempo de inactividad.<\/div><\/div><div id=\"ultimate-heading-494769e367e28e2cc\" class=\"uvc-heading ult-adjust-bottom-margin ultimate-heading-494769e367e28e2cc uvc-7438 title-heading\" data-hspacer=\"no_spacer\"  data-halign=\"left\" style=\"text-align:left\"><div class=\"uvc-heading-spacer no_spacer\" style=\"top\"><\/div><div class=\"uvc-main-heading ult-responsive\"  data-ultimate-target='.uvc-heading.ultimate-heading-494769e367e28e2cc h2'  data-responsive-json-new='{\"font-size\":\"desktop:26px;mobile_landscape:22px;mobile:20px;\",\"line-height\":\"desktop:36px;mobile_landscape:30px;mobile:28px;\"}' ><h2 style=\"--font-weight:theme;color:#000000;margin-bottom:15px;\">Peelings de profundidad media<\/h2><\/div><div class=\"uvc-sub-heading ult-responsive\"  data-ultimate-target='.uvc-heading.ultimate-heading-494769e367e28e2cc .uvc-sub-heading '  data-responsive-json-new='{\"font-size\":\"desktop:16px;mobile_landscape:14px;mobile:14px;\",\"line-height\":\"desktop:26px;mobile_landscape:24px;mobile:24px;\"}'  style=\"font-weight:normal;margin-bottom:25px;\">Estos peelings personalizados se centran en las imperfecciones de la piel. Mejoran la hidrataci\u00f3n, estimulan el col\u00e1geno y reducen la aparici\u00f3n de l\u00edneas finas y arrugas.<\/div><\/div><div id=\"ultimate-heading-510969e367e28e2e1\" class=\"uvc-heading ult-adjust-bottom-margin ultimate-heading-510969e367e28e2e1 uvc-6336 title-heading\" data-hspacer=\"no_spacer\"  data-halign=\"left\" style=\"text-align:left\"><div class=\"uvc-heading-spacer no_spacer\" style=\"top\"><\/div><div class=\"uvc-main-heading ult-responsive\"  data-ultimate-target='.uvc-heading.ultimate-heading-510969e367e28e2e1 h2'  data-responsive-json-new='{\"font-size\":\"desktop:26px;mobile_landscape:22px;mobile:20px;\",\"line-height\":\"desktop:36px;mobile_landscape:30px;mobile:28px;\"}' ><h2 style=\"--font-weight:theme;color:#000000;margin-bottom:15px;\">Peeling glic\u00f3lico - Peeling de vitamina C<\/h2><\/div><div class=\"uvc-sub-heading ult-responsive\"  data-ultimate-target='.uvc-heading.ultimate-heading-510969e367e28e2e1 .uvc-sub-heading '  data-responsive-json-new='{\"font-size\":\"desktop:16px;mobile_landscape:14px;mobile:14px;\",\"line-height\":\"desktop:26px;mobile_landscape:24px;mobile:24px;\"}'  style=\"font-weight:normal;margin-bottom:25px;\">Ll\u00e1manos al <a>(281) 589-1888<\/a> para una consulta gratuitao consulte <a href=\"https:\/\/dev.amyshouston.com\/service-menu\/\" target=\"_blank\" rel=\"noopener\">nuestro men\u00fa<\/a> para estos tratamientos.<\/div><\/div>\n\t<div  class=\"wpb_single_image wpb_content_element vc_align_center  vc_custom_1521756933506  visia-image\">\n\t\t\n\t\t<figure class=\"wpb_wrapper vc_figure\">\n\t\t\t<div class=\"vc_single_image-wrapper   vc_box_border_grey\"><img loading=\"lazy\" decoding=\"async\" width=\"1445\" height=\"1720\" src=\"https:\/\/www.amyshouston.com\/wp-content\/uploads\/2018\/03\/housron-clinical-peeling-treatment-e1521756831462.jpg\" class=\"vc_single_image-img attachment-full\" alt=\"\" title=\"housron-clinical-peeling-treatment\" srcset=\"https:\/\/www.amyshouston.com\/wp-content\/uploads\/2018\/03\/housron-clinical-peeling-treatment-e1521756831462.jpg.webp 1445w, https:\/\/www.amyshouston.com\/wp-content\/uploads\/2018\/03\/housron-clinical-peeling-treatment-e1521756831462-600x714.jpg.webp 600w, https:\/\/www.amyshouston.com\/wp-content\/uploads\/2018\/03\/housron-clinical-peeling-treatment-e1521756831462-252x300.jpg.webp 252w, https:\/\/www.amyshouston.com\/wp-content\/uploads\/2018\/03\/housron-clinical-peeling-treatment-e1521756831462-860x1024.jpg.webp 860w, https:\/\/www.amyshouston.com\/wp-content\/uploads\/2018\/03\/housron-clinical-peeling-treatment-e1521756831462-768x914.jpg.webp 768w, https:\/\/www.amyshouston.com\/wp-content\/uploads\/2018\/03\/housron-clinical-peeling-treatment-e1521756831462-1290x1536.jpg.webp 1290w, https:\/\/www.amyshouston.com\/wp-content\/uploads\/2018\/03\/housron-clinical-peeling-treatment-e1521756831462-252x300@2x.jpg 504w\" sizes=\"auto, (max-width: 1445px) 100vw, 1445px\" data-dt-location=\"https:\/\/www.amyshouston.com\/es\/cuidado-de-la-piel-houston\/tratamientos-de-peeling-clinico\/housron-clinical-peeling-treatment\/\"><\/div>\n\t\t<\/figure>\n\t<\/div>\n<\/div><\/div><\/div><\/div>\n<\/div>","protected":false},"excerpt":{"rendered":"<p>Green Peel Classic\u00a1Luce de 5 a 10 a\u00f1os m\u00e1s joven! Ingredientes puramente naturales para su belleza. Una mezcla especial de varias hierbas y algas ricas en minerales, enzimas y vitaminas, ayudan a su piel a recuperar una nueva frescura. Esta mezcla se masajea en su piel, utilizando una t\u00e9cnica especial.Green Peel EnergyPuede sentir la energ\u00eda. Se...<\/p>","protected":false},"author":1,"featured_media":0,"parent":364,"menu_order":3,"comment_status":"closed","ping_status":"closed","template":"","meta":{"footnotes":""},"class_list":["post-3941","page","type-page","status-publish","hentry","description-off"],"_links":{"self":[{"href":"https:\/\/www.amyshouston.com\/es\/wp-json\/wp\/v2\/pages\/3941","targetHints":{"allow":["GET"]}}],"collection":[{"href":"https:\/\/www.amyshouston.com\/es\/wp-json\/wp\/v2\/pages"}],"about":[{"href":"https:\/\/www.amyshouston.com\/es\/wp-json\/wp\/v2\/types\/page"}],"author":[{"embeddable":true,"href":"https:\/\/www.amyshouston.com\/es\/wp-json\/wp\/v2\/users\/1"}],"replies":[{"embeddable":true,"href":"https:\/\/www.amyshouston.com\/es\/wp-json\/wp\/v2\/comments?post=3941"}],"version-history":[{"count":0,"href":"https:\/\/www.amyshouston.com\/es\/wp-json\/wp\/v2\/pages\/3941\/revisions"}],"up":[{"embeddable":true,"href":"https:\/\/www.amyshouston.com\/es\/wp-json\/wp\/v2\/pages\/364"}],"wp:attachment":[{"href":"https:\/\/www.amyshouston.com\/es\/wp-json\/wp\/v2\/media?parent=3941"}],"curies":[{"name":"wp","href":"https:\/\/api.w.org\/{rel}","templated":true}]}}