{"id":3909,"date":"2018-03-20T23:57:01","date_gmt":"2018-03-20T23:57:01","guid":{"rendered":"https:\/\/dev.amyshouston.com\/skincare-houston\/permanent-makeup-2\/"},"modified":"2022-08-04T22:54:14","modified_gmt":"2022-08-05T03:54:14","slug":"tratamientos-faciales","status":"publish","type":"page","link":"https:\/\/www.amyshouston.com\/es\/cuidado-de-la-piel-houston\/tratamientos-faciales\/","title":{"rendered":"Tratamientos faciales"},"content":{"rendered":"<div class=\"wpb-content-wrapper\"><div class=\"vc_row wpb_row vc_row-fluid dt-default\" style=\"margin-top: 0px;margin-bottom: 0px\"><div class=\"wpb_column vc_column_container vc_col-sm-12\"><div class=\"vc_column-inner\"><div class=\"wpb_wrapper\"><div id=\"ultimate-heading-215069e363be91a07\" class=\"uvc-heading ult-adjust-bottom-margin ultimate-heading-215069e363be91a07 uvc-5608\" data-hspacer=\"no_spacer\"  data-halign=\"left\" style=\"text-align:left\"><div class=\"uvc-heading-spacer no_spacer\" style=\"top\"><\/div><div class=\"uvc-main-heading ult-responsive\"  data-ultimate-target='.uvc-heading.ultimate-heading-215069e363be91a07 h2'  data-responsive-json-new='{\"font-size\":\"desktop:26px;mobile_landscape:22px;mobile:20px;\",\"line-height\":\"desktop:36px;mobile_landscape:30px;mobile:28px;\"}' ><h2 style=\"--font-weight:theme;color:#000000;margin-top:20px;margin-bottom:50px;\">Los mejores tratamientos faciales en Houston<\/h2><\/div><\/div><\/div><\/div><\/div><div class=\"facial-img wpb_column vc_column_container vc_col-sm-6\"><div class=\"vc_column-inner\"><div class=\"wpb_wrapper\">\n\t<div  class=\"wpb_single_image wpb_content_element vc_align_right\">\n\t\t\n\t\t<figure class=\"wpb_wrapper vc_figure\">\n\t\t\t<div class=\"vc_single_image-wrapper   vc_box_border_grey\"><img loading=\"lazy\" decoding=\"async\" width=\"1024\" height=\"652\" src=\"https:\/\/tara.amyshouston.com\/spio\/ret_img,q_cdnize,to_avif,s_avif\/www.amyshouston.com\/wp-content\/uploads\/2018\/03\/signature-facial-treatment-1024x652.jpg\" class=\"vc_single_image-img attachment-large\" alt=\"\" title=\"tratamiento facial de autor\" srcset=\"https:\/\/tara.amyshouston.com\/spio\/ret_img,q_cdnize,to_avif,s_avif\/www.amyshouston.com\/wp-content\/uploads\/2018\/03\/signature-facial-treatment-1024x652.jpg.webp 1024w, https:\/\/tara.amyshouston.com\/spio\/ret_img,q_cdnize,to_avif,s_avif\/www.amyshouston.com\/wp-content\/uploads\/2018\/03\/signature-facial-treatment-300x191@2x.jpg 600w, https:\/\/tara.amyshouston.com\/spio\/ret_img,q_cdnize,to_avif,s_avif\/www.amyshouston.com\/wp-content\/uploads\/2018\/03\/signature-facial-treatment-300x191.jpg.webp 300w, https:\/\/tara.amyshouston.com\/spio\/ret_img,q_cdnize,to_avif,s_avif\/www.amyshouston.com\/wp-content\/uploads\/2018\/03\/signature-facial-treatment-768x489.jpg.webp 768w, https:\/\/tara.amyshouston.com\/spio\/ret_img,q_cdnize,to_avif,s_avif\/www.amyshouston.com\/wp-content\/uploads\/2018\/03\/signature-facial-treatment-1536x978.jpg.webp 1536w, https:\/\/tara.amyshouston.com\/spio\/ret_img,q_cdnize,to_avif,s_avif\/www.amyshouston.com\/wp-content\/uploads\/2018\/03\/signature-facial-treatment.jpg.webp 2000w\" sizes=\"auto, (max-width: 1024px) 100vw, 1024px\" data-dt-location=\"https:\/\/www.amyshouston.com\/es\/cuidado-de-la-piel-houston\/tratamientos-faciales\/signature-facial-treatment\/\"><\/div>\n\t\t<\/figure>\n\t<\/div>\n<\/div><\/div><\/div><div class=\"facial-heading wpb_column vc_column_container vc_col-sm-6\"><div class=\"vc_column-inner vc_custom_1521595160553\"><div class=\"wpb_wrapper\"><div id=\"ultimate-heading-546269e363be92b8e\" class=\"uvc-heading ult-adjust-bottom-margin ultimate-heading-546269e363be92b8e uvc-5718 title-heading\" data-hspacer=\"no_spacer\"  data-halign=\"left\" style=\"text-align:left\"><div class=\"uvc-heading-spacer no_spacer\" style=\"top\"><\/div><div class=\"uvc-main-heading ult-responsive\"  data-ultimate-target='.uvc-heading.ultimate-heading-546269e363be92b8e h2'  data-responsive-json-new='{\"font-size\":\"desktop:26px;mobile_landscape:22px;mobile:20px;\",\"line-height\":\"desktop:36px;mobile_landscape:30px;mobile:28px;\"}' ><h2 style=\"--font-weight:theme;color:#fec33a;margin-top:20px;margin-bottom:20px;\">Tratamientos faciales exclusivos<\/h2><\/div><div class=\"uvc-sub-heading ult-responsive\"  data-ultimate-target='.uvc-heading.ultimate-heading-546269e363be92b8e .uvc-sub-heading '  data-responsive-json-new='{\"font-size\":\"desktop:16px;mobile_landscape:14px;mobile:14px;\",\"line-height\":\"desktop:26px;mobile_landscape:24px;mobile:24px;\"}'  style=\"font-weight:normal;\"><\/p>\n<p class=\"p1\"><em><strong>Hidrataci\u00f3n facial<\/strong><\/em> - Este tratamiento facial se adaptar\u00e1 al estado de su piel y a sus preferencias personales. Perfecto para pieles secas, normales o grasas que necesitan un tratamiento relajante pero eficaz.<\/p>\n<p class=\"p1\"><em><strong>OxyGem\u2122 Facial<\/strong><\/em> - Un tratamiento de poros profundos con una f\u00f3rmula especial de productos utilizados para tratar tipos de piel problem\u00e1ticos. Calma, aclara y sanea la piel.<\/p>\n<p><em><strong>Limpieza facial profunda<\/strong> <\/em>- Limpieza y vapor, exfoliaci\u00f3n suave de las c\u00e9lulas muertas de la piel, mascarilla de extracci\u00f3n profunda de los poros.<\/div><\/div><\/div><\/div><\/div><\/div><div class=\"vc_row wpb_row vc_row-fluid dt-default\" style=\"margin-top: 0px;margin-bottom: 0px\"><div class=\"wpb_column vc_column_container vc_col-sm-12 vc_hidden-lg vc_hidden-md\" id=\"mobile\"><div class=\"vc_column-inner\"><div class=\"wpb_wrapper\">\n\t<div  class=\"wpb_single_image wpb_content_element vc_align_center  vc_custom_1521643159428  visia-image\">\n\t\t\n\t\t<figure class=\"wpb_wrapper vc_figure\">\n\t\t\t<div class=\"vc_single_image-wrapper   vc_box_border_grey\"><img loading=\"lazy\" decoding=\"async\" width=\"2000\" height=\"1500\" src=\"https:\/\/www.amyshouston.com\/wp-content\/uploads\/2018\/03\/houston-best-facial-treatment.jpg\" class=\"vc_single_image-img attachment-full\" alt=\"\" title=\"Masaje para la piel de la cara\" srcset=\"https:\/\/www.amyshouston.com\/wp-content\/uploads\/2018\/03\/houston-best-facial-treatment.jpg.webp 2000w, https:\/\/www.amyshouston.com\/wp-content\/uploads\/2018\/03\/houston-best-facial-treatment-300x225@2x.jpg 600w, https:\/\/www.amyshouston.com\/wp-content\/uploads\/2018\/03\/houston-best-facial-treatment-300x225.jpg.webp 300w, https:\/\/www.amyshouston.com\/wp-content\/uploads\/2018\/03\/houston-best-facial-treatment-1024x768.jpg.webp 1024w, https:\/\/www.amyshouston.com\/wp-content\/uploads\/2018\/03\/houston-best-facial-treatment-768x576.jpg.webp 768w, https:\/\/www.amyshouston.com\/wp-content\/uploads\/2018\/03\/houston-best-facial-treatment-1536x1152.jpg.webp 1536w\" sizes=\"auto, (max-width: 2000px) 100vw, 2000px\" data-dt-location=\"https:\/\/www.amyshouston.com\/es\/cuidado-de-la-piel-houston\/tratamientos-faciales\/massage-for-the-skin-on-face\/\"><\/div>\n\t\t<\/figure>\n\t<\/div>\n<\/div><\/div><\/div><div class=\"facial-heading wpb_column vc_column_container vc_col-sm-6\"><div class=\"vc_column-inner vc_custom_1522366872378\"><div class=\"wpb_wrapper\"><div id=\"ultimate-heading-690469e363be93cc6\" class=\"uvc-heading ult-adjust-bottom-margin ultimate-heading-690469e363be93cc6 uvc-5337 title-heading1\" data-hspacer=\"no_spacer\"  data-halign=\"left\" style=\"text-align:left\"><div class=\"uvc-heading-spacer no_spacer\" style=\"top\"><\/div><div class=\"uvc-main-heading ult-responsive\"  data-ultimate-target='.uvc-heading.ultimate-heading-690469e363be93cc6 h2'  data-responsive-json-new='{\"font-size\":\"desktop:26px;mobile_landscape:22px;mobile:20px;\",\"line-height\":\"desktop:36px;mobile_landscape:30px;mobile:28px;\"}' ><h2 style=\"--font-weight:theme;color:#fec33a;margin-top:20px;margin-bottom:20px;\">Tratamientos faciales cl\u00ednicos<\/h2><\/div><div class=\"uvc-sub-heading ult-responsive\"  data-ultimate-target='.uvc-heading.ultimate-heading-690469e363be93cc6 .uvc-sub-heading '  data-responsive-json-new='{\"font-size\":\"desktop:16px;mobile_landscape:14px;mobile:14px;\",\"line-height\":\"desktop:26px;mobile_landscape:24px;mobile:24px;\"}'  style=\"font-weight:normal;\"><\/p>\n<p class=\"p1\"><em><strong>Micro \/ Oxygen Facial<\/strong> <\/em>- Una combinaci\u00f3n perfecta de microdermoabrasi\u00f3n y tratamiento facial con ox\u00edgeno para una piel m\u00e1s suave, luminosa y clara.<\/p>\n<p><em><strong>Nivelaci\u00f3n epid\u00e9rmica<\/strong><\/em> - Cuando necesite una piel resplandeciente, este tratamiento combina la nivelaci\u00f3n epid\u00e9rmica y un tratamiento facial personalizado para obtener resultados sorprendentes. Perfecto para un tratamiento mensual.<\/p>\n<p><em><strong>Microagujas<\/strong><\/em> - Se crean microcanales en la piel que permiten la cicatrizaci\u00f3n natural de la piel para alisar las cicatrices del acn\u00e9, las l\u00edneas finas, las arrugas, tensar, iluminar y tonificar la piel.<\/p>\n<p><em><strong>Foto Facial<\/strong><\/em> - Este tratamiento est\u00e1 personalizado para combatir el envejecimiento, el acn\u00e9 y la formaci\u00f3n de col\u00e1geno.<\/p>\n<p><em><strong>Micro \/ Fototerapia<\/strong> <\/em>- Combine el fotofacial anterior despu\u00e9s de un tratamiento de microdermoabrasi\u00f3n que permita que los ingredientes activos penetren para un tratamiento \u00f3ptimo.<\/div><\/div><\/div><\/div><\/div><div class=\"facial-img wpb_column vc_column_container vc_col-sm-6 vc_hidden-sm vc_hidden-xs\"><div class=\"vc_column-inner\"><div class=\"wpb_wrapper\">\n\t<div  class=\"wpb_single_image wpb_content_element vc_align_center  vc_custom_1521643141163  visia-image\">\n\t\t\n\t\t<figure class=\"wpb_wrapper vc_figure\">\n\t\t\t<div class=\"vc_single_image-wrapper   vc_box_border_grey\"><img loading=\"lazy\" decoding=\"async\" width=\"2000\" height=\"1500\" src=\"https:\/\/www.amyshouston.com\/wp-content\/uploads\/2018\/03\/houston-best-facial-treatment.jpg\" class=\"vc_single_image-img attachment-full\" alt=\"\" title=\"Masaje para la piel de la cara\" srcset=\"https:\/\/www.amyshouston.com\/wp-content\/uploads\/2018\/03\/houston-best-facial-treatment.jpg.webp 2000w, https:\/\/www.amyshouston.com\/wp-content\/uploads\/2018\/03\/houston-best-facial-treatment-300x225@2x.jpg 600w, https:\/\/www.amyshouston.com\/wp-content\/uploads\/2018\/03\/houston-best-facial-treatment-300x225.jpg.webp 300w, https:\/\/www.amyshouston.com\/wp-content\/uploads\/2018\/03\/houston-best-facial-treatment-1024x768.jpg.webp 1024w, https:\/\/www.amyshouston.com\/wp-content\/uploads\/2018\/03\/houston-best-facial-treatment-768x576.jpg.webp 768w, https:\/\/www.amyshouston.com\/wp-content\/uploads\/2018\/03\/houston-best-facial-treatment-1536x1152.jpg.webp 1536w\" sizes=\"auto, (max-width: 2000px) 100vw, 2000px\" data-dt-location=\"https:\/\/www.amyshouston.com\/es\/cuidado-de-la-piel-houston\/tratamientos-faciales\/massage-for-the-skin-on-face\/\"><\/div>\n\t\t<\/figure>\n\t<\/div>\n<\/div><\/div><\/div><\/div><div class=\"vc_row wpb_row vc_row-fluid dt-default\" style=\"margin-top: 0px;margin-bottom: 0px\"><div class=\"facial-img wpb_column vc_column_container vc_col-sm-6\"><div class=\"vc_column-inner\"><div class=\"wpb_wrapper\">\n\t<div  class=\"wpb_single_image wpb_content_element vc_align_center  vc_custom_1522364246668  visia-image\">\n\t\t\n\t\t<figure class=\"wpb_wrapper vc_figure\">\n\t\t\t<div class=\"vc_single_image-wrapper   vc_box_border_grey\"><img loading=\"lazy\" decoding=\"async\" width=\"2560\" height=\"1709\" src=\"https:\/\/www.amyshouston.com\/wp-content\/uploads\/2018\/03\/green-peel-scaled.jpg\" class=\"vc_single_image-img attachment-full\" alt=\"\" title=\"Hermosa chica con una toalla en la cabeza aplicando mas de arcilla facial\" srcset=\"https:\/\/www.amyshouston.com\/wp-content\/uploads\/2018\/03\/green-peel-scaled.jpg.webp 2560w, https:\/\/www.amyshouston.com\/wp-content\/uploads\/2018\/03\/green-peel-scaled-300x200@2x.jpg 600w, https:\/\/www.amyshouston.com\/wp-content\/uploads\/2018\/03\/green-peel-scaled-300x200.jpg.webp 300w, https:\/\/www.amyshouston.com\/wp-content\/uploads\/2018\/03\/green-peel-scaled-1024x684.jpg.webp 1024w, https:\/\/www.amyshouston.com\/wp-content\/uploads\/2018\/03\/green-peel-scaled-768x513.jpg.webp 768w, https:\/\/www.amyshouston.com\/wp-content\/uploads\/2018\/03\/green-peel-scaled-1536x1025.jpg.webp 1536w, https:\/\/www.amyshouston.com\/wp-content\/uploads\/2018\/03\/green-peel-scaled-2048x1367.jpg.webp 2048w\" sizes=\"auto, (max-width: 2560px) 100vw, 2560px\" data-dt-location=\"https:\/\/www.amyshouston.com\/es\/cuidado-de-la-piel-houston\/tratamiento-a-base-de-hierbas-green-peel\/beautiful-girl-with-a-towel-on-her-head-applying-facial-clay-mas-3\/\"><\/div>\n\t\t<\/figure>\n\t<\/div>\n<\/div><\/div><\/div><div class=\"facial-heading wpb_column vc_column_container vc_col-sm-6\"><div class=\"vc_column-inner\"><div class=\"wpb_wrapper\"><div id=\"ultimate-heading-444069e363be958f9\" class=\"uvc-heading ult-adjust-bottom-margin ultimate-heading-444069e363be958f9 uvc-7736 title-heading\" data-hspacer=\"no_spacer\"  data-halign=\"left\" style=\"text-align:left\"><div class=\"uvc-heading-spacer no_spacer\" style=\"top\"><\/div><div class=\"uvc-main-heading ult-responsive\"  data-ultimate-target='.uvc-heading.ultimate-heading-444069e363be958f9 h2'  data-responsive-json-new='{\"font-size\":\"desktop:26px;mobile_landscape:22px;mobile:20px;\",\"line-height\":\"desktop:36px;mobile_landscape:30px;mobile:28px;\"}' ><h2 style=\"--font-weight:theme;color:#fec33a;margin-top:20px;margin-bottom:20px;\">Mascarillas faciales especiales<\/h2><\/div><div class=\"uvc-sub-heading ult-responsive\"  data-ultimate-target='.uvc-heading.ultimate-heading-444069e363be958f9 .uvc-sub-heading '  data-responsive-json-new='{\"font-size\":\"desktop:16px;mobile_landscape:14px;mobile:14px;\",\"line-height\":\"desktop:26px;mobile_landscape:24px;mobile:24px;\"}'  style=\"font-weight:normal;\"><\/p>\n<p class=\"p1\"><em><strong>Col\u00e1geno Vitamina C Reafirmante<\/strong><\/em> - Esta mascarilla ayudar\u00e1 a que tu piel luzca m\u00e1s firme y tensa.<\/p>\n<p class=\"p1\"><em><strong>Col\u00e1geno de oro de 24 quilates y diamantes<\/strong><\/em> - es el favorito de las celebs. Ser\u00e1 incluso piedra de la piel como tambi\u00e9n traer como hidrataci\u00f3n de la naturaleza para su cara.<\/p>\n<p><em><strong>Lipo C Col\u00e1geno 2000 ADN Reafirmante<\/strong><\/em> - que ayudan a aportar hidrataci\u00f3n a la piel, reducen la aparici\u00f3n de arrugas.<\/div><\/div><\/div><\/div><\/div><\/div>\n<\/div>","protected":false},"excerpt":{"rendered":"<p>Los mejores tratamientos faciales en Houston Firma Tratamientos Faciales Hidratante Facial - Este tratamiento facial ser\u00e1 personalizado para su condici\u00f3n de la piel y las preferencias personales. Perfecto para pieles secas, normales o grasas que necesitan un tratamiento relajante pero eficaz. OxyGem\u2122 Facial - Un tratamiento de poros profundos con una f\u00f3rmula especial de productos utilizados para tratar tipos de piel problem\u00e1ticos. Calmante, limpiador...<\/p>","protected":false},"author":1,"featured_media":0,"parent":364,"menu_order":1,"comment_status":"closed","ping_status":"closed","template":"","meta":{"footnotes":""},"class_list":["post-3909","page","type-page","status-publish","hentry","description-off"],"_links":{"self":[{"href":"https:\/\/www.amyshouston.com\/es\/wp-json\/wp\/v2\/pages\/3909","targetHints":{"allow":["GET"]}}],"collection":[{"href":"https:\/\/www.amyshouston.com\/es\/wp-json\/wp\/v2\/pages"}],"about":[{"href":"https:\/\/www.amyshouston.com\/es\/wp-json\/wp\/v2\/types\/page"}],"author":[{"embeddable":true,"href":"https:\/\/www.amyshouston.com\/es\/wp-json\/wp\/v2\/users\/1"}],"replies":[{"embeddable":true,"href":"https:\/\/www.amyshouston.com\/es\/wp-json\/wp\/v2\/comments?post=3909"}],"version-history":[{"count":1,"href":"https:\/\/www.amyshouston.com\/es\/wp-json\/wp\/v2\/pages\/3909\/revisions"}],"predecessor-version":[{"id":277891,"href":"https:\/\/www.amyshouston.com\/es\/wp-json\/wp\/v2\/pages\/3909\/revisions\/277891"}],"up":[{"embeddable":true,"href":"https:\/\/www.amyshouston.com\/es\/wp-json\/wp\/v2\/pages\/364"}],"wp:attachment":[{"href":"https:\/\/www.amyshouston.com\/es\/wp-json\/wp\/v2\/media?parent=3909"}],"curies":[{"name":"wp","href":"https:\/\/api.w.org\/{rel}","templated":true}]}}