{"id":3668,"date":"2018-03-17T21:08:40","date_gmt":"2018-03-17T21:08:40","guid":{"rendered":"https:\/\/dev.amyshouston.com\/?page_id=3668"},"modified":"2018-03-19T21:49:13","modified_gmt":"2018-03-19T21:49:13","slug":"lifting-facial-no-quirurgico","status":"publish","type":"page","link":"https:\/\/www.amyshouston.com\/es\/cuidado-de-la-piel-houston\/lifting-facial-no-quirurgico\/","title":{"rendered":"Lifting facial no quir\u00fargico"},"content":{"rendered":"<div class=\"wpb-content-wrapper\"><div class=\"vc_row wpb_row vc_row-fluid dt-default\" style=\"margin-top: 0px;margin-bottom: 0px\"><div class=\"wpb_column vc_column_container vc_col-sm-6\" id=\"col-8\"><div class=\"vc_column-inner vc_custom_1521246096687\"><div class=\"wpb_wrapper\">\n\t<div class=\"wpb_text_column wpb_content_element\" >\n\t\t<div class=\"wpb_wrapper\">\n\t\t\t<p class=\"p1\"><span class=\"s1\">El tratamiento de lifting facial no quir\u00fargico se ha convertido en una de las terapias anti-envejecimiento m\u00e1s solicitadas en nuestro med spa en Houston, no s\u00f3lo este tratamiento puede hacer que se vea joven de nuevo, sino que tambi\u00e9n no causa ning\u00fan dolor y el tiempo de inactividad, a diferencia de estiramiento facial convencional.<\/span><\/p>\n\n\t\t<\/div>\n\t<\/div>\n<div id=\"ultimate-heading-473669e3696de740a\" class=\"uvc-heading ult-adjust-bottom-margin ultimate-heading-473669e3696de740a uvc-783\" data-hspacer=\"no_spacer\"  data-halign=\"left\" style=\"text-align:left\"><div class=\"uvc-heading-spacer no_spacer\" style=\"top\"><\/div><div class=\"uvc-main-heading ult-responsive\"  data-ultimate-target='.uvc-heading.ultimate-heading-473669e3696de740a h2'  data-responsive-json-new='{\"font-size\":\"desktop:26px;\",\"line-height\":\"desktop:36px;\"}' ><h2 style=\"--font-weight:theme;margin-bottom:30px;\">Entonces, \u00bfqu\u00e9 es un lifting facial no quir\u00fargico?<\/h2><\/div><\/div>\n\t<div class=\"wpb_text_column wpb_content_element\" >\n\t\t<div class=\"wpb_wrapper\">\n\t\t\t<p class=\"p1\"><span class=\"s1\">El lifting facial no quir\u00fargico es un procedimiento m\u00ednimamente invasivo que levanta y tensa la piel sin necesidad de someterse a procedimientos quir\u00fargicos. Existen varias opciones, y Ultherapy es actualmente el procedimiento m\u00e1s solicitado para el lifting facial no quir\u00fargico.<\/span><\/p>\n\n\t\t<\/div>\n\t<\/div>\n<\/div><\/div><\/div><div class=\"wpb_column vc_column_container vc_col-sm-6\" id=\"col-4\"><div class=\"vc_column-inner\"><div class=\"wpb_wrapper\">\n\t<div  class=\"wpb_single_image wpb_content_element vc_align_left\">\n\t\t\n\t\t<figure class=\"wpb_wrapper vc_figure\">\n\t\t\t<div class=\"vc_single_image-wrapper   vc_box_border_grey\"><img loading=\"lazy\" decoding=\"async\" width=\"1000\" height=\"667\" src=\"https:\/\/www.amyshouston.com\/wp-content\/uploads\/2018\/03\/non-surgical-facelift-houston.jpg\" class=\"vc_single_image-img attachment-full\" alt=\"\" title=\"lifting facial no quir\u00fargico-houston\" srcset=\"https:\/\/www.amyshouston.com\/wp-content\/uploads\/2018\/03\/non-surgical-facelift-houston.jpg.webp 1000w, https:\/\/www.amyshouston.com\/wp-content\/uploads\/2018\/03\/non-surgical-facelift-houston-300x200@2x.jpg 600w, https:\/\/www.amyshouston.com\/wp-content\/uploads\/2018\/03\/non-surgical-facelift-houston-300x200.jpg.webp 300w, https:\/\/www.amyshouston.com\/wp-content\/uploads\/2018\/03\/non-surgical-facelift-houston-768x512.jpg.webp 768w\" sizes=\"auto, (max-width: 1000px) 100vw, 1000px\" data-dt-location=\"https:\/\/www.amyshouston.com\/es\/cuidado-de-la-piel-houston\/lifting-facial-no-quirurgico\/non-surgical-facelift-houston\/\"><\/div>\n\t\t<\/figure>\n\t<\/div>\n<\/div><\/div><\/div><\/div><div class=\"vc_row wpb_row vc_row-fluid dt-default\" style=\"margin-top: 0px;margin-bottom: 0px\"><div class=\"wpb_column vc_column_container vc_col-sm-6\"><div class=\"vc_column-inner vc_custom_1521255220736\"><div class=\"wpb_wrapper\"><div id=\"ultimate-heading-694769e3696de8686\" class=\"uvc-heading ult-adjust-bottom-margin ultimate-heading-694769e3696de8686 uvc-5143\" data-hspacer=\"no_spacer\"  data-halign=\"left\" style=\"text-align:left\"><div class=\"uvc-heading-spacer no_spacer\" style=\"top\"><\/div><div class=\"uvc-main-heading ult-responsive\"  data-ultimate-target='.uvc-heading.ultimate-heading-694769e3696de8686 h2'  data-responsive-json-new='{\"font-size\":\"desktop:26px;\",\"line-height\":\"desktop:36px;\"}' ><h2 style=\"--font-weight:theme;margin-bottom:30px;\">Entonces, \u00bfqu\u00e9 es un lifting facial no quir\u00fargico?<\/h2><\/div><\/div>\n\t<div class=\"wpb_text_column wpb_content_element  vc_custom_1521493666115 col-8\" >\n\t\t<div class=\"wpb_wrapper\">\n\t\t\t<p class=\"p1\"><span class=\"s1\">El lifting facial no quir\u00fargico es un procedimiento m\u00ednimamente invasivo que levanta y tensa la piel sin necesidad de someterse a intervenciones quir\u00fargicas. Existen varias opciones. Ultherapy es uno de los procedimientos m\u00e1s populares que est\u00e1 arrasando en todo el mundo.<\/span><\/p>\n\n\t\t<\/div>\n\t<\/div>\n<\/div><\/div><\/div><div class=\"wpb_column vc_column_container vc_col-sm-6 vc_col-has-fill\"><div class=\"vc_column-inner vc_custom_1521257085156\"><div class=\"wpb_wrapper\"><div id=\"ultimate-heading-206569e3696de87c3\" class=\"uvc-heading ult-adjust-bottom-margin ultimate-heading-206569e3696de87c3 uvc-7258\" data-hspacer=\"no_spacer\"  data-halign=\"left\" style=\"text-align:left\"><div class=\"uvc-heading-spacer no_spacer\" style=\"top\"><\/div><div class=\"uvc-main-heading ult-responsive\"  data-ultimate-target='.uvc-heading.ultimate-heading-206569e3696de87c3 h2'  data-responsive-json-new='{\"font-size\":\"desktop:26px;\",\"line-height\":\"desktop:36px;\"}' ><h2 style=\"--font-weight:theme;margin-bottom:30px;\">\u00bfQu\u00e9 es Ultherapy?<\/h2><\/div><\/div>\n\t<div class=\"wpb_text_column wpb_content_element  vc_custom_1521492563330 col-8\" >\n\t\t<div class=\"wpb_wrapper\">\n\t\t\t<p class=\"p1\"><span class=\"s1\">El lifting facial no quir\u00fargico Ultherapy es el procedimiento m\u00e1s novedoso aprobado por la FDA, seguro, no quir\u00fargico, que utiliza tecnolog\u00eda de ultrasonidos para contrarrestar los efectos del tiempo y la gravedad en la piel. Utiliza la propia respuesta regenerativa del cuerpo - la generaci\u00f3n de col\u00e1geno - para levantar la piel suave y gradualmente. <\/span><\/p>\n\n\t\t<\/div>\n\t<\/div>\n<\/div><\/div><\/div><\/div><div class=\"vc_row wpb_row vc_row-fluid dt-default\" style=\"margin-top: 0px;margin-bottom: 0px\"><div class=\"wpb_column vc_column_container vc_col-sm-12\"><div class=\"vc_column-inner\"><div class=\"wpb_wrapper\"><div class=\"aio-icon-component    style_1\"><div id=\"Info-box-wrap-5191\" class=\"aio-icon-box default-icon\" style=\"\"  ><div class=\"aio-icon-default\"><div class=\"ult-just-icon-wrapper\"><div class=\"align-icon\" style=\"text-align:center;\">\n<div class=\"aio-icon none\"  style=\"color:#e5b840;font-size:32px;display:inline-block;\">\n\t<i class=\"Defaults-question-circle\"><\/i>\n<\/div><\/div><\/div><\/div><div class=\"aio-icon-header\" ><h3 class=\"aio-icon-title ult-responsive\"  data-ultimate-target='#Info-box-wrap-5191 .aio-icon-title'  data-responsive-json-new='{\"font-size\":\"desktop:26px;\",\"line-height\":\"desktop:36px;\"}'  style=\"\">\u00bfC\u00f3mo funciona el lifting facial no quir\u00fargico?<\/h3><\/div> <!-- header --><div class=\"aio-icon-description ult-responsive\"  data-ultimate-target='#Info-box-wrap-5191 .aio-icon-description'  data-responsive-json-new='{\"font-size\":\"\",\"line-height\":\"\"}'  style=\"\"><\/p>\n<p style=\"text-align: left;\"><strong>Diga adi\u00f3s a las dolorosas inyecciones y al derma\u00a0<\/strong><strong>Rellenos<\/strong>. En Amy's Skincare &amp; Med Spa, ofrecemos el mejor lifting facial no quir\u00fargico de la industria al <span style=\"text-decoration: underline;\">Terapia de ondas de choque<\/span> y <span style=\"text-decoration: underline;\">Ultherapy<\/span> Ultrasonidos, el tratamiento m\u00e1s novedoso y el \u00fanico no invasivo aprobado por la FDA.<\/p>\n<p><\/div> <!-- description --><\/div> <!-- aio-icon-box --><\/div> <!-- aio-icon-component --><\/div><\/div><\/div><\/div><div class=\"vc_row wpb_row vc_row-fluid dt-default\" style=\"margin-top: 0px;margin-bottom: 0px\"><div class=\"wpb_column vc_column_container vc_col-sm-12\"><div class=\"vc_column-inner\"><div class=\"wpb_wrapper\"><div class=\"vc_row wpb_row vc_inner vc_row-fluid\"><div class=\"wpb_column vc_column_container vc_col-sm-6\"><div class=\"vc_column-inner\"><div class=\"wpb_wrapper\">\n\t<div  class=\"wpb_single_image wpb_content_element vc_align_left\">\n\t\t\n\t\t<figure class=\"wpb_wrapper vc_figure\">\n\t\t\t<div class=\"vc_single_image-wrapper   vc_box_border_grey\"><img loading=\"lazy\" decoding=\"async\" width=\"1000\" height=\"657\" src=\"https:\/\/www.amyshouston.com\/wp-content\/uploads\/2018\/03\/non-surgical-facelift-houston2-e1521495286141.jpg\" class=\"vc_single_image-img attachment-large\" alt=\"\" title=\"lifting facial no quir\u00fargico-houston2\" srcset=\"https:\/\/www.amyshouston.com\/wp-content\/uploads\/2018\/03\/non-surgical-facelift-houston2-e1521495286141.jpg.webp 1000w, https:\/\/www.amyshouston.com\/wp-content\/uploads\/2018\/03\/non-surgical-facelift-houston2-e1521495286141-300x197@2x.jpg 600w, https:\/\/www.amyshouston.com\/wp-content\/uploads\/2018\/03\/non-surgical-facelift-houston2-e1521495286141-300x197.jpg.webp 300w, https:\/\/www.amyshouston.com\/wp-content\/uploads\/2018\/03\/non-surgical-facelift-houston2-e1521495286141-768x505.jpg.webp 768w\" sizes=\"auto, (max-width: 1000px) 100vw, 1000px\" data-dt-location=\"https:\/\/www.amyshouston.com\/es\/cuidado-de-la-piel-houston\/lifting-facial-no-quirurgico\/non-surgical-facelift-houston2\/\"><\/div>\n\t\t<\/figure>\n\t<\/div>\n<\/div><\/div><\/div><div class=\"wpb_column vc_column_container vc_col-sm-6\"><div class=\"vc_column-inner\"><div class=\"wpb_wrapper\">\n\t<div  class=\"wpb_single_image wpb_content_element vc_align_left\">\n\t\t\n\t\t<figure class=\"wpb_wrapper vc_figure\">\n\t\t\t<div class=\"vc_single_image-wrapper   vc_box_border_grey\"><img loading=\"lazy\" decoding=\"async\" width=\"587\" height=\"386\" src=\"https:\/\/www.amyshouston.com\/wp-content\/uploads\/2018\/03\/ultheraphy-houston.jpg\" class=\"vc_single_image-img attachment-large\" alt=\"\" title=\"ultheraphy-houston\" srcset=\"https:\/\/www.amyshouston.com\/wp-content\/uploads\/2018\/03\/ultheraphy-houston.jpg.webp 587w, https:\/\/www.amyshouston.com\/wp-content\/uploads\/2018\/03\/ultheraphy-houston-300x197.jpg.webp 300w\" sizes=\"auto, (max-width: 587px) 100vw, 587px\" data-dt-location=\"https:\/\/www.amyshouston.com\/es\/cuidado-de-la-piel-houston\/lifting-facial-no-quirurgico\/ultheraphy-houston\/\"><\/div>\n\t\t<\/figure>\n\t<\/div>\n<\/div><\/div><\/div><\/div><div class=\"vc_row wpb_row vc_inner vc_row-fluid\"><div class=\"wpb_column vc_column_container vc_col-sm-6\"><div class=\"vc_column-inner\"><div class=\"wpb_wrapper\">\n\t<div class=\"wpb_text_column wpb_content_element  vc_custom_1521493752060 col-8\" >\n\t\t<div class=\"wpb_wrapper\">\n\t\t\t<p class=\"p1\"><span class=\"s1\"><strong>Terapia de ondas de choque<\/strong> se utilizan para reducir las arrugas del entrecejo y de la frente. Tambi\u00e9n se utilizan para las arrugas finas del contorno de los ojos y la zona de la boca.<\/span><\/p>\n\n\t\t<\/div>\n\t<\/div>\n<\/div><\/div><\/div><div class=\"wpb_column vc_column_container vc_col-sm-6\"><div class=\"vc_column-inner\"><div class=\"wpb_wrapper\">\n\t<div class=\"wpb_text_column wpb_content_element  vc_custom_1521494908868 col-8\" >\n\t\t<div class=\"wpb_wrapper\">\n\t\t\t<p><strong>Ultherapy<\/strong> El lifting facial no quir\u00fargico Ultherapy es la nueva generaci\u00f3n y el \u00fanico tratamiento no quir\u00fargico aprobado por la FDA para levantar la piel fl\u00e1cida. Ultherapy utiliza ondas de ultrasonido para llegar debajo de la piel y estimular el crecimiento de col\u00e1geno.<\/p>\n\n\t\t<\/div>\n\t<\/div>\n<\/div><\/div><\/div><\/div><\/div><\/div><\/div><\/div><div class=\"vc_row wpb_row vc_row-fluid dt-default\" style=\"margin-top: 0px;margin-bottom: 0px\"><div class=\"wpb_column vc_column_container vc_col-sm-6 vc_col-has-fill\"><div class=\"vc_column-inner vc_custom_1521259109878\"><div class=\"wpb_wrapper\"><div id=\"ultimate-heading-467269e3696dea645\" class=\"uvc-heading ult-adjust-bottom-margin ultimate-heading-467269e3696dea645 uvc-118\" data-hspacer=\"no_spacer\"  data-halign=\"left\" style=\"text-align:left\"><div class=\"uvc-heading-spacer no_spacer\" style=\"top\"><\/div><div class=\"uvc-main-heading ult-responsive\"  data-ultimate-target='.uvc-heading.ultimate-heading-467269e3696dea645 h2'  data-responsive-json-new='{\"font-size\":\"desktop:26px;\",\"line-height\":\"desktop:36px;\"}' ><h2 style=\"--font-weight:theme;margin-bottom:30px;\">\u00bfC\u00f3mo puedo beneficiarme de un lifting facial no quir\u00fargico?<\/h2><\/div><\/div>\n\t<div class=\"wpb_text_column wpb_content_element  vc_custom_1521259130271 col-8\" >\n\t\t<div class=\"wpb_wrapper\">\n\t\t\t<p class=\"p1\"><span class=\"s1\">A medida que envejecemos, nuestra piel pierde prote\u00ednas esenciales como el col\u00e1geno y la elastina, necesarias para mantener su firmeza. Como resultado, nuestra piel ya no es capaz de renovarse tan r\u00e1pidamente como antes, y pronto aparecen arrugas y pliegues a medida que la piel empieza a descolgarse en distintas zonas. <\/span><\/p>\n<p class=\"p1\"><span class=\"s1\">Un lifting facial no quir\u00fargico es una gran opci\u00f3n para combatir estos signos de envejecimiento. Puede reducir las l\u00edneas finas y las arrugas, levantar la papada y mejorar el tono de la piel, d\u00e1ndole un aspecto m\u00e1s joven y fresco.<\/span><\/p>\n\n\t\t<\/div>\n\t<\/div>\n<\/div><\/div><\/div><div class=\"wpb_column vc_column_container vc_col-sm-6\"><div class=\"vc_column-inner\"><div class=\"wpb_wrapper\"><div id=\"ultimate-heading-104969e3696dea76e\" class=\"uvc-heading ult-adjust-bottom-margin ultimate-heading-104969e3696dea76e uvc-1001\" data-hspacer=\"no_spacer\"  data-halign=\"left\" style=\"text-align:left\"><div class=\"uvc-heading-spacer no_spacer\" style=\"top\"><\/div><div class=\"uvc-main-heading ult-responsive\"  data-ultimate-target='.uvc-heading.ultimate-heading-104969e3696dea76e h2'  data-responsive-json-new='{\"font-size\":\"desktop:26px;\",\"line-height\":\"desktop:36px;\"}' ><h2 style=\"--font-weight:theme;margin-bottom:30px;\">\u00bfCu\u00e1les son mis otras opciones de lifting facial no quir\u00fargico?<\/h2><\/div><\/div>\n\t<div class=\"wpb_text_column wpb_content_element  vc_custom_1521496150361 col-8\" >\n\t\t<div class=\"wpb_wrapper\">\n\t\t\t<p class=\"p1\"><span class=\"s1\">Adem\u00e1s de la terapia de ondas de choque y Ultherapy, Dermapen y Microneedling es otro procedimiento de estiramiento de la piel que ofrecemos para mejorar la textura de la piel, reduce las l\u00edneas finas, arrugas y restaurar la apariencia juvenil de la piel. Puede haber un poco de enrojecimiento y sensibilidad leve despu\u00e9s del tratamiento, pero por lo general se cura en unas pocas horas. <\/span><\/p>\n<p class=\"p1\"><span class=\"s1\">Si usted est\u00e1 considerando un lifting facial no quir\u00fargico, estas son las opciones m\u00e1s populares para elegir. Sin embargo, hay ocasiones en las que puede ser necesaria una combinaci\u00f3n de tratamientos para un rejuvenecimiento facial \u00f3ptimo, como la combinaci\u00f3n con nuestro Green Peel Herbal Peel.<\/span><\/p>\n\n\t\t<\/div>\n\t<\/div>\n<\/div><\/div><\/div><\/div><div class=\"vc_row wpb_row vc_row-fluid dt-default\" style=\"margin-top: 0px;margin-bottom: 0px\"><div class=\"wpb_column vc_column_container vc_col-sm-12\"><div class=\"vc_column-inner\"><div class=\"wpb_wrapper\"><div id=\"ultimate-heading-630569e3696dea9a9\" class=\"uvc-heading ult-adjust-bottom-margin ultimate-heading-630569e3696dea9a9 uvc-5166\" data-hspacer=\"no_spacer\"  data-halign=\"left\" style=\"text-align:left\"><div class=\"uvc-heading-spacer no_spacer\" style=\"top\"><\/div><div class=\"uvc-main-heading ult-responsive\"  data-ultimate-target='.uvc-heading.ultimate-heading-630569e3696dea9a9 h2'  data-responsive-json-new='{\"font-size\":\"desktop:26px;\",\"line-height\":\"desktop:36px;\"}' ><h2 style=\"--font-weight:theme;margin-bottom:30px;\">\u00bfPor qu\u00e9 es tan popular el lifting facial no quir\u00fargico en Amy's Skincare?<\/h2><\/div><\/div>\n\t<div class=\"wpb_text_column wpb_content_element  vc_custom_1521495214923 col-8\" >\n\t\t<div class=\"wpb_wrapper\">\n\t\t\t<p class=\"p1\"><span class=\"s1\">La mayor\u00eda de nuestros clientes que eligieron nuestros tratamientos de lifting facial no quir\u00fargico en Houston porque hay menos riesgos involucrados. Hay cero inyecciones dolorosas, cero rellenos, cero procedimientos quir\u00fargicos requeridos, y cero tiempo de inactividad. Adem\u00e1s, un lifting facial no quir\u00fargico cuesta menos y no da lugar a ninguna hinchaz\u00f3n o moretones que se experimenta despu\u00e9s de un lifting facial quir\u00fargico convencional. <\/span><\/p>\n<p class=\"p1\"><span class=\"s1\">Consigue el aspecto juvenil que siempre has deseado.<\/span><\/p>\n<p class=\"p1\"><strong><span class=\"s1\">Llame hoy al 281-589-1888 para una consulta gratuita con uno de nuestros especialistas en el cuidado de la piel y vea c\u00f3mo podemos ayudarle a transformar su piel.<\/span><\/strong><\/p>\n\n\t\t<\/div>\n\t<\/div>\n<\/div><\/div><\/div><\/div>\n<\/div>","protected":false},"excerpt":{"rendered":"<p>El tratamiento de lifting facial no quir\u00fargico se ha convertido en una de las terapias anti-envejecimiento m\u00e1s solicitadas en nuestro med spa en Houston, no s\u00f3lo este tratamiento puede hacer que te veas joven de nuevo, sino que tambi\u00e9n no causa ning\u00fan dolor y tiempo de inactividad, a diferencia del lifting facial convencional. Entonces, \u00bfqu\u00e9 es un lifting facial no quir\u00fargico? Un lifting facial no quir\u00fargico es un procedimiento m\u00ednimamente invasivo...<\/p>","protected":false},"author":2,"featured_media":0,"parent":364,"menu_order":8,"comment_status":"closed","ping_status":"closed","template":"","meta":{"footnotes":""},"class_list":["post-3668","page","type-page","status-publish","hentry","description-off"],"_links":{"self":[{"href":"https:\/\/www.amyshouston.com\/es\/wp-json\/wp\/v2\/pages\/3668","targetHints":{"allow":["GET"]}}],"collection":[{"href":"https:\/\/www.amyshouston.com\/es\/wp-json\/wp\/v2\/pages"}],"about":[{"href":"https:\/\/www.amyshouston.com\/es\/wp-json\/wp\/v2\/types\/page"}],"author":[{"embeddable":true,"href":"https:\/\/www.amyshouston.com\/es\/wp-json\/wp\/v2\/users\/2"}],"replies":[{"embeddable":true,"href":"https:\/\/www.amyshouston.com\/es\/wp-json\/wp\/v2\/comments?post=3668"}],"version-history":[{"count":0,"href":"https:\/\/www.amyshouston.com\/es\/wp-json\/wp\/v2\/pages\/3668\/revisions"}],"up":[{"embeddable":true,"href":"https:\/\/www.amyshouston.com\/es\/wp-json\/wp\/v2\/pages\/364"}],"wp:attachment":[{"href":"https:\/\/www.amyshouston.com\/es\/wp-json\/wp\/v2\/media?parent=3668"}],"curies":[{"name":"wp","href":"https:\/\/api.w.org\/{rel}","templated":true}]}}