{"id":3664,"date":"2018-03-17T02:56:43","date_gmt":"2018-03-17T02:56:43","guid":{"rendered":"https:\/\/dev.amyshouston.com\/skincare-houston\/microdermabrasion-2\/"},"modified":"2018-03-29T18:59:37","modified_gmt":"2018-03-29T18:59:37","slug":"maquillaje-permanente","status":"publish","type":"page","link":"https:\/\/www.amyshouston.com\/es\/cuidado-de-la-piel-houston\/maquillaje-permanente\/","title":{"rendered":"Maquillaje permanente"},"content":{"rendered":"<div class=\"wpb-content-wrapper\"><div class=\"vc_row wpb_row vc_row-fluid dt-default\" style=\"margin-top: 0px;margin-bottom: 0px\"><div class=\"wpb_column vc_column_container vc_col-sm-12\" id=\"col-8\"><div class=\"vc_column-inner vc_custom_1519336189777\"><div class=\"wpb_wrapper\"><div id=\"ultimate-heading-255669e36982ad4be\" class=\"uvc-heading ult-adjust-bottom-margin ultimate-heading-255669e36982ad4be uvc-6851\" data-hspacer=\"no_spacer\"  data-halign=\"left\" style=\"text-align:left\"><div class=\"uvc-heading-spacer no_spacer\" style=\"top\"><\/div><div class=\"uvc-main-heading ult-responsive\"  data-ultimate-target='.uvc-heading.ultimate-heading-255669e36982ad4be h2'  data-responsive-json-new='{\"font-size\":\"desktop:26px;mobile_landscape:22px;mobile:20px;\",\"line-height\":\"desktop:36px;mobile_landscape:30px;mobile:28px;\"}' ><h2 style=\"--font-weight:theme;margin-top:20px;margin-bottom:50px;\">Houston Especialista en Maquillaje Permanente<\/h2><\/div><\/div><\/div><\/div><\/div><div class=\"per-img wpb_column vc_column_container vc_col-sm-6\"><div class=\"vc_column-inner\"><div class=\"wpb_wrapper\">\n\t<div  class=\"wpb_single_image wpb_content_element vc_align_right\">\n\t\t\n\t\t<figure class=\"wpb_wrapper vc_figure\">\n\t\t\t<div class=\"vc_single_image-wrapper   vc_box_border_grey\"><img loading=\"lazy\" decoding=\"async\" width=\"1000\" height=\"667\" src=\"https:\/\/www.amyshouston.com\/wp-content\/uploads\/2018\/03\/eyebrows-permanent-makeup-1.jpg\" class=\"vc_single_image-img attachment-large\" alt=\"\" title=\"Maquillaje permanente. Tatuaje de cejas\" srcset=\"https:\/\/www.amyshouston.com\/wp-content\/uploads\/2018\/03\/eyebrows-permanent-makeup-1.jpg.webp 1000w, https:\/\/www.amyshouston.com\/wp-content\/uploads\/2018\/03\/eyebrows-permanent-makeup-1-300x200@2x.jpg 600w, https:\/\/www.amyshouston.com\/wp-content\/uploads\/2018\/03\/eyebrows-permanent-makeup-1-300x200.jpg.webp 300w, https:\/\/www.amyshouston.com\/wp-content\/uploads\/2018\/03\/eyebrows-permanent-makeup-1-768x512.jpg.webp 768w\" sizes=\"auto, (max-width: 1000px) 100vw, 1000px\" data-dt-location=\"https:\/\/www.amyshouston.com\/es\/cuidado-de-la-piel-houston\/maquillaje-permanente\/permanent-makeup-tattooing-of-eyebrows-2\/\"><\/div>\n\t\t<\/figure>\n\t<\/div>\n<\/div><\/div><\/div><div class=\"per-heading wpb_column vc_column_container vc_col-sm-6\"><div class=\"vc_column-inner vc_custom_1521261604869\"><div class=\"wpb_wrapper\"><div id=\"ultimate-heading-873869e36982ae493\" class=\"uvc-heading ult-adjust-bottom-margin ultimate-heading-873869e36982ae493 uvc-8739 title-heading\" data-hspacer=\"no_spacer\"  data-halign=\"left\" style=\"text-align:left\"><div class=\"uvc-heading-spacer no_spacer\" style=\"top\"><\/div><div class=\"uvc-main-heading ult-responsive\"  data-ultimate-target='.uvc-heading.ultimate-heading-873869e36982ae493 h2'  data-responsive-json-new='{\"font-size\":\"desktop:26px;mobile_landscape:22px;mobile:20px;\",\"line-height\":\"desktop:36px;mobile_landscape:30px;mobile:28px;\"}' ><h2 style=\"--font-weight:theme;color:#fec33a;margin-top:20px;margin-bottom:20px;\">\u00bfQu\u00e9 es el maquillaje permanente?<\/h2><\/div><div class=\"uvc-sub-heading ult-responsive\"  data-ultimate-target='.uvc-heading.ultimate-heading-873869e36982ae493 .uvc-sub-heading '  data-responsive-json-new='{\"font-size\":\"desktop:16px;mobile_landscape:14px;mobile:14px;\",\"line-height\":\"desktop:26px;mobile_landscape:24px;mobile:24px;\"}'  style=\"font-weight:normal;\"><\/p>\n<p class=\"p1\"><span class=\"s1\">El maquillaje permanente es un procedimiento muy popular dise\u00f1ado para imitar el maquillaje reci\u00e9n aplicado en labios y ojos. Tanto hombres como mujeres pueden utilizar el maquillaje permanente para reducir la necesidad de sesiones diarias de maquillaje que pueden quitarle tiempo. Tambi\u00e9n puede utilizarse para mejoras est\u00e9ticas. <\/span><\/p>\n<p class=\"p1\"><span class=\"s1\">Aparte de los populares procedimientos de cejas permanentes, delineado de labios y ojos, el maquillaje permanente tambi\u00e9n puede utilizarse para cubrir cicatrices, entradas, etc.<\/span><\/p>\n<p><\/div><\/div><\/div><\/div><\/div><\/div><div class=\"vc_row wpb_row vc_row-fluid dt-default\" style=\"margin-top: 0px;margin-bottom: 0px\"><div class=\"wpb_column vc_column_container vc_col-sm-12 vc_hidden-lg vc_hidden-md\" id=\"mobile\"><div class=\"vc_column-inner vc_custom_1521320238579\"><div class=\"wpb_wrapper\">\n\t<div  class=\"wpb_single_image wpb_content_element vc_align_center  vc_custom_1521318774187  visia-image\">\n\t\t\n\t\t<figure class=\"wpb_wrapper vc_figure\">\n\t\t\t<div class=\"vc_single_image-wrapper   vc_box_border_grey\"><img loading=\"lazy\" decoding=\"async\" width=\"999\" height=\"667\" src=\"https:\/\/www.amyshouston.com\/wp-content\/uploads\/2018\/03\/permanent-makeup-houston.jpg\" class=\"vc_single_image-img attachment-full\" alt=\"\" title=\"maquillaje permanente-houston\" srcset=\"https:\/\/www.amyshouston.com\/wp-content\/uploads\/2018\/03\/permanent-makeup-houston.jpg.webp 999w, https:\/\/www.amyshouston.com\/wp-content\/uploads\/2018\/03\/permanent-makeup-houston-300x200@2x.jpg 600w, https:\/\/www.amyshouston.com\/wp-content\/uploads\/2018\/03\/permanent-makeup-houston-300x200.jpg.webp 300w, https:\/\/www.amyshouston.com\/wp-content\/uploads\/2018\/03\/permanent-makeup-houston-768x513.jpg.webp 768w\" sizes=\"auto, (max-width: 999px) 100vw, 999px\" data-dt-location=\"https:\/\/www.amyshouston.com\/es\/cuidado-de-la-piel-houston\/maquillaje-permanente\/maquillaje-permanente-houston\/\"><\/div>\n\t\t<\/figure>\n\t<\/div>\n<\/div><\/div><\/div><div class=\"per-img wpb_column vc_column_container vc_col-sm-6\"><div class=\"vc_column-inner\"><div class=\"wpb_wrapper\"><div id=\"ultimate-heading-339169e36982af26c\" class=\"uvc-heading ult-adjust-bottom-margin ultimate-heading-339169e36982af26c uvc-9322 title-heading\" data-hspacer=\"no_spacer\"  data-halign=\"left\" style=\"text-align:left\"><div class=\"uvc-heading-spacer no_spacer\" style=\"top\"><\/div><div class=\"uvc-main-heading ult-responsive\"  data-ultimate-target='.uvc-heading.ultimate-heading-339169e36982af26c h2'  data-responsive-json-new='{\"font-size\":\"desktop:26px;mobile_landscape:22px;mobile:20px;\",\"line-height\":\"desktop:36px;mobile_landscape:30px;mobile:28px;\"}' ><h2 style=\"--font-weight:theme;color:#fec33a;margin-bottom:20px;\">\u00bfCu\u00e1les son algunos de los procedimientos habituales?<\/h2><\/div><div class=\"uvc-sub-heading ult-responsive\"  data-ultimate-target='.uvc-heading.ultimate-heading-339169e36982af26c .uvc-sub-heading '  data-responsive-json-new='{\"font-size\":\"desktop:16px;mobile_landscape:14px;mobile:14px;\",\"line-height\":\"desktop:26px;mobile_landscape:24px;mobile:24px;\"}'  style=\"font-weight:normal;\"><\/p>\n<p class=\"p1\"><span class=\"s1\"><strong><em>Labios<\/em> <\/strong>- El procedimiento de pigmentaci\u00f3n con perfilador de labios se utiliza para realzar el color de los labios, as\u00ed como su tama\u00f1o y forma, y se puede optar por un aspecto natural o por colores con efectos dram\u00e1ticos, seg\u00fan lo que se desee.<\/span><\/p>\n<p class=\"p1\"><span class=\"s1\"><strong><em>Cejas<\/em><\/strong> &#8211;<span class=\"Apple-converted-space\">\u00a0 <\/span>Si tiene unas cejas finas y desea unas m\u00e1s pobladas, el maquillaje permanente para cejas es una excelente opci\u00f3n para imitar el aspecto del vello en la l\u00ednea de las cejas. Este procedimiento tambi\u00e9n es adecuado para las personas con alopecia, ya que restaura el aspecto natural.<\/span><\/p>\n<p class=\"p1\"><span class=\"s1\"><strong><em>Delineador de ojos<\/em> <\/strong>- El maquillaje permanente para delinear los ojos es un procedimiento popular entre hombres y mujeres. Este procedimiento ofrece un aspecto natural y sutil de peque\u00f1as pesta\u00f1as en la l\u00ednea de las pesta\u00f1as, y se puede incluir sombra de color adicional a un delineador suave que es m\u00e1s audaz. <\/span><\/p>\n<p><\/div><\/div><\/div><\/div><\/div><div class=\"wpb_column vc_column_container vc_col-sm-6 vc_hidden-sm vc_hidden-xs\"><div class=\"vc_column-inner\"><div class=\"wpb_wrapper\">\n\t<div  class=\"wpb_single_image wpb_content_element vc_align_center  vc_custom_1521318774187  visia-image\">\n\t\t\n\t\t<figure class=\"wpb_wrapper vc_figure\">\n\t\t\t<div class=\"vc_single_image-wrapper   vc_box_border_grey\"><img loading=\"lazy\" decoding=\"async\" width=\"999\" height=\"667\" src=\"https:\/\/www.amyshouston.com\/wp-content\/uploads\/2018\/03\/permanent-makeup-houston.jpg\" class=\"vc_single_image-img attachment-full\" alt=\"\" title=\"maquillaje permanente-houston\" srcset=\"https:\/\/www.amyshouston.com\/wp-content\/uploads\/2018\/03\/permanent-makeup-houston.jpg.webp 999w, https:\/\/www.amyshouston.com\/wp-content\/uploads\/2018\/03\/permanent-makeup-houston-300x200@2x.jpg 600w, https:\/\/www.amyshouston.com\/wp-content\/uploads\/2018\/03\/permanent-makeup-houston-300x200.jpg.webp 300w, https:\/\/www.amyshouston.com\/wp-content\/uploads\/2018\/03\/permanent-makeup-houston-768x513.jpg.webp 768w\" sizes=\"auto, (max-width: 999px) 100vw, 999px\" data-dt-location=\"https:\/\/www.amyshouston.com\/es\/cuidado-de-la-piel-houston\/maquillaje-permanente\/maquillaje-permanente-houston\/\"><\/div>\n\t\t<\/figure>\n\t<\/div>\n<\/div><\/div><\/div><\/div><div class=\"vc_row wpb_row vc_row-fluid dt-default\" style=\"margin-top: 0px;margin-bottom: 0px\"><div class=\"per-img wpb_column vc_column_container vc_col-sm-6\"><div class=\"vc_column-inner\"><div class=\"wpb_wrapper\">\n\t<div  class=\"wpb_single_image wpb_content_element vc_align_right  vc_custom_1521260774280  visia-image\">\n\t\t\n\t\t<figure class=\"wpb_wrapper vc_figure\">\n\t\t\t<div class=\"vc_single_image-wrapper   vc_box_border_grey\"><img loading=\"lazy\" decoding=\"async\" width=\"2000\" height=\"1333\" src=\"https:\/\/www.amyshouston.com\/wp-content\/uploads\/2018\/03\/electrolysis-fac-e1521584833940.jpg\" class=\"vc_single_image-img attachment-full\" alt=\"\" title=\"Maquillaje permanente (tatuaje) en sal\u00f3n de belleza\" srcset=\"https:\/\/www.amyshouston.com\/wp-content\/uploads\/2018\/03\/electrolysis-fac-e1521584833940.jpg.webp 2000w, https:\/\/www.amyshouston.com\/wp-content\/uploads\/2018\/03\/electrolysis-fac-e1521584833940-300x200@2x.jpg 600w, https:\/\/www.amyshouston.com\/wp-content\/uploads\/2018\/03\/electrolysis-fac-e1521584833940-300x200.jpg.webp 300w, https:\/\/www.amyshouston.com\/wp-content\/uploads\/2018\/03\/electrolysis-fac-e1521584833940-1024x682.jpg.webp 1024w, https:\/\/www.amyshouston.com\/wp-content\/uploads\/2018\/03\/electrolysis-fac-e1521584833940-768x512.jpg.webp 768w, https:\/\/www.amyshouston.com\/wp-content\/uploads\/2018\/03\/electrolysis-fac-e1521584833940-1536x1024.jpg.webp 1536w\" sizes=\"auto, (max-width: 2000px) 100vw, 2000px\" data-dt-location=\"https:\/\/www.amyshouston.com\/es\/cuidado-de-la-piel-houston\/electrolisis\/permanent-make-up-tattoo-at-beauty-salon\/\"><\/div>\n\t\t<\/figure>\n\t<\/div>\n<\/div><\/div><\/div><div class=\"per-heading wpb_column vc_column_container vc_col-sm-6\"><div class=\"vc_column-inner\"><div class=\"wpb_wrapper\"><div id=\"ultimate-heading-32169e36982b0a2a\" class=\"uvc-heading ult-adjust-bottom-margin ultimate-heading-32169e36982b0a2a uvc-6234 title-heading\" data-hspacer=\"no_spacer\"  data-halign=\"left\" style=\"text-align:left\"><div class=\"uvc-heading-spacer no_spacer\" style=\"top\"><\/div><div class=\"uvc-main-heading ult-responsive\"  data-ultimate-target='.uvc-heading.ultimate-heading-32169e36982b0a2a h2'  data-responsive-json-new='{\"font-size\":\"desktop:26px;mobile_landscape:22px;mobile:20px;\",\"line-height\":\"desktop:36px;mobile_landscape:30px;mobile:28px;\"}' ><h2 style=\"--font-weight:theme;color:#fec33a;margin-top:20px;margin-bottom:20px;\">\u00bfExiste alg\u00fan riesgo?<\/h2><\/div><div class=\"uvc-sub-heading ult-responsive\"  data-ultimate-target='.uvc-heading.ultimate-heading-32169e36982b0a2a .uvc-sub-heading '  data-responsive-json-new='{\"font-size\":\"desktop:16px;mobile_landscape:14px;mobile:14px;\",\"line-height\":\"desktop:26px;mobile_landscape:24px;mobile:24px;\"}'  style=\"font-weight:normal;\"><\/p>\n<p class=\"p1\"><span class=\"s1\">Aunque la lista de ventajas es larga, el maquillaje permanente entra\u00f1a riesgos. Aseg\u00farate de que el procedimiento lo realiza un profesional con formaci\u00f3n y licencia para eliminar el riesgo de infecciones por agujas y equipos no esterilizados.<\/span><\/p>\n<p><\/div><\/div><\/div><\/div><\/div><\/div>\n<\/div>","protected":false},"excerpt":{"rendered":"<p>Houston Especialista en Maquillaje Permanente \u00bfQu\u00e9 es el maquillaje permanente? El maquillaje permanente es un procedimiento muy popular dise\u00f1ado para imitar el maquillaje reci\u00e9n aplicado en los labios y los ojos. Los hombres y las mujeres pueden utilizar el maquillaje permanente para reducir la necesidad de sesiones diarias de maquillaje que puede tomar su tiempo. Puede utilizarse para mejoras cosm\u00e9ticas como...<\/p>","protected":false},"author":1,"featured_media":0,"parent":364,"menu_order":2,"comment_status":"closed","ping_status":"closed","template":"","meta":{"footnotes":""},"class_list":["post-3664","page","type-page","status-publish","hentry","description-off"],"_links":{"self":[{"href":"https:\/\/www.amyshouston.com\/es\/wp-json\/wp\/v2\/pages\/3664","targetHints":{"allow":["GET"]}}],"collection":[{"href":"https:\/\/www.amyshouston.com\/es\/wp-json\/wp\/v2\/pages"}],"about":[{"href":"https:\/\/www.amyshouston.com\/es\/wp-json\/wp\/v2\/types\/page"}],"author":[{"embeddable":true,"href":"https:\/\/www.amyshouston.com\/es\/wp-json\/wp\/v2\/users\/1"}],"replies":[{"embeddable":true,"href":"https:\/\/www.amyshouston.com\/es\/wp-json\/wp\/v2\/comments?post=3664"}],"version-history":[{"count":0,"href":"https:\/\/www.amyshouston.com\/es\/wp-json\/wp\/v2\/pages\/3664\/revisions"}],"up":[{"embeddable":true,"href":"https:\/\/www.amyshouston.com\/es\/wp-json\/wp\/v2\/pages\/364"}],"wp:attachment":[{"href":"https:\/\/www.amyshouston.com\/es\/wp-json\/wp\/v2\/media?parent=3664"}],"curies":[{"name":"wp","href":"https:\/\/api.w.org\/{rel}","templated":true}]}}