{"id":364,"date":"2016-01-29T10:13:17","date_gmt":"2016-01-29T10:13:23","guid":{"rendered":"http:\/\/the7.io\/beauty-studio\/?page_id=7"},"modified":"2022-07-28T20:30:58","modified_gmt":"2022-07-29T01:30:58","slug":"cuidado-de-la-piel-houston","status":"publish","type":"page","link":"https:\/\/www.amyshouston.com\/es\/cuidado-de-la-piel-houston\/","title":{"rendered":"Cuidado de la piel"},"content":{"rendered":"<div class=\"wpb-content-wrapper\"><div class=\"vc_row wpb_row vc_row-fluid dt-default\" style=\"margin-top: 0px;margin-bottom: 0px\"><div class=\"wpb_column vc_column_container vc_col-sm-12\"><div class=\"vc_column-inner\"><div class=\"wpb_wrapper\"><div id=\"ultimate-heading-391669e3692da2d21\" class=\"uvc-heading ult-adjust-bottom-margin ultimate-heading-391669e3692da2d21 uvc-5610\" data-hspacer=\"no_spacer\"  data-halign=\"center\" style=\"text-align:center\"><div class=\"uvc-heading-spacer no_spacer\" style=\"top\"><\/div><div class=\"uvc-main-heading ult-responsive\"  data-ultimate-target='.uvc-heading.ultimate-heading-391669e3692da2d21 h2'  data-responsive-json-new='{\"font-size\":\"desktop:24px;\",\"line-height\":\"desktop:34px;\"}' ><h2 style=\"--font-weight:theme;margin-bottom:60px;\">Top Med Spa para tratamientos de cuidado de la piel en Houston<\/h2><\/div><\/div><\/div><\/div><\/div><\/div><div class=\"vc_row wpb_row vc_row-fluid dt-default\" style=\"margin-top: 0px;margin-bottom: 0px\"><div class=\"wpb_column vc_column_container vc_col-sm-4\"><div class=\"vc_column-inner\"><div class=\"wpb_wrapper\"><div class=\"ult-new-ib ult-ib-effect-style6  ult-ib-resp\" data-min-width=\"\" data-max-width=\"\" style=\"background:#1f1e1d;\" data-opacity=\"0.5\" data-hover-opacity=\"0.2\" ><img decoding=\"async\" class=\"ult-new-ib-img\" style=\"opacity:0.5;\" alt=\"null\" src=\"https:\/\/tara.amyshouston.com\/spio\/ret_img,q_cdnize,to_avif,s_avif\/www.amyshouston.com\/wp-content\/uploads\/2018\/03\/green-peel-houston.jpg\" title=\"\"><div id=\"interactive-banner-wrap-6944\" class=\"ult-new-ib-desc\" style=\"\"><h2 class=\"ult-new-ib-title ult-responsive\"  data-ultimate-target='#interactive-banner-wrap-6944 .ult-new-ib-title'  data-responsive-json-new='{\"font-size\":\"desktop:20px;\",\"line-height\":\"desktop:36px;\"}'  style=\"font-family:&#039;Karla&#039;;font-weight:normal;\">C\u00c1SCARA VERDE<\/h2><div class=\"ult-new-ib-content ult-responsive\"  data-ultimate-target='#interactive-banner-wrap-6944 .ult-new-ib-content'  data-responsive-json-new='{\"font-size\":\"desktop:16px;\",\"line-height\":\"desktop:26px;\"}'  style=\"font-weight:normal;color:#ffffff;\"><p>GREEN PEEL\u00ae Herbal Peeling Treatment en Houston ayud\u00f3 a las mujeres que sufr\u00edan de piel impura o da\u00f1ada a tener una piel clara y limpia de nuevo.<\/p><\/div><\/div><a class=\"ult-new-ib-link\" href=\"https:\/\/www.amyshouston.com\/es\/cuidado-de-la-piel-houston\/tratamiento-a-base-de-hierbas-green-peel\/\"  ><\/a><\/div><div class=\"ult-new-ib ult-ib-effect-style6  ult-ib-resp\" data-min-width=\"\" data-max-width=\"\" style=\"background:#1f1e1d;\" data-opacity=\"0.5\" data-hover-opacity=\"0.2\" ><img decoding=\"async\" class=\"ult-new-ib-img\" style=\"opacity:0.5;\" alt=\"null\" src=\"https:\/\/tara.amyshouston.com\/spio\/ret_img,q_cdnize,to_avif,s_avif\/www.amyshouston.com\/wp-content\/uploads\/2018\/03\/microdermabrasion-skin-care.jpg\" title=\"\"><div id=\"interactive-banner-wrap-4064\" class=\"ult-new-ib-desc\" style=\"\"><h2 class=\"ult-new-ib-title ult-responsive\"  data-ultimate-target='#interactive-banner-wrap-4064 .ult-new-ib-title'  data-responsive-json-new='{\"font-size\":\"desktop:20px;\",\"line-height\":\"desktop:36px;\"}'  style=\"font-family:&#039;Karla&#039;;font-weight:normal;\">MICRODERMOABRASI\u00d3N<\/h2><div class=\"ult-new-ib-content ult-responsive\"  data-ultimate-target='#interactive-banner-wrap-4064 .ult-new-ib-content'  data-responsive-json-new='{\"font-size\":\"desktop:16px;\",\"line-height\":\"desktop:26px;\"}'  style=\"font-weight:normal;color:#ffffff;\"><p>La microdermoabrasi\u00f3n es un tratamiento no quir\u00fargico para el cuidado de la piel que utiliza la abrasi\u00f3n mec\u00e1nica combinada con la succi\u00f3n para eliminar las c\u00e9lulas muertas de la piel, o el estrato c\u00f3rneo.<\/p><\/div><\/div><a class=\"ult-new-ib-link\" href=\"https:\/\/www.amyshouston.com\/es\/cuidado-de-la-piel-houston\/microdermoabrasion\/\"  ><\/a><\/div><div class=\"ult-new-ib ult-ib-effect-style6  ult-ib-resp\" data-min-width=\"\" data-max-width=\"\" style=\"background:#1f1e1d;\" data-opacity=\"0.5\" data-hover-opacity=\"0.2\" ><img decoding=\"async\" class=\"ult-new-ib-img\" style=\"opacity:0.5;\" alt=\"null\" src=\"https:\/\/tara.amyshouston.com\/spio\/ret_img,q_cdnize,to_avif,s_avif\/www.amyshouston.com\/wp-content\/uploads\/2018\/03\/permanent-make-up-skin-care.jpg\" title=\"\"><div id=\"interactive-banner-wrap-1270\" class=\"ult-new-ib-desc\" style=\"\"><h2 class=\"ult-new-ib-title ult-responsive\"  data-ultimate-target='#interactive-banner-wrap-1270 .ult-new-ib-title'  data-responsive-json-new='{\"font-size\":\"desktop:20px;\",\"line-height\":\"desktop:36px;\"}'  style=\"font-family:&#039;Karla&#039;;font-weight:normal;\">MAQUILLAJE PERMANENTE<\/h2><div class=\"ult-new-ib-content ult-responsive\"  data-ultimate-target='#interactive-banner-wrap-1270 .ult-new-ib-content'  data-responsive-json-new='{\"font-size\":\"desktop:16px;\",\"line-height\":\"desktop:26px;\"}'  style=\"font-weight:normal;color:#ffffff;\"><p>El maquillaje permanente es un procedimiento muy popular dise\u00f1ado para imitar el maquillaje reci\u00e9n aplicado en labios y ojos.<\/p><\/div><\/div><a class=\"ult-new-ib-link\" href=\"https:\/\/www.amyshouston.com\/es\/cuidado-de-la-piel-houston\/maquillaje-permanente\/\"  ><\/a><\/div><\/div><\/div><\/div><div class=\"wpb_column vc_column_container vc_col-sm-4\"><div class=\"vc_column-inner\"><div class=\"wpb_wrapper\"><div class=\"ult-new-ib ult-ib-effect-style6  ult-ib-resp\" data-min-width=\"\" data-max-width=\"\" style=\"background:#1f1e1d;\" data-opacity=\"0.5\" data-hover-opacity=\"0.2\" ><img decoding=\"async\" class=\"ult-new-ib-img\" style=\"opacity:0.5;\" alt=\"null\" src=\"https:\/\/tara.amyshouston.com\/spio\/ret_img,q_cdnize,to_avif,s_avif\/www.amyshouston.com\/wp-content\/uploads\/2018\/03\/visia-skin-complexion-houston.jpg\" title=\"\"><div id=\"interactive-banner-wrap-9592\" class=\"ult-new-ib-desc\" style=\"\"><h2 class=\"ult-new-ib-title ult-responsive\"  data-ultimate-target='#interactive-banner-wrap-9592 .ult-new-ib-title'  data-responsive-json-new='{\"font-size\":\"desktop:20px;\",\"line-height\":\"desktop:36px;\"}'  style=\"font-family:&#039;Karla&#039;;font-weight:normal;\">AN\u00c1LISIS VISIA DE LA TEZ<\/h2><div class=\"ult-new-ib-content ult-responsive\"  data-ultimate-target='#interactive-banner-wrap-9592 .ult-new-ib-content'  data-responsive-json-new='{\"font-size\":\"desktop:16px;\",\"line-height\":\"desktop:26px;\"}'  style=\"font-weight:normal;color:#ffffff;\"><p>Mediante el uso de c\u00e1maras avanzadas y software puntero se identifican las oportunidades de mejora de la piel superficial y subsuperficial.<\/p><\/div><\/div><a class=\"ult-new-ib-link\" href=\"https:\/\/www.amyshouston.com\/es\/cuidado-de-la-piel-houston\/analisis-visia-de-la-tez\/\"  ><\/a><\/div><div class=\"ult-new-ib ult-ib-effect-style6  ult-ib-resp\" data-min-width=\"\" data-max-width=\"\" style=\"background:#1f1e1d;\" data-opacity=\"0.5\" data-hover-opacity=\"0.2\" ><img decoding=\"async\" class=\"ult-new-ib-img\" style=\"opacity:0.5;\" alt=\"null\" src=\"https:\/\/tara.amyshouston.com\/spio\/ret_img,q_cdnize,to_avif,s_avif\/www.amyshouston.com\/wp-content\/uploads\/2018\/03\/electrolysis-skin-care.jpg\" title=\"\"><div id=\"interactive-banner-wrap-1819\" class=\"ult-new-ib-desc\" style=\"\"><h2 class=\"ult-new-ib-title ult-responsive\"  data-ultimate-target='#interactive-banner-wrap-1819 .ult-new-ib-title'  data-responsive-json-new='{\"font-size\":\"desktop:20px;\",\"line-height\":\"desktop:36px;\"}'  style=\"font-family:&#039;Karla&#039;;font-weight:normal;\">ELECTROLISIS<\/h2><div class=\"ult-new-ib-content ult-responsive\"  data-ultimate-target='#interactive-banner-wrap-1819 .ult-new-ib-content'  data-responsive-json-new='{\"font-size\":\"desktop:16px;\",\"line-height\":\"desktop:26px;\"}'  style=\"font-weight:normal;color:#ffffff;\"><p>La electr\u00f3lisis es un procedimiento popular que utilizamos para eliminar el vello de forma permanente de la cara o el cuerpo de nuestros clientes en nuestro Med Spa de Houston.<\/p><\/div><\/div><a class=\"ult-new-ib-link\" href=\"https:\/\/www.amyshouston.com\/es\/cuidado-de-la-piel-houston\/electrolisis\/\"  ><\/a><\/div><div class=\"ult-new-ib ult-ib-effect-style6  ult-ib-resp\" data-min-width=\"\" data-max-width=\"\" style=\"background:#1f1e1d;\" data-opacity=\"0.5\" data-hover-opacity=\"0.2\" ><img decoding=\"async\" class=\"ult-new-ib-img\" style=\"opacity:0.5;\" alt=\"null\" src=\"https:\/\/tara.amyshouston.com\/spio\/ret_img,q_cdnize,to_avif,s_avif\/www.amyshouston.com\/wp-content\/uploads\/2018\/03\/epidermal-leveling-skin-care.jpg\" title=\"\"><div id=\"interactive-banner-wrap-1230\" class=\"ult-new-ib-desc\" style=\"\"><h2 class=\"ult-new-ib-title ult-responsive\"  data-ultimate-target='#interactive-banner-wrap-1230 .ult-new-ib-title'  data-responsive-json-new='{\"font-size\":\"desktop:20px;\",\"line-height\":\"desktop:36px;\"}'  style=\"font-family:&#039;Karla&#039;;font-weight:normal;\">NIVELACI\u00d3N EPID\u00c9RMICA\/DERMAPLANING<\/h2><div class=\"ult-new-ib-content ult-responsive\"  data-ultimate-target='#interactive-banner-wrap-1230 .ult-new-ib-content'  data-responsive-json-new='{\"font-size\":\"desktop:16px;\",\"line-height\":\"desktop:26px;\"}'  style=\"font-weight:normal;color:#ffffff;\"><p>La nivelaci\u00f3n epid\u00e9rmica elimina la capa superior de la piel, mejorando las manchas causadas por el envejecimiento, las cicatrices del acn\u00e9, la pigmentaci\u00f3n oscurecida y mucho m\u00e1s.<\/p><\/div><\/div><a class=\"ult-new-ib-link\" href=\"https:\/\/www.amyshouston.com\/es\/cuidado-de-la-piel-houston\/nivelacion-epidermica\/\"  ><\/a><\/div><\/div><\/div><\/div><div class=\"wpb_column vc_column_container vc_col-sm-4\"><div class=\"vc_column-inner\"><div class=\"wpb_wrapper\"><div class=\"ult-new-ib ult-ib-effect-style6  ult-ib-resp\" data-min-width=\"\" data-max-width=\"\" style=\"background:#1f1e1d;\" data-opacity=\"0.5\" data-hover-opacity=\"0.2\" ><img decoding=\"async\" class=\"ult-new-ib-img\" style=\"opacity:0.5;\" alt=\"null\" src=\"https:\/\/tara.amyshouston.com\/spio\/ret_img,q_cdnize,to_avif,s_avif\/www.amyshouston.com\/wp-content\/uploads\/2018\/03\/acne-treatment-skin-care.jpg\" title=\"\"><div id=\"interactive-banner-wrap-7672\" class=\"ult-new-ib-desc\" style=\"\"><h2 class=\"ult-new-ib-title ult-responsive\"  data-ultimate-target='#interactive-banner-wrap-7672 .ult-new-ib-title'  data-responsive-json-new='{\"font-size\":\"desktop:20px;\",\"line-height\":\"desktop:36px;\"}'  style=\"font-family:&#039;Karla&#039;;font-weight:normal;\">TRATAMIENTO DEL ACN\u00c9<\/h2><div class=\"ult-new-ib-content ult-responsive\"  data-ultimate-target='#interactive-banner-wrap-7672 .ult-new-ib-content'  data-responsive-json-new='{\"font-size\":\"desktop:16px;\",\"line-height\":\"desktop:26px;\"}'  style=\"font-weight:normal;color:#ffffff;\"><p>Le ayudaremos a comprender lo que puede hacer para mejorar su piel \u00fanica, y lo combinaremos con los tratamientos.<\/p><\/div><\/div><a class=\"ult-new-ib-link\" href=\"https:\/\/www.amyshouston.com\/es\/cuidado-de-la-piel-houston\/tratamiento-del-acne\/\"  ><\/a><\/div><div class=\"ult-new-ib ult-ib-effect-style6  ult-ib-resp\" data-min-width=\"\" data-max-width=\"\" style=\"background:#1f1e1d;\" data-opacity=\"0.5\" data-hover-opacity=\"0.2\" ><img decoding=\"async\" class=\"ult-new-ib-img\" style=\"opacity:0.5;\" alt=\"null\" src=\"https:\/\/tara.amyshouston.com\/spio\/ret_img,q_cdnize,to_avif,s_avif\/www.amyshouston.com\/wp-content\/uploads\/2018\/03\/facial-treatments-skin-care.jpg\" title=\"\"><div id=\"interactive-banner-wrap-6041\" class=\"ult-new-ib-desc\" style=\"\"><h2 class=\"ult-new-ib-title ult-responsive\"  data-ultimate-target='#interactive-banner-wrap-6041 .ult-new-ib-title'  data-responsive-json-new='{\"font-size\":\"desktop:20px;\",\"line-height\":\"desktop:36px;\"}'  style=\"font-family:&#039;Karla&#039;;font-weight:normal;\">TRATAMIENTOS FACIALES<\/h2><div class=\"ult-new-ib-content ult-responsive\"  data-ultimate-target='#interactive-banner-wrap-6041 .ult-new-ib-content'  data-responsive-json-new='{\"font-size\":\"desktop:16px;\",\"line-height\":\"desktop:26px;\"}'  style=\"font-weight:normal;color:#ffffff;\"><p>OxyGem\u2122 Facial - Un tratamiento de poros profundos con una f\u00f3rmula especial de productos utilizados para tratar tipos de piel problem\u00e1ticos. Calma, limpia y cura la piel.<\/p><\/div><\/div><a class=\"ult-new-ib-link\" href=\"https:\/\/www.amyshouston.com\/es\/cuidado-de-la-piel-houston\/tratamientos-faciales\/\"  ><\/a><\/div><div class=\"ult-new-ib ult-ib-effect-style6  ult-ib-resp\" data-min-width=\"\" data-max-width=\"\" style=\"background:#1f1e1d;\" data-opacity=\"0.5\" data-hover-opacity=\"0.2\" ><img decoding=\"async\" class=\"ult-new-ib-img\" style=\"opacity:0.5;\" alt=\"null\" src=\"https:\/\/tara.amyshouston.com\/spio\/ret_img,q_cdnize,to_avif,s_avif\/www.amyshouston.com\/wp-content\/uploads\/2018\/03\/clinical-peeling-treatment-skin-care.jpg\" title=\"\"><div id=\"interactive-banner-wrap-2130\" class=\"ult-new-ib-desc\" style=\"\"><h2 class=\"ult-new-ib-title ult-responsive\"  data-ultimate-target='#interactive-banner-wrap-2130 .ult-new-ib-title'  data-responsive-json-new='{\"font-size\":\"desktop:20px;\",\"line-height\":\"desktop:36px;\"}'  style=\"font-family:&#039;Karla&#039;;font-weight:normal;\">TRATAMIENTOS DE PEELING CL\u00cdNICO<\/h2><div class=\"ult-new-ib-content ult-responsive\"  data-ultimate-target='#interactive-banner-wrap-2130 .ult-new-ib-content'  data-responsive-json-new='{\"font-size\":\"desktop:16px;\",\"line-height\":\"desktop:26px;\"}'  style=\"font-weight:normal;color:#ffffff;\"><p>Peeling progresivo - Se elegir\u00e1 la soluci\u00f3n de peeling adecuada para el estado de su piel. Se trata de un tratamiento r\u00e1pido y sin apenas tiempo de inactividad.<\/p><\/div><\/div><a class=\"ult-new-ib-link\" href=\"https:\/\/www.amyshouston.com\/es\/cuidado-de-la-piel-houston\/tratamientos-de-peeling-clinico\/\"  ><\/a><\/div><\/div><\/div><\/div><\/div>\n<\/div>","protected":false},"excerpt":{"rendered":"<p>Top Med Spa para tratamientos de cuidado de la piel en HoustonGREEN PEELGREEN PEEL\u00ae Herbal Peeling Tratamiento en Houston ayud\u00f3 a las mujeres que sufren de piel impura o da\u00f1ada a tener la piel clara y limpia de nuevo.MICRODERMABRASIONMicrodermabrasi\u00f3n es un tratamiento no quir\u00fargico cuidado de la piel que utiliza la abrasi\u00f3n mec\u00e1nica combinada con succi\u00f3n para eliminar las c\u00e9lulas muertas de la piel, o el estrato c\u00f3rneo.PERMANENT MAKEUPPermanent maquillaje es muy...<\/p>","protected":false},"author":1,"featured_media":0,"parent":0,"menu_order":12,"comment_status":"closed","ping_status":"closed","template":"","meta":{"footnotes":""},"class_list":["post-364","page","type-page","status-publish","hentry","description-off"],"_links":{"self":[{"href":"https:\/\/www.amyshouston.com\/es\/wp-json\/wp\/v2\/pages\/364","targetHints":{"allow":["GET"]}}],"collection":[{"href":"https:\/\/www.amyshouston.com\/es\/wp-json\/wp\/v2\/pages"}],"about":[{"href":"https:\/\/www.amyshouston.com\/es\/wp-json\/wp\/v2\/types\/page"}],"author":[{"embeddable":true,"href":"https:\/\/www.amyshouston.com\/es\/wp-json\/wp\/v2\/users\/1"}],"replies":[{"embeddable":true,"href":"https:\/\/www.amyshouston.com\/es\/wp-json\/wp\/v2\/comments?post=364"}],"version-history":[{"count":4,"href":"https:\/\/www.amyshouston.com\/es\/wp-json\/wp\/v2\/pages\/364\/revisions"}],"predecessor-version":[{"id":277880,"href":"https:\/\/www.amyshouston.com\/es\/wp-json\/wp\/v2\/pages\/364\/revisions\/277880"}],"wp:attachment":[{"href":"https:\/\/www.amyshouston.com\/es\/wp-json\/wp\/v2\/media?parent=364"}],"curies":[{"name":"wp","href":"https:\/\/api.w.org\/{rel}","templated":true}]}}