{"id":3592,"date":"2018-03-17T21:08:25","date_gmt":"2018-03-17T21:08:25","guid":{"rendered":"https:\/\/dev.amyshouston.com\/?page_id=3592"},"modified":"2018-03-21T17:37:17","modified_gmt":"2018-03-21T17:37:17","slug":"electrolisis","status":"publish","type":"page","link":"https:\/\/www.amyshouston.com\/es\/cuidado-de-la-piel-houston\/electrolisis\/","title":{"rendered":"Electr\u00f3lisis"},"content":{"rendered":"<div class=\"wpb-content-wrapper\"><div class=\"vc_row wpb_row vc_row-fluid dt-default\" style=\"margin-top: 0px;margin-bottom: 0px\"><div class=\"wpb_column vc_column_container vc_col-sm-6\" id=\"col-8\"><div class=\"vc_column-inner vc_custom_1521246096687\"><div class=\"wpb_wrapper\">\n\t<div class=\"wpb_text_column wpb_content_element\" >\n\t\t<div class=\"wpb_wrapper\">\n\t\t\t<p class=\"p1\"><span class=\"s1\">Existen varias formas de eliminar el vello no deseado, como el afeitado y la depilaci\u00f3n con cera. Sin embargo, estos m\u00e9todos no resultan en la eliminaci\u00f3n permanente del vello. Aqu\u00ed es donde la electr\u00f3lisis entra en juego para detener el crecimiento del vello de forma permanente de su cuerpo.<\/span><\/p>\n\n\t\t<\/div>\n\t<\/div>\n<div id=\"ultimate-heading-540869e7c50503b72\" class=\"uvc-heading ult-adjust-bottom-margin ultimate-heading-540869e7c50503b72 uvc-758\" data-hspacer=\"no_spacer\"  data-halign=\"left\" style=\"text-align:left\"><div class=\"uvc-heading-spacer no_spacer\" style=\"top\"><\/div><div class=\"uvc-main-heading ult-responsive\"  data-ultimate-target='.uvc-heading.ultimate-heading-540869e7c50503b72 h2'  data-responsive-json-new='{\"font-size\":\"desktop:26px;\",\"line-height\":\"desktop:36px;\"}' ><h2 style=\"--font-weight:theme;margin-bottom:30px;\">\u00bfQu\u00e9 es la electr\u00f3lisis?<\/h2><\/div><\/div>\n\t<div class=\"wpb_text_column wpb_content_element\" >\n\t\t<div class=\"wpb_wrapper\">\n\t\t\t<p class=\"p1\"><span class=\"s1\">La electr\u00f3lisis es un procedimiento popular que utilizamos para eliminar el vello de forma permanente de la cara o el cuerpo de nuestros clientes en nuestro Med Spa de Houston. Este procedimiento se realiza mediante la aplicaci\u00f3n de corriente en cada fol\u00edculo piloso de forma individual a trav\u00e9s de un electrodo en forma de aguja, lo que conduce a la eliminaci\u00f3n del fol\u00edculo piloso de forma permanente. <\/span><\/p>\n\n\t\t<\/div>\n\t<\/div>\n<\/div><\/div><\/div><div class=\"wpb_column vc_column_container vc_col-sm-6\" id=\"col-4\"><div class=\"vc_column-inner\"><div class=\"wpb_wrapper\">\n\t<div  class=\"wpb_single_image wpb_content_element vc_align_left\">\n\t\t\n\t\t<figure class=\"wpb_wrapper vc_figure\">\n\t\t\t<div class=\"vc_single_image-wrapper   vc_box_border_grey\"><img loading=\"lazy\" decoding=\"async\" width=\"1024\" height=\"683\" src=\"https:\/\/tara.amyshouston.com\/spio\/ret_img,q_cdnize,to_avif,s_avif\/www.amyshouston.com\/wp-content\/uploads\/2018\/03\/electrolysis-scaled-1024x683.jpg\" class=\"vc_single_image-img attachment-large\" alt=\"\" title=\"Serie Spa: Mujer joven y hermosa con tratamiento facial\" srcset=\"https:\/\/tara.amyshouston.com\/spio\/ret_img,q_cdnize,to_avif,s_avif\/www.amyshouston.com\/wp-content\/uploads\/2018\/03\/electrolysis-scaled-1024x683.jpg.webp 1024w, https:\/\/tara.amyshouston.com\/spio\/ret_img,q_cdnize,to_avif,s_avif\/www.amyshouston.com\/wp-content\/uploads\/2018\/03\/electrolysis-scaled-300x200@2x.jpg 600w, https:\/\/tara.amyshouston.com\/spio\/ret_img,q_cdnize,to_avif,s_avif\/www.amyshouston.com\/wp-content\/uploads\/2018\/03\/electrolysis-scaled-300x200.jpg.webp 300w, https:\/\/tara.amyshouston.com\/spio\/ret_img,q_cdnize,to_avif,s_avif\/www.amyshouston.com\/wp-content\/uploads\/2018\/03\/electrolysis-scaled-768x512.jpg.webp 768w, https:\/\/tara.amyshouston.com\/spio\/ret_img,q_cdnize,to_avif,s_avif\/www.amyshouston.com\/wp-content\/uploads\/2018\/03\/electrolysis-scaled-1536x1024.jpg.webp 1536w, https:\/\/tara.amyshouston.com\/spio\/ret_img,q_cdnize,to_avif,s_avif\/www.amyshouston.com\/wp-content\/uploads\/2018\/03\/electrolysis-scaled-2048x1366.jpg.webp 2048w\" sizes=\"auto, (max-width: 1024px) 100vw, 1024px\" data-dt-location=\"https:\/\/www.amyshouston.com\/es\/cuidado-de-la-piel-houston\/electrolisis\/spa-series-young-beautiful-woman-having-facial-treatment\/\"><\/div>\n\t\t<\/figure>\n\t<\/div>\n<\/div><\/div><\/div><\/div><div class=\"vc_row wpb_row vc_row-fluid dt-default\" style=\"margin-top: 0px;margin-bottom: 0px\"><div class=\"wpb_column vc_column_container vc_col-sm-6\"><div class=\"vc_column-inner vc_custom_1521255220736\"><div class=\"wpb_wrapper\"><div class=\"vc_row wpb_row vc_inner vc_row-fluid\"><div class=\"wpb_column vc_column_container vc_col-sm-6\"><div class=\"vc_column-inner\"><div class=\"wpb_wrapper\">\n\t<div  class=\"wpb_single_image wpb_content_element vc_align_left\">\n\t\t\n\t\t<figure class=\"wpb_wrapper vc_figure\">\n\t\t\t<div class=\"vc_single_image-wrapper   vc_box_border_grey\"><img loading=\"lazy\" decoding=\"async\" width=\"1024\" height=\"682\" src=\"https:\/\/tara.amyshouston.com\/spio\/ret_img,q_cdnize,to_avif,s_avif\/www.amyshouston.com\/wp-content\/uploads\/2018\/03\/electrolysis-fac-e1521584833940-1024x682.jpg\" class=\"vc_single_image-img attachment-large\" alt=\"\" title=\"Maquillaje permanente (tatuaje) en sal\u00f3n de belleza\" srcset=\"https:\/\/tara.amyshouston.com\/spio\/ret_img,q_cdnize,to_avif,s_avif\/www.amyshouston.com\/wp-content\/uploads\/2018\/03\/electrolysis-fac-e1521584833940-1024x682.jpg.webp 1024w, https:\/\/tara.amyshouston.com\/spio\/ret_img,q_cdnize,to_avif,s_avif\/www.amyshouston.com\/wp-content\/uploads\/2018\/03\/electrolysis-fac-e1521584833940-300x200@2x.jpg 600w, https:\/\/tara.amyshouston.com\/spio\/ret_img,q_cdnize,to_avif,s_avif\/www.amyshouston.com\/wp-content\/uploads\/2018\/03\/electrolysis-fac-e1521584833940-300x200.jpg.webp 300w, https:\/\/tara.amyshouston.com\/spio\/ret_img,q_cdnize,to_avif,s_avif\/www.amyshouston.com\/wp-content\/uploads\/2018\/03\/electrolysis-fac-e1521584833940-768x512.jpg.webp 768w, https:\/\/tara.amyshouston.com\/spio\/ret_img,q_cdnize,to_avif,s_avif\/www.amyshouston.com\/wp-content\/uploads\/2018\/03\/electrolysis-fac-e1521584833940-1536x1024.jpg.webp 1536w, https:\/\/tara.amyshouston.com\/spio\/ret_img,q_cdnize,to_avif,s_avif\/www.amyshouston.com\/wp-content\/uploads\/2018\/03\/electrolysis-fac-e1521584833940.jpg.webp 2000w\" sizes=\"auto, (max-width: 1024px) 100vw, 1024px\" data-dt-location=\"https:\/\/www.amyshouston.com\/es\/cuidado-de-la-piel-houston\/electrolisis\/permanent-make-up-tattoo-at-beauty-salon\/\"><\/div>\n\t\t<\/figure>\n\t<\/div>\n<\/div><\/div><\/div><div class=\"wpb_column vc_column_container vc_col-sm-6\"><div class=\"vc_column-inner\"><div class=\"wpb_wrapper\">\n\t<div  class=\"wpb_single_image wpb_content_element vc_align_left\">\n\t\t\n\t\t<figure class=\"wpb_wrapper vc_figure\">\n\t\t\t<div class=\"vc_single_image-wrapper   vc_box_border_grey\"><img loading=\"lazy\" decoding=\"async\" width=\"1024\" height=\"683\" src=\"https:\/\/tara.amyshouston.com\/spio\/ret_img,q_cdnize,to_avif,s_avif\/www.amyshouston.com\/wp-content\/uploads\/2018\/03\/electrolysis-legs-scaled-1024x683.jpg\" class=\"vc_single_image-img attachment-large\" alt=\"\" title=\"Mujer recibiendo terapia de microdermoabrasi\u00f3n en las piernas\" srcset=\"https:\/\/tara.amyshouston.com\/spio\/ret_img,q_cdnize,to_avif,s_avif\/www.amyshouston.com\/wp-content\/uploads\/2018\/03\/electrolysis-legs-scaled-1024x683.jpg.webp 1024w, https:\/\/tara.amyshouston.com\/spio\/ret_img,q_cdnize,to_avif,s_avif\/www.amyshouston.com\/wp-content\/uploads\/2018\/03\/electrolysis-legs-scaled-300x200@2x.jpg 600w, https:\/\/tara.amyshouston.com\/spio\/ret_img,q_cdnize,to_avif,s_avif\/www.amyshouston.com\/wp-content\/uploads\/2018\/03\/electrolysis-legs-scaled-300x200.jpg.webp 300w, https:\/\/tara.amyshouston.com\/spio\/ret_img,q_cdnize,to_avif,s_avif\/www.amyshouston.com\/wp-content\/uploads\/2018\/03\/electrolysis-legs-scaled-768x512.jpg.webp 768w, https:\/\/tara.amyshouston.com\/spio\/ret_img,q_cdnize,to_avif,s_avif\/www.amyshouston.com\/wp-content\/uploads\/2018\/03\/electrolysis-legs-scaled-1536x1024.jpg.webp 1536w, https:\/\/tara.amyshouston.com\/spio\/ret_img,q_cdnize,to_avif,s_avif\/www.amyshouston.com\/wp-content\/uploads\/2018\/03\/electrolysis-legs-scaled-2048x1366.jpg.webp 2048w\" sizes=\"auto, (max-width: 1024px) 100vw, 1024px\" data-dt-location=\"https:\/\/www.amyshouston.com\/es\/cuidado-de-la-piel-houston\/electrolisis\/woman-getting-microdermabrasion-therapy-on-her-legs\/\"><\/div>\n\t\t<\/figure>\n\t<\/div>\n<\/div><\/div><\/div><\/div><div class=\"vc_row wpb_row vc_inner vc_row-fluid\"><div class=\"wpb_column vc_column_container vc_col-sm-6\"><div class=\"vc_column-inner\"><div class=\"wpb_wrapper\">\n\t<div  class=\"wpb_single_image wpb_content_element vc_align_left\">\n\t\t\n\t\t<figure class=\"wpb_wrapper vc_figure\">\n\t\t\t<div class=\"vc_single_image-wrapper   vc_box_border_grey\"><img loading=\"lazy\" decoding=\"async\" width=\"1024\" height=\"683\" src=\"https:\/\/tara.amyshouston.com\/spio\/ret_img,q_cdnize,to_avif,s_avif\/www.amyshouston.com\/wp-content\/uploads\/2018\/03\/electrolyisis-abs-scaled-1024x683.jpg\" class=\"vc_single_image-img attachment-large\" alt=\"\" title=\"Mujer sometida a tratamiento l\u00e1ser en el vientre\" srcset=\"https:\/\/tara.amyshouston.com\/spio\/ret_img,q_cdnize,to_avif,s_avif\/www.amyshouston.com\/wp-content\/uploads\/2018\/03\/electrolyisis-abs-scaled-1024x683.jpg.webp 1024w, https:\/\/tara.amyshouston.com\/spio\/ret_img,q_cdnize,to_avif,s_avif\/www.amyshouston.com\/wp-content\/uploads\/2018\/03\/electrolyisis-abs-scaled-300x200@2x.jpg 600w, https:\/\/tara.amyshouston.com\/spio\/ret_img,q_cdnize,to_avif,s_avif\/www.amyshouston.com\/wp-content\/uploads\/2018\/03\/electrolyisis-abs-scaled-300x200.jpg.webp 300w, https:\/\/tara.amyshouston.com\/spio\/ret_img,q_cdnize,to_avif,s_avif\/www.amyshouston.com\/wp-content\/uploads\/2018\/03\/electrolyisis-abs-scaled-768x512.jpg.webp 768w, https:\/\/tara.amyshouston.com\/spio\/ret_img,q_cdnize,to_avif,s_avif\/www.amyshouston.com\/wp-content\/uploads\/2018\/03\/electrolyisis-abs-scaled-1536x1024.jpg.webp 1536w, https:\/\/tara.amyshouston.com\/spio\/ret_img,q_cdnize,to_avif,s_avif\/www.amyshouston.com\/wp-content\/uploads\/2018\/03\/electrolyisis-abs-scaled-2048x1366.jpg.webp 2048w, https:\/\/tara.amyshouston.com\/spio\/ret_img,q_cdnize,to_avif,s_avif\/www.amyshouston.com\/wp-content\/uploads\/2018\/03\/electrolyisis-abs-scaled.jpg.webp 1600w\" sizes=\"auto, (max-width: 1024px) 100vw, 1024px\" data-dt-location=\"https:\/\/www.amyshouston.com\/es\/cuidado-de-la-piel-houston\/electrolisis\/woman-having-laser-treatment-on-belly\/\"><\/div>\n\t\t<\/figure>\n\t<\/div>\n<\/div><\/div><\/div><div class=\"wpb_column vc_column_container vc_col-sm-6\"><div class=\"vc_column-inner\"><div class=\"wpb_wrapper\">\n\t<div  class=\"wpb_single_image wpb_content_element vc_align_left\">\n\t\t\n\t\t<figure class=\"wpb_wrapper vc_figure\">\n\t\t\t<div class=\"vc_single_image-wrapper   vc_box_border_grey\"><img loading=\"lazy\" decoding=\"async\" width=\"1024\" height=\"683\" src=\"https:\/\/tara.amyshouston.com\/spio\/ret_img,q_cdnize,to_avif,s_avif\/www.amyshouston.com\/wp-content\/uploads\/2018\/03\/electrolysis-face-scaled-1024x683.jpg\" class=\"vc_single_image-img attachment-large\" alt=\"\" title=\"Mujer recibiendo terapia de microdermoabrasi\u00f3n en la frente\" srcset=\"https:\/\/tara.amyshouston.com\/spio\/ret_img,q_cdnize,to_avif,s_avif\/www.amyshouston.com\/wp-content\/uploads\/2018\/03\/electrolysis-face-scaled-1024x683.jpg.webp 1024w, https:\/\/tara.amyshouston.com\/spio\/ret_img,q_cdnize,to_avif,s_avif\/www.amyshouston.com\/wp-content\/uploads\/2018\/03\/electrolysis-face-scaled-300x200@2x.jpg 600w, https:\/\/tara.amyshouston.com\/spio\/ret_img,q_cdnize,to_avif,s_avif\/www.amyshouston.com\/wp-content\/uploads\/2018\/03\/electrolysis-face-scaled-300x200.jpg.webp 300w, https:\/\/tara.amyshouston.com\/spio\/ret_img,q_cdnize,to_avif,s_avif\/www.amyshouston.com\/wp-content\/uploads\/2018\/03\/electrolysis-face-scaled-768x512.jpg.webp 768w, https:\/\/tara.amyshouston.com\/spio\/ret_img,q_cdnize,to_avif,s_avif\/www.amyshouston.com\/wp-content\/uploads\/2018\/03\/electrolysis-face-scaled-1536x1024.jpg.webp 1536w, https:\/\/tara.amyshouston.com\/spio\/ret_img,q_cdnize,to_avif,s_avif\/www.amyshouston.com\/wp-content\/uploads\/2018\/03\/electrolysis-face-scaled-2048x1366.jpg.webp 2048w\" sizes=\"auto, (max-width: 1024px) 100vw, 1024px\" data-dt-location=\"https:\/\/www.amyshouston.com\/es\/cuidado-de-la-piel-houston\/electrolisis\/woman-receiving-microdermabrasion-therapy-on-forehead\/\"><\/div>\n\t\t<\/figure>\n\t<\/div>\n<\/div><\/div><\/div><\/div><\/div><\/div><\/div><div class=\"wpb_column vc_column_container vc_col-sm-6 vc_col-has-fill\"><div class=\"vc_column-inner vc_custom_1521254193955\"><div class=\"wpb_wrapper\">\n\t<div class=\"wpb_text_column wpb_content_element  vc_custom_1521254235028 col-8\" >\n\t\t<div class=\"wpb_wrapper\">\n\t\t\t<p class=\"p1\"><span class=\"s1\">La electr\u00f3lisis puede realizarse en la mayor\u00eda de las partes del cuerpo, como la cara, las cejas, los abdominales y las piernas.<\/span><\/p>\n<p class=\"p1\"><span class=\"s1\">Dado que cada persona es diferente, suelen ser necesarias varias sesiones de electr\u00f3lisis para obtener resultados \u00f3ptimos y duraderos. Sin embargo, esto no garantiza una depilaci\u00f3n 100% permanente para todas las personas. A algunas personas les conviene m\u00e1s un tratamiento de depilaci\u00f3n l\u00e1ser que la electr\u00f3lisis.<\/span><\/p>\n\n\t\t<\/div>\n\t<\/div>\n<div class=\"aio-icon-component  vc_custom_1521254259682  col-8 style_1\"><div id=\"Info-box-wrap-5767\" class=\"aio-icon-box default-icon\" style=\"\"  ><div class=\"aio-icon-default\"><div class=\"ult-just-icon-wrapper\"><div class=\"align-icon\" style=\"text-align:center;\">\n<div class=\"aio-icon none\"  style=\"color:#e5b840;font-size:24px;display:inline-block;\">\n\t<i class=\"Defaults-exclamation-circle\"><\/i>\n<\/div><\/div><\/div><\/div><div class=\"aio-icon-header\" ><h3 class=\"aio-icon-title ult-responsive\"  data-ultimate-target='#Info-box-wrap-5767 .aio-icon-title'  data-responsive-json-new='{\"font-size\":\"\",\"line-height\":\"\"}'  style=\"\">Por lo general, este procedimiento no tiene efectos secundarios permanentes, aunque la piel puede enrojecerse ligeramente despu\u00e9s del tratamiento.<\/h3><\/div> <!-- header --><\/div> <!-- aio-icon-box --><\/div> <!-- aio-icon-component --><\/div><\/div><\/div><\/div><div class=\"vc_row wpb_row vc_row-fluid dt-default\" style=\"margin-top: 0px;margin-bottom: 0px\"><div class=\"wpb_column vc_column_container vc_col-sm-12\"><div class=\"vc_column-inner\"><div class=\"wpb_wrapper\"><div class=\"vc_row wpb_row vc_inner vc_row-fluid\"><div class=\"wpb_column vc_column_container vc_col-sm-12\"><div class=\"vc_column-inner\"><div class=\"wpb_wrapper\"><div class=\"aio-icon-component    style_1\"><div id=\"Info-box-wrap-6656\" class=\"aio-icon-box default-icon\" style=\"\"  ><div class=\"aio-icon-default\"><div class=\"ult-just-icon-wrapper\"><div class=\"align-icon\" style=\"text-align:center;\">\n<div class=\"aio-icon circle\"  style=\"color:#ffffff;background:#e5b840;font-size:24px;display:inline-block;\">\n\t<i class=\"Defaults-check\"><\/i>\n<\/div><\/div><\/div><\/div><div class=\"aio-icon-header\" ><h3 class=\"aio-icon-title ult-responsive\"  data-ultimate-target='#Info-box-wrap-6656 .aio-icon-title'  data-responsive-json-new='{\"font-size\":\"desktop:26px;\",\"line-height\":\"desktop:36px;\"}'  style=\"\">Ventajas de la electr\u00f3lisis<\/h3><\/div> <!-- header --><div class=\"aio-icon-description ult-responsive\"  data-ultimate-target='#Info-box-wrap-6656 .aio-icon-description'  data-responsive-json-new='{\"font-size\":\"\",\"line-height\":\"\"}'  style=\"\"><\/p>\n<p class=\"p1\"><span class=\"s1\">A diferencia de otros m\u00e9todos de depilaci\u00f3n, la electr\u00f3lisis posee muchos beneficios a largo plazo. Algunas de las ventajas de la electr\u00f3lisis son:<\/span><\/p>\n<p><\/div> <!-- description --><\/div> <!-- aio-icon-box --><\/div> <!-- aio-icon-component --><\/div><\/div><\/div><\/div><div class=\"vc_row wpb_row vc_inner vc_row-fluid\"><div class=\"wpb_column vc_column_container vc_col-sm-6\"><div class=\"vc_column-inner\"><div class=\"wpb_wrapper\"><div class=\"standard-arrow bullet-top\"><ul>\n<li>\n<p class=\"p1\"><span class=\"s1\">Popular y eficaz. <\/span><\/p>\n<p class=\"p1\"><span class=\"s1\">Est\u00e1 cl\u00ednicamente demostrado que la electr\u00f3lisis es un procedimiento seguro y eficaz para eliminar el crecimiento del vello de forma permanente. Es el \u00fanico tratamiento cosm\u00e9tico aprobado por la FDA para la depilaci\u00f3n permanente.<\/span><\/p>\n<\/li>\n<li>\n<p class=\"p1\"><span class=\"s1\">Adecuado para todo tipo de cabellos y pieles. <\/span><\/p>\n<p class=\"p1\"><span class=\"s1\">Esta es una de las ventajas \u00fanicas de la electr\u00f3lisis. Es apta para todo tipo de vello y piel, ya sea fino, grueso o \u00e1spero, oscuro, casta\u00f1o o rubio.<\/span><\/p>\n<\/li>\n<li>\n<p class=\"p1\"><span class=\"s1\">Se dirige individualmente al fol\u00edculo piloso. <\/span><\/p>\n<p class=\"p1\"><span class=\"s1\">A diferencia de la depilaci\u00f3n l\u00e1ser, que act\u00faa sobre el pigmento del vello, la electr\u00f3lisis act\u00faa individualmente sobre el fol\u00edculo piloso.<\/span><\/p>\n<\/li>\n<\/ul>\n<\/div><\/div><\/div><\/div><div class=\"wpb_column vc_column_container vc_col-sm-6\"><div class=\"vc_column-inner\"><div class=\"wpb_wrapper\"><div class=\"standard-arrow bullet-top\"><ul>\n<li>\n<p class=\"p1\"><span class=\"s1\">Resultados en depilaci\u00f3n permanente. <\/span><\/p>\n<p class=\"p1\"><span class=\"s1\">La electr\u00f3lisis suele producir una depilaci\u00f3n permanente. Hay pocas probabilidades de que vuelva a crecer vello en la zona tratada. Por lo tanto, se necesitan varias sesiones para lograr el resultado deseado.<\/span><\/p>\n<\/li>\n<li>\n<p class=\"p1\"><span class=\"s1\">Tiempo de inactividad cero sin efectos secundarios permanentes. <\/span><\/p>\n<p class=\"p1\"><span class=\"s1\">La electr\u00f3lisis es indolora, no hay dolor ni sensaci\u00f3n de quemaz\u00f3n durante el procedimiento. Despu\u00e9s de someterse a la electr\u00f3lisis, es posible que aparezca un ligero enrojecimiento de la piel que desaparecer\u00e1 al cabo de un tiempo. Sin embargo, estas secuelas no son permanentes y desaparecer\u00e1n.<\/span><\/p>\n<\/li>\n<li>\n<p class=\"p1\"><span class=\"s1\">Ideal para muchos \u00e1mbitos diferentes.<\/span><\/p>\n<p class=\"p1\"><span class=\"s1\">Para la cara, el labio superior, las mejillas, la frente, la barbilla, etc. <\/span><\/p>\n<\/li>\n<\/ul>\n<\/div><\/div><\/div><\/div><\/div><\/div><\/div><\/div><\/div><div class=\"vc_row wpb_row vc_row-fluid dt-default\" style=\"margin-top: 0px;margin-bottom: 0px\"><div class=\"wpb_column vc_column_container vc_col-sm-12\"><div class=\"vc_column-inner\"><div class=\"wpb_wrapper\"><div id=\"ultib3-134054997969e7c5050912a\" class=\"ultb3-box ult-adjust-bottom-margin\" style=\"\"><div class=\"ultb3-box-overlay\" style=\"background:#f9f5f1;\"><\/div><div id=\"Info-banner-wrap7381\" class=\"ultb3-info ib3-info-center\" data-animation=\"\" data-animation-delay=\"03\"><div class=\"ultb3-desc ult-responsive\"  data-ultimate-target='#Info-banner-wrap7381 .ultb3-desc'  data-responsive-json-new='{\"font-size\":\"\",\"line-height\":\"\"}'  style=\"font-weight:normal;\">Hay muchos salones y spas que ofrecen electr\u00f3lisis en Houston y alrededores. Es imperativo que usted elija un profesional que ofrece un excelente servicio con resultados garantizados. En Amy's Skincare &amp; Med Spa, tenemos un s\u00f3lido historial, y hemos realizado miles de electr\u00f3lisis. \u00a1Programe su consulta gratuita con uno de nuestros esteticistas hoy!<\/div><\/div><\/div><style>\n\t\t\t\t\t#ultib3-134054997969e7c5050912a {\n\t\t\t\t\t\tmin-height:50px;\n\t\t\t\t\t}\n\t\t\t\t\t#ultib3-134054997969e7c5050912a img.ultb3-img {\n\t\t\t\t\t\theight: px;\n\t\t\t\t\t}\n\t\t\t\t\t#ultib3-134054997969e7c5050912a .ultb3-btn {\n\t\t\t\t\t\tborder:2px solid #1e73be;border-radius:50px;color:#898989;\n\t\t\t\t\t}\n\t\t\t\t\t#ultib3-134054997969e7c5050912a .ultb3-btn:hover {\n\t\t\t\t\t\tbackground:#1e73be;color:#ffffff;\n\t\t\t\t\t}\n\t\t\t\t<\/style><\/div><\/div><\/div><\/div>\n<\/div>","protected":false},"excerpt":{"rendered":"<p>Existen varias formas de eliminar el vello no deseado, como el afeitado y la depilaci\u00f3n con cera. Sin embargo, estos m\u00e9todos no resultan en la eliminaci\u00f3n permanente del vello. Aqu\u00ed es donde la electr\u00f3lisis entra en juego para detener el crecimiento del vello de forma permanente de su cuerpo. \u00bfQu\u00e9 es la electr\u00f3lisis? La electr\u00f3lisis es un procedimiento...<\/p>","protected":false},"author":2,"featured_media":0,"parent":364,"menu_order":7,"comment_status":"closed","ping_status":"closed","template":"","meta":{"footnotes":""},"class_list":["post-3592","page","type-page","status-publish","hentry","description-off"],"_links":{"self":[{"href":"https:\/\/www.amyshouston.com\/es\/wp-json\/wp\/v2\/pages\/3592","targetHints":{"allow":["GET"]}}],"collection":[{"href":"https:\/\/www.amyshouston.com\/es\/wp-json\/wp\/v2\/pages"}],"about":[{"href":"https:\/\/www.amyshouston.com\/es\/wp-json\/wp\/v2\/types\/page"}],"author":[{"embeddable":true,"href":"https:\/\/www.amyshouston.com\/es\/wp-json\/wp\/v2\/users\/2"}],"replies":[{"embeddable":true,"href":"https:\/\/www.amyshouston.com\/es\/wp-json\/wp\/v2\/comments?post=3592"}],"version-history":[{"count":0,"href":"https:\/\/www.amyshouston.com\/es\/wp-json\/wp\/v2\/pages\/3592\/revisions"}],"up":[{"embeddable":true,"href":"https:\/\/www.amyshouston.com\/es\/wp-json\/wp\/v2\/pages\/364"}],"wp:attachment":[{"href":"https:\/\/www.amyshouston.com\/es\/wp-json\/wp\/v2\/media?parent=3592"}],"curies":[{"name":"wp","href":"https:\/\/api.w.org\/{rel}","templated":true}]}}