{"id":3543,"date":"2018-03-16T22:54:21","date_gmt":"2018-03-16T22:54:21","guid":{"rendered":"https:\/\/dev.amyshouston.com\/skincare-houston\/visia-skin-complexion-analysis-2-2-2\/"},"modified":"2018-03-29T20:14:45","modified_gmt":"2018-03-29T20:14:45","slug":"microdermoabrasion","status":"publish","type":"page","link":"https:\/\/www.amyshouston.com\/es\/cuidado-de-la-piel-houston\/microdermoabrasion\/","title":{"rendered":"Microdermoabrasi\u00f3n"},"content":{"rendered":"<div class=\"wpb-content-wrapper\"><div class=\"vc_row wpb_row vc_row-fluid dt-default\" style=\"margin-top: 0px;margin-bottom: 0px\"><div class=\"mic-img wpb_column vc_column_container vc_col-sm-12\"><div class=\"vc_column-inner\"><div class=\"wpb_wrapper\"><div id=\"ultimate-heading-658369e7c53cec794\" class=\"uvc-heading ult-adjust-bottom-margin ultimate-heading-658369e7c53cec794 uvc-7523\" data-hspacer=\"no_spacer\"  data-halign=\"left\" style=\"text-align:left\"><div class=\"uvc-heading-spacer no_spacer\" style=\"top\"><\/div><div class=\"uvc-main-heading ult-responsive\"  data-ultimate-target='.uvc-heading.ultimate-heading-658369e7c53cec794 h2'  data-responsive-json-new='{\"font-size\":\"desktop:26px;mobile_landscape:22px;mobile:20px;\",\"line-height\":\"desktop:36px;mobile_landscape:30px;mobile:28px;\"}' ><h2 style=\"--font-weight:theme;margin-top:20px;margin-bottom:50px;\">El tratamiento m\u00e1s popular para la piel<\/h2><\/div><\/div><\/div><\/div><\/div><div class=\"mic-heading wpb_column vc_column_container vc_col-sm-6\"><div class=\"vc_column-inner vc_custom_1521254470499\"><div class=\"wpb_wrapper\">\n\t<div  class=\"wpb_single_image wpb_content_element vc_align_right\">\n\t\t\n\t\t<figure class=\"wpb_wrapper vc_figure\">\n\t\t\t<div class=\"vc_single_image-wrapper   vc_box_border_grey\"><img loading=\"lazy\" decoding=\"async\" width=\"1200\" height=\"718\" src=\"https:\/\/www.amyshouston.com\/wp-content\/uploads\/2018\/03\/face-microdermabrasio-treatment-e1521584801925.jpg\" class=\"vc_single_image-img attachment-full\" alt=\"\" title=\"Tratamiento de microdermoabrasi\u00f3n facial\" srcset=\"https:\/\/www.amyshouston.com\/wp-content\/uploads\/2018\/03\/face-microdermabrasio-treatment-e1521584801925.jpg.webp 1200w, https:\/\/www.amyshouston.com\/wp-content\/uploads\/2018\/03\/face-microdermabrasio-treatment-e1521584801925-300x180@2x.jpg 600w, https:\/\/www.amyshouston.com\/wp-content\/uploads\/2018\/03\/face-microdermabrasio-treatment-e1521584801925-300x180.jpg.webp 300w, https:\/\/www.amyshouston.com\/wp-content\/uploads\/2018\/03\/face-microdermabrasio-treatment-e1521584801925-1024x613.jpg.webp 1024w, https:\/\/www.amyshouston.com\/wp-content\/uploads\/2018\/03\/face-microdermabrasio-treatment-e1521584801925-768x460.jpg.webp 768w\" sizes=\"auto, (max-width: 1200px) 100vw, 1200px\" data-dt-location=\"https:\/\/www.amyshouston.com\/es\/cuidado-de-la-piel-houston\/microdermoabrasion\/face-skin-care-facial-hydro-microdermabrasion-peeling-treatment-vacuum-cleaner\/\"><\/div>\n\t\t<\/figure>\n\t<\/div>\n<\/div><\/div><\/div><div class=\"wpb_column vc_column_container vc_col-sm-6\"><div class=\"vc_column-inner\"><div class=\"wpb_wrapper\"><div id=\"ultimate-heading-716969e7c53ced7b4\" class=\"uvc-heading ult-adjust-bottom-margin ultimate-heading-716969e7c53ced7b4 uvc-2899 title-heading\" data-hspacer=\"no_spacer\"  data-halign=\"left\" style=\"text-align:left\"><div class=\"uvc-heading-spacer no_spacer\" style=\"top\"><\/div><div class=\"uvc-sub-heading ult-responsive\"  data-ultimate-target='.uvc-heading.ultimate-heading-716969e7c53ced7b4 .uvc-sub-heading '  data-responsive-json-new='{\"font-size\":\"desktop:16px;mobile_landscape:14px;mobile:14px;\",\"line-height\":\"desktop:26px;mobile_landscape:24px;mobile:24px;\"}'  style=\"font-weight:normal;\"><\/p>\n<p class=\"p1 sub-heading\"><span class=\"s1\">La microdermoabrasi\u00f3n es uno de nuestros tratamientos m\u00e1s populares en el cuidado de la piel de Amy y Med Spa. Tenemos personas que vienen de todas partes de Houston y sus alrededores. Para las personas conscientes de la piel, la microdermoabrasi\u00f3n tiene considerablemente una gran cantidad de beneficios que no s\u00f3lo son eficaces, sino tambi\u00e9n, dando resultados duraderos. <\/span><\/p>\n<p class=\"p1 sub-heading\"><span class=\"s1\">Se preguntar\u00e1, \u00bfqu\u00e9 es exactamente el tratamiento de microdermoabrasi\u00f3n? \u00bfC\u00f3mo es que muchos de nuestros clientes son grandes fans de \u00e9l? \u00bfPuede el proceso realmente tener la capacidad de eliminar el acn\u00e9, levantar las c\u00e9lulas muertas de la piel y devolverle esa piel bien rejuvenecida?<\/span><\/p>\n<p><\/div><\/div><\/div><\/div><\/div><\/div><div class=\"vc_row wpb_row vc_row-fluid dt-default\" style=\"margin-top: 0px;margin-bottom: 0px\"><div class=\"mic-heading wpb_column vc_column_container vc_col-sm-12 vc_hidden-lg vc_hidden-md\"><div class=\"vc_column-inner vc_custom_1521565421923\"><div class=\"wpb_wrapper\">\n\t<div  class=\"wpb_single_image wpb_content_element vc_align_center  vc_custom_1521566536251  visia-image\">\n\t\t\n\t\t<figure class=\"wpb_wrapper vc_figure\">\n\t\t\t<div class=\"vc_single_image-wrapper   vc_box_border_grey\"><img loading=\"lazy\" decoding=\"async\" width=\"2000\" height=\"1333\" src=\"https:\/\/www.amyshouston.com\/wp-content\/uploads\/2018\/03\/houston-microdermabrasion.jpg\" class=\"vc_single_image-img attachment-full\" alt=\"\" title=\"Despu\u00e9s del tratamiento de microdermoabrasi\u00f3n\" srcset=\"https:\/\/www.amyshouston.com\/wp-content\/uploads\/2018\/03\/houston-microdermabrasion.jpg.webp 2000w, https:\/\/www.amyshouston.com\/wp-content\/uploads\/2018\/03\/houston-microdermabrasion-300x200@2x.jpg 600w, https:\/\/www.amyshouston.com\/wp-content\/uploads\/2018\/03\/houston-microdermabrasion-300x200.jpg.webp 300w, https:\/\/www.amyshouston.com\/wp-content\/uploads\/2018\/03\/houston-microdermabrasion-1024x682.jpg.webp 1024w, https:\/\/www.amyshouston.com\/wp-content\/uploads\/2018\/03\/houston-microdermabrasion-768x512.jpg.webp 768w, https:\/\/www.amyshouston.com\/wp-content\/uploads\/2018\/03\/houston-microdermabrasion-1536x1024.jpg.webp 1536w\" sizes=\"auto, (max-width: 2000px) 100vw, 2000px\" data-dt-location=\"https:\/\/www.amyshouston.com\/es\/cuidado-de-la-piel-houston\/microdermoabrasion\/asian-beauty-face-2\/\"><\/div>\n\t\t<\/figure>\n\t<\/div>\n<\/div><\/div><\/div><div class=\"mic-img wpb_column vc_column_container vc_col-sm-6\"><div class=\"vc_column-inner\"><div class=\"wpb_wrapper\"><div id=\"ultimate-heading-789569e7c53cee7bd\" class=\"uvc-heading ult-adjust-bottom-margin ultimate-heading-789569e7c53cee7bd uvc-9364 title-heading\" data-hspacer=\"no_spacer\"  data-halign=\"left\" style=\"text-align:left\"><div class=\"uvc-heading-spacer no_spacer\" style=\"top\"><\/div><div class=\"uvc-sub-heading ult-responsive\"  data-ultimate-target='.uvc-heading.ultimate-heading-789569e7c53cee7bd .uvc-sub-heading '  data-responsive-json-new='{\"font-size\":\"desktop:16px;mobile_landscape:14px;mobile:14px;\",\"line-height\":\"desktop:26px;mobile_landscape:24px;mobile:24px;\"}'  style=\"font-weight:normal;\"><\/p>\n<p class=\"p2\"><span class=\"s1\">En t\u00e9rminos sencillos, la microdermoabrasi\u00f3n es un tratamiento no quir\u00fargico para el cuidado de la piel que utiliza la abrasi\u00f3n mec\u00e1nica combinada con la succi\u00f3n para eliminar las c\u00e9lulas muertas de la piel, o el estrato c\u00f3rneo, mediante el uso de \u00f3xido de aluminio o finos cristales de diamante. La teor\u00eda en la que se basa este procedimiento es comparable a la microagujas, mejora dr\u00e1sticamente la tasa de renovaci\u00f3n de la piel, estimula la circulaci\u00f3n sangu\u00ednea, el autorrejuvenecimiento y permite la aparici\u00f3n de c\u00e9lulas cut\u00e1neas nuevas y frescas. <\/span><\/p>\n<p class=\"p2\"><span class=\"s1\">Se ha demostrado cl\u00ednicamente que los tratamientos de microdermoabrasi\u00f3n repetidos mejoran la producci\u00f3n de col\u00e1geno y elastina en la dermis y, en \u00faltima instancia, ayudan a mejorar la elasticidad y resistencia de la piel, a eliminar manchas oscuras, marcas de acn\u00e9 y signos de envejecimiento como arrugas y l\u00edneas finas, a uniformizar el tono de la piel y a afinar su textura. <\/span><\/p>\n<p><\/div><\/div><\/div><\/div><\/div><div class=\"wpb_column vc_column_container vc_col-sm-6 vc_hidden-sm vc_hidden-xs\"><div class=\"vc_column-inner\"><div class=\"wpb_wrapper\">\n\t<div  class=\"wpb_single_image wpb_content_element vc_align_center  vc_custom_1521566526319  visia-image\">\n\t\t\n\t\t<figure class=\"wpb_wrapper vc_figure\">\n\t\t\t<div class=\"vc_single_image-wrapper   vc_box_border_grey\"><img loading=\"lazy\" decoding=\"async\" width=\"2000\" height=\"1333\" src=\"https:\/\/www.amyshouston.com\/wp-content\/uploads\/2018\/03\/houston-microdermabrasion.jpg\" class=\"vc_single_image-img attachment-full\" alt=\"\" title=\"Despu\u00e9s del tratamiento de microdermoabrasi\u00f3n\" srcset=\"https:\/\/www.amyshouston.com\/wp-content\/uploads\/2018\/03\/houston-microdermabrasion.jpg.webp 2000w, https:\/\/www.amyshouston.com\/wp-content\/uploads\/2018\/03\/houston-microdermabrasion-300x200@2x.jpg 600w, https:\/\/www.amyshouston.com\/wp-content\/uploads\/2018\/03\/houston-microdermabrasion-300x200.jpg.webp 300w, https:\/\/www.amyshouston.com\/wp-content\/uploads\/2018\/03\/houston-microdermabrasion-1024x682.jpg.webp 1024w, https:\/\/www.amyshouston.com\/wp-content\/uploads\/2018\/03\/houston-microdermabrasion-768x512.jpg.webp 768w, https:\/\/www.amyshouston.com\/wp-content\/uploads\/2018\/03\/houston-microdermabrasion-1536x1024.jpg.webp 1536w\" sizes=\"auto, (max-width: 2000px) 100vw, 2000px\" data-dt-location=\"https:\/\/www.amyshouston.com\/es\/cuidado-de-la-piel-houston\/microdermoabrasion\/asian-beauty-face-2\/\"><\/div>\n\t\t<\/figure>\n\t<\/div>\n<\/div><\/div><\/div><\/div><div class=\"vc_row wpb_row vc_row-fluid dt-default\" style=\"margin-top: 0px;margin-bottom: 0px\"><div class=\"mic-img wpb_column vc_column_container vc_col-sm-6\"><div class=\"vc_column-inner\"><div class=\"wpb_wrapper\">\n\t<div  class=\"wpb_single_image wpb_content_element vc_align_right  vc_custom_1521258085341  visia-image\">\n\t\t\n\t\t<figure class=\"wpb_wrapper vc_figure\">\n\t\t\t<div class=\"vc_single_image-wrapper   vc_box_border_grey\"><img loading=\"lazy\" decoding=\"async\" width=\"1200\" height=\"742\" src=\"https:\/\/www.amyshouston.com\/wp-content\/uploads\/2018\/03\/men-microdermabrasion-treatment-e1521584866431.jpg\" class=\"vc_single_image-img attachment-full\" alt=\"\" title=\"Tratamiento de microdermoabrasi\u00f3n para hombres\" srcset=\"https:\/\/www.amyshouston.com\/wp-content\/uploads\/2018\/03\/men-microdermabrasion-treatment-e1521584866431.jpg.webp 1200w, https:\/\/www.amyshouston.com\/wp-content\/uploads\/2018\/03\/men-microdermabrasion-treatment-e1521584866431-300x186@2x.jpg 600w, https:\/\/www.amyshouston.com\/wp-content\/uploads\/2018\/03\/men-microdermabrasion-treatment-e1521584866431-300x186.jpg.webp 300w, https:\/\/www.amyshouston.com\/wp-content\/uploads\/2018\/03\/men-microdermabrasion-treatment-e1521584866431-1024x633.jpg.webp 1024w, https:\/\/www.amyshouston.com\/wp-content\/uploads\/2018\/03\/men-microdermabrasion-treatment-e1521584866431-768x475.jpg.webp 768w\" sizes=\"auto, (max-width: 1200px) 100vw, 1200px\" data-dt-location=\"https:\/\/www.amyshouston.com\/es\/cuidado-de-la-piel-houston\/microdermoabrasion\/men-microdermabrasion-treatment\/\"><\/div>\n\t\t<\/figure>\n\t<\/div>\n<\/div><\/div><\/div><div class=\"mic-heading wpb_column vc_column_container vc_col-sm-6\"><div class=\"vc_column-inner\"><div class=\"wpb_wrapper\"><div id=\"ultimate-heading-947469e7c53cf0132\" class=\"uvc-heading ult-adjust-bottom-margin ultimate-heading-947469e7c53cf0132 uvc-2663 title-heading\" data-hspacer=\"no_spacer\"  data-halign=\"left\" style=\"text-align:left\"><div class=\"uvc-heading-spacer no_spacer\" style=\"top\"><\/div><div class=\"uvc-sub-heading ult-responsive\"  data-ultimate-target='.uvc-heading.ultimate-heading-947469e7c53cf0132 .uvc-sub-heading '  data-responsive-json-new='{\"font-size\":\"desktop:16px;mobile_landscape:14px;mobile:14px;\",\"line-height\":\"desktop:26px;mobile_landscape:24px;mobile:24px;\"}'  style=\"font-weight:normal;\"><\/p>\n<p class=\"p1\"><span class=\"s1\">Normalmente, de 4 a 10 sesiones de tratamiento le proporcionar\u00e1n una piel pulida, refinada y rejuvenecida. Adem\u00e1s de la exfoliaci\u00f3n, la microdermoabrasi\u00f3n tambi\u00e9n proporciona una succi\u00f3n firme a la superficie de la piel. Limpia los poros, mejora el riego sangu\u00edneo de la dermis al potenciar la nutrici\u00f3n celular.<\/span><\/p>\n<p class=\"p1\"><span class=\"s1\">El n\u00famero de tratamientos de microdermoabrasi\u00f3n necesarios depende de la gravedad del estado de su piel. \u00bfEst\u00e1 listo para mejorar su piel? Programe su consulta gratuita con uno de nuestros esteticistas hoy mismo. <\/span><\/p>\n<p><\/div><\/div><\/div><\/div><\/div><\/div>\n<\/div>","protected":false},"excerpt":{"rendered":"<p>Tratamiento m\u00e1s popular para su piel La microdermoabrasi\u00f3n es uno de nuestros tratamientos m\u00e1s populares en el cuidado de la piel de Amy y Med Spa. Tenemos personas que vienen de todas partes de Houston y sus alrededores. Para las personas conscientes de la piel, la microdermabrasi\u00f3n tiene considerablemente una gran cantidad de beneficios que no s\u00f3lo son eficaces, sino tambi\u00e9n, dando resultados duraderos. As\u00ed que usted puede...<\/p>","protected":false},"author":1,"featured_media":0,"parent":364,"menu_order":6,"comment_status":"closed","ping_status":"closed","template":"","meta":{"footnotes":""},"class_list":["post-3543","page","type-page","status-publish","hentry","description-off"],"_links":{"self":[{"href":"https:\/\/www.amyshouston.com\/es\/wp-json\/wp\/v2\/pages\/3543","targetHints":{"allow":["GET"]}}],"collection":[{"href":"https:\/\/www.amyshouston.com\/es\/wp-json\/wp\/v2\/pages"}],"about":[{"href":"https:\/\/www.amyshouston.com\/es\/wp-json\/wp\/v2\/types\/page"}],"author":[{"embeddable":true,"href":"https:\/\/www.amyshouston.com\/es\/wp-json\/wp\/v2\/users\/1"}],"replies":[{"embeddable":true,"href":"https:\/\/www.amyshouston.com\/es\/wp-json\/wp\/v2\/comments?post=3543"}],"version-history":[{"count":0,"href":"https:\/\/www.amyshouston.com\/es\/wp-json\/wp\/v2\/pages\/3543\/revisions"}],"up":[{"embeddable":true,"href":"https:\/\/www.amyshouston.com\/es\/wp-json\/wp\/v2\/pages\/364"}],"wp:attachment":[{"href":"https:\/\/www.amyshouston.com\/es\/wp-json\/wp\/v2\/media?parent=3543"}],"curies":[{"name":"wp","href":"https:\/\/api.w.org\/{rel}","templated":true}]}}