{"id":3538,"date":"2018-03-16T22:51:31","date_gmt":"2018-03-16T22:51:31","guid":{"rendered":"https:\/\/dev.amyshouston.com\/skincare-houston\/epidermal-leveling-2\/"},"modified":"2018-03-21T15:08:24","modified_gmt":"2018-03-21T15:08:24","slug":"nivelacion-epidermica","status":"publish","type":"page","link":"https:\/\/www.amyshouston.com\/es\/cuidado-de-la-piel-houston\/nivelacion-epidermica\/","title":{"rendered":"Nivelaci\u00f3n epid\u00e9rmica"},"content":{"rendered":"<div class=\"wpb-content-wrapper\"><div class=\"vc_row wpb_row vc_row-fluid dt-default\" style=\"margin-top: 0px;margin-bottom: 0px\"><div class=\"wpb_column vc_column_container vc_col-sm-8\" id=\"col-8\"><div class=\"vc_column-inner vc_custom_1519336189777\"><div class=\"wpb_wrapper\"><div id=\"ultimate-heading-577269e7c556a6fd3\" class=\"uvc-heading ult-adjust-bottom-margin ultimate-heading-577269e7c556a6fd3 uvc-914 title-heading\" data-hspacer=\"no_spacer\"  data-halign=\"left\" style=\"text-align:left\"><div class=\"uvc-heading-spacer no_spacer\" style=\"top\"><\/div><div class=\"uvc-main-heading ult-responsive\"  data-ultimate-target='.uvc-heading.ultimate-heading-577269e7c556a6fd3 h2'  data-responsive-json-new='{\"font-size\":\"desktop:26px;mobile_landscape:22px;mobile:20px;\",\"line-height\":\"desktop:36px;mobile_landscape:30px;mobile:28px;\"}' ><h2 style=\"--font-weight:theme;margin-top:20px;margin-bottom:20px;\">Redefinici\u00f3n de la nivelaci\u00f3n epid\u00e9rmica<\/h2><\/div><div class=\"uvc-sub-heading ult-responsive\"  data-ultimate-target='.uvc-heading.ultimate-heading-577269e7c556a6fd3 .uvc-sub-heading '  data-responsive-json-new='{\"font-size\":\"desktop:16px;mobile_landscape:14px;mobile:14px;\",\"line-height\":\"desktop:26px;mobile_landscape:24px;mobile:24px;\"}'  style=\"font-weight:normal;\"><\/p>\n<p class=\"p1 sub-heading\"><span class=\"s1\">El Nivelado Epid\u00e9rmico, tambi\u00e9n conocido como Dermaplaning y Dermablading, es un tratamiento altamente especializado dise\u00f1ado precisamente para eliminar la capa superior de c\u00e9lulas muertas de la piel y el fino vello facial que com\u00fanmente se conoce como \"pelusa de melocot\u00f3n.\"<\/span><\/p>\n<p class=\"p1 sub-heading\"><span class=\"s1\">El dermaplaning puede rejuvenecer r\u00e1pidamente la piel induciendo el crecimiento de nuevas c\u00e9lulas. Este proceso de exfoliaci\u00f3n proporciona a la piel un aspecto suave, pulido y juvenil. Tambi\u00e9n es muy eficaz para reducir la aparici\u00f3n de arrugas, l\u00edneas finas y cicatrices de acn\u00e9, as\u00ed como para permitir una mejor penetraci\u00f3n y absorci\u00f3n de productos farmac\u00e9uticos y cosmec\u00e9uticos, y se ha utilizado como \"preparaci\u00f3n\" para mejorar la eficacia de otros tratamientos para el cuidado de la piel.<\/span><\/p>\n<p class=\"p1 sub-heading\"><span class=\"s1\">Nivelaci\u00f3n epid\u00e9rmica \/ Dermaplaning es un tratamiento extremadamente seguro y es realizado por nuestros esteticistas certificados en Amy's Skincare &amp; Med Spa. Este tratamiento es no invasivo, r\u00e1pido y sin tiempo de inactividad.<\/span><\/p>\n<p><\/div><\/div><\/div><\/div><\/div><div class=\"wpb_column vc_column_container vc_col-sm-4\" id=\"col-4\"><div class=\"vc_column-inner\"><div class=\"wpb_wrapper\">\n\t<div  class=\"wpb_single_image wpb_content_element vc_align_center  vc_custom_1521644901642  el-image\">\n\t\t\n\t\t<figure class=\"wpb_wrapper vc_figure\">\n\t\t\t<div class=\"vc_single_image-wrapper vc_box_shadow  vc_box_border_grey\"><img loading=\"lazy\" decoding=\"async\" width=\"1200\" height=\"845\" src=\"https:\/\/www.amyshouston.com\/wp-content\/uploads\/2018\/03\/dermaplaning-houston-e1521584816747.jpg\" class=\"vc_single_image-img attachment-full\" alt=\"\" title=\"dermaplaning-houston\" srcset=\"https:\/\/www.amyshouston.com\/wp-content\/uploads\/2018\/03\/dermaplaning-houston-e1521584816747.jpg.webp 1200w, https:\/\/www.amyshouston.com\/wp-content\/uploads\/2018\/03\/dermaplaning-houston-e1521584816747-300x211@2x.jpg 600w, https:\/\/www.amyshouston.com\/wp-content\/uploads\/2018\/03\/dermaplaning-houston-e1521584816747-300x211.jpg.webp 300w, https:\/\/www.amyshouston.com\/wp-content\/uploads\/2018\/03\/dermaplaning-houston-e1521584816747-1024x721.jpg.webp 1024w, https:\/\/www.amyshouston.com\/wp-content\/uploads\/2018\/03\/dermaplaning-houston-e1521584816747-768x541.jpg.webp 768w\" sizes=\"auto, (max-width: 1200px) 100vw, 1200px\" data-dt-location=\"https:\/\/www.amyshouston.com\/es\/cuidado-de-la-piel-houston\/nivelacion-epidermica\/dermaplaning-houston\/\"><\/div>\n\t\t<\/figure>\n\t<\/div>\n<\/div><\/div><\/div><\/div><div class=\"vc_row wpb_row vc_row-fluid dt-default\" style=\"margin-top: 0px;margin-bottom: 0px\"><div class=\"wpb_column vc_column_container vc_col-sm-12\"><div class=\"vc_column-inner\"><div class=\"wpb_wrapper\"><div id=\"ultimate-heading-630469e7c556a8324\" class=\"uvc-heading ult-adjust-bottom-margin ultimate-heading-630469e7c556a8324 uvc-6284\" data-hspacer=\"no_spacer\"  data-halign=\"center\" style=\"text-align:center\"><div class=\"uvc-heading-spacer no_spacer\" style=\"top\"><\/div><div class=\"uvc-main-heading ult-responsive\"  data-ultimate-target='.uvc-heading.ultimate-heading-630469e7c556a8324 h2'  data-responsive-json-new='{\"font-size\":\"desktop:24px;mobile_landscape:20px;mobile:18px;\",\"line-height\":\"desktop:34px;mobile_landscape:30px;mobile:28px;\"}' ><h2 style=\"font-weight:bold;margin-top:20px;margin-bottom:30px;\">Preguntas frecuentes<\/h2><\/div><\/div><div  class=\"vc_do_toggle vc_toggle vc_toggle_text_only vc_toggle_color_default  vc_toggle_size_md vc_toggle_active  faq-text\"><div class=\"vc_toggle_title\"><h4>\u00bfQu\u00e9 es la nivelaci\u00f3n epid\u00e9rmica?<\/h4><i class=\"vc_toggle_icon\"><\/i><\/div><div class=\"vc_toggle_content\"><p class=\"p1 faq-content\"><span class=\"s1\"> La Nivelaci\u00f3n Epid\u00e9rmica elimina la capa superior de la piel, mejorando las manchas causadas por el envejecimiento, las cicatrices del acn\u00e9, la pigmentaci\u00f3n oscurecida y mucho m\u00e1s. A medida que la capa externa de la piel se elimina durante este proceso, los pelos finos en la cara conocida como \"pelusa de melocot\u00f3n\" tambi\u00e9n se eliminan. Se trata de un tratamiento no invasivo en comparaci\u00f3n con el rejuvenecimiento con l\u00e1ser como el l\u00e1ser Fraxel y los peelings qu\u00edmicos agresivos.<\/span><\/p>\n<\/div><\/div><div  class=\"vc_do_toggle vc_toggle vc_toggle_text_only vc_toggle_color_default  vc_toggle_size_md vc_toggle_active  faq-text\"><div class=\"vc_toggle_title\"><h4>\u00bfC\u00f3mo funciona la Nivelaci\u00f3n Epid\u00e9rmica?<\/h4><i class=\"vc_toggle_icon\"><\/i><\/div><div class=\"vc_toggle_content\"><p class=\"p1 faq-content\"><span class=\"s1\"> Este procedimiento no invasivo act\u00faa exfoliando la capa superior de la piel para eliminar las c\u00e9lulas muertas, eliminar el vello facial fino y estimular el crecimiento de nuevas c\u00e9lulas, proporcion\u00e1ndole un aspecto m\u00e1s terso y joven.<\/span><\/p>\n<\/div><\/div><div  class=\"vc_do_toggle vc_toggle vc_toggle_text_only vc_toggle_color_default  vc_toggle_size_md vc_toggle_active  faq-text\"><div class=\"vc_toggle_title\"><h4>\u00bfQu\u00e9 zonas del cuerpo puede tratar?<\/h4><i class=\"vc_toggle_icon\"><\/i><\/div><div class=\"vc_toggle_content\"><p class=\"p1 faq-content\"><span class=\"s1\"> La nivelaci\u00f3n epid\u00e9rmica es adecuada para el tratamiento de la piel del rostro.<\/span><\/p>\n<\/div><\/div><div  class=\"vc_do_toggle vc_toggle vc_toggle_text_only vc_toggle_color_default  vc_toggle_size_md vc_toggle_active  faq-text\"><div class=\"vc_toggle_title\"><h4>\u00bfSoy un candidato adecuado para la Nivelaci\u00f3n Epid\u00e9rmica?<\/h4><i class=\"vc_toggle_icon\"><\/i><\/div><div class=\"vc_toggle_content\"><p class=\"p1 faq-content\"><span class=\"s1\"> La Nivelaci\u00f3n Epid\u00e9rmica es adecuada para la piel del rostro de hombres y mujeres, independientemente de su raza y tono de piel. Este tratamiento es adecuado para las mujeres embarazadas y las madres lactantes, ya que no se utilizan productos qu\u00edmicos. Las personas con acn\u00e9 de moderado a grave pueden considerar nuestro tratamiento del acn\u00e9 en lugar de la nivelaci\u00f3n epid\u00e9rmica, ya que este procedimiento elimina los pelos vellosos. La eliminaci\u00f3n de los pelos vellosos puede hacer que la grasa quede atrapada bajo la piel y empeorar los brotes de acn\u00e9.<\/span><\/p>\n<\/div><\/div><div  class=\"vc_do_toggle vc_toggle vc_toggle_text_only vc_toggle_color_default  vc_toggle_size_md vc_toggle_active  faq-text\"><div class=\"vc_toggle_title\"><h4>\u00bfC\u00f3mo se realiza la nivelaci\u00f3n epid\u00e9rmica?<\/h4><i class=\"vc_toggle_icon\"><\/i><\/div><div class=\"vc_toggle_content\"><p class=\"p2 faq-content\"><span class=\"s1\">Se utiliza un dispositivo desechable especializado de un solo uso para exfoliar las capas superiores de la piel mediante un m\u00e9todo de \"raspado controlado\". Este procedimiento lo realizan de forma segura nuestros esteticistas utilizando una cuchilla est\u00e9ril y mangos fabricados exclusivamente para el nivelado epid\u00e9rmico\/dermaplaning. El proceso debe realizarse en un \u00e1ngulo de 45 grados, lijando la capa superior de la piel, igual que el afeitado.<\/span><\/p>\n<\/div><\/div><div  class=\"vc_do_toggle vc_toggle vc_toggle_text_only vc_toggle_color_default  vc_toggle_size_md vc_toggle_active  faq-text\"><div class=\"vc_toggle_title\"><h4>\u00bfHay tiempo de inactividad o recuperaci\u00f3n?<\/h4><i class=\"vc_toggle_icon\"><\/i><\/div><div class=\"vc_toggle_content\"><p class=\"p1 faq-content\"><span class=\"s1\"> Aunque durante la recuperaci\u00f3n pueden aparecer rojeces, peque\u00f1as molestias o sensaci\u00f3n de quemaz\u00f3n. No hay tiempo de inactividad para este procedimiento. Puede volver inmediatamente a sus actividades normales despu\u00e9s del tratamiento.<\/span><\/p>\n<\/div><\/div><div  class=\"vc_do_toggle vc_toggle vc_toggle_text_only vc_toggle_color_default  vc_toggle_size_md vc_toggle_active  faq-text\"><div class=\"vc_toggle_title\"><h4>\u00bfQu\u00e9 resultados puedo esperar?<\/h4><i class=\"vc_toggle_icon\"><\/i><\/div><div class=\"vc_toggle_content\"><p class=\"p1 faq-content\"><span class=\"s1\">Su piel se sentir\u00e1 tersa y llena de energ\u00eda, y su tono se equilibrar\u00e1 uniformemente. Las arrugas y l\u00edneas de expresi\u00f3n ser\u00e1n mucho menos visibles. Las cicatrices del acn\u00e9 tambi\u00e9n pueden disminuir. Este procedimiento tambi\u00e9n puede deshacer los da\u00f1os cut\u00e1neos causados por la radiaci\u00f3n UV (ultravioleta).<\/span><\/p>\n<\/div><\/div><div  class=\"vc_do_toggle vc_toggle vc_toggle_text_only vc_toggle_color_default  vc_toggle_size_md vc_toggle_active  faq-text\"><div class=\"vc_toggle_title\"><h4>\u00bfCu\u00e1nto cuesta la Nivelaci\u00f3n epid\u00e9rmica?<\/h4><i class=\"vc_toggle_icon\"><\/i><\/div><div class=\"vc_toggle_content\"><p class=\"p1 faq-content\"><span class=\"s1\">Dado que cada persona es diferente, el coste de la Nivelaci\u00f3n Epid\u00e9rmica var\u00eda, pero normalmente es menor en comparaci\u00f3n con otros procedimientos similares. Si est\u00e1 interesado en que nuestros esteticistas le realicen este tratamiento, ll\u00e1menos al <a>281-589-1888<\/a> y programe una consulta gratuita hoy mismo.<\/span><\/p>\n<\/div><\/div><\/div><\/div><\/div><\/div>\n<\/div>","protected":false},"excerpt":{"rendered":"<p>Redefinici\u00f3n de la Nivelaci\u00f3n Epid\u00e9rmica La Nivelaci\u00f3n Epid\u00e9rmica, tambi\u00e9n conocida como Dermaplaning y Dermablading, es un tratamiento altamente especializado dise\u00f1ado precisamente para eliminar la capa superior de c\u00e9lulas muertas de la piel y el vello facial fino que se conoce com\u00fanmente como \"pelusa de melocot\u00f3n\". El Dermaplaning puede rejuvenecer r\u00e1pidamente la piel induciendo el crecimiento de nuevas c\u00e9lulas. Este proceso de exfoliaci\u00f3n proporciona a la piel...<\/p>","protected":false},"author":1,"featured_media":0,"parent":364,"menu_order":5,"comment_status":"closed","ping_status":"closed","template":"","meta":{"footnotes":""},"class_list":["post-3538","page","type-page","status-publish","hentry","description-off"],"_links":{"self":[{"href":"https:\/\/www.amyshouston.com\/es\/wp-json\/wp\/v2\/pages\/3538","targetHints":{"allow":["GET"]}}],"collection":[{"href":"https:\/\/www.amyshouston.com\/es\/wp-json\/wp\/v2\/pages"}],"about":[{"href":"https:\/\/www.amyshouston.com\/es\/wp-json\/wp\/v2\/types\/page"}],"author":[{"embeddable":true,"href":"https:\/\/www.amyshouston.com\/es\/wp-json\/wp\/v2\/users\/1"}],"replies":[{"embeddable":true,"href":"https:\/\/www.amyshouston.com\/es\/wp-json\/wp\/v2\/comments?post=3538"}],"version-history":[{"count":0,"href":"https:\/\/www.amyshouston.com\/es\/wp-json\/wp\/v2\/pages\/3538\/revisions"}],"up":[{"embeddable":true,"href":"https:\/\/www.amyshouston.com\/es\/wp-json\/wp\/v2\/pages\/364"}],"wp:attachment":[{"href":"https:\/\/www.amyshouston.com\/es\/wp-json\/wp\/v2\/media?parent=3538"}],"curies":[{"name":"wp","href":"https:\/\/api.w.org\/{rel}","templated":true}]}}